{"id":1312,"date":"2022-06-09T00:10:47","date_gmt":"2022-06-08T21:10:47","guid":{"rendered":"https:\/\/www.edigilit.eu\/edigilit\/?page_id=1312"},"modified":"2022-06-27T10:18:03","modified_gmt":"2022-06-27T07:18:03","slug":"multiplikatorski-dogadaj-turkey","status":"publish","type":"page","link":"https:\/\/www.edigilit.eu\/edigilit\/hr\/multiplikatorski-dogadaj-turkey\/","title":{"rendered":"Multiplikatorski doga\u0111aj- Turska"},"content":{"rendered":"\n<figure class=\"wp-block-image size-large\"><img loading=\"lazy\" decoding=\"async\" width=\"1024\" height=\"819\" src=\"https:\/\/www.edigilit.eu\/edigilit\/wp-content\/uploads\/2022\/06\/ED\u0130G\u0130L\u0130T-2-1024x819-1.png\" alt=\"\" class=\"wp-image-1491\" srcset=\"https:\/\/www.edigilit.eu\/edigilit\/wp-content\/uploads\/2022\/06\/ED\u0130G\u0130L\u0130T-2-1024x819-1.png 1024w, https:\/\/www.edigilit.eu\/edigilit\/wp-content\/uploads\/2022\/06\/ED\u0130G\u0130L\u0130T-2-1024x819-1-300x240.png 300w, https:\/\/www.edigilit.eu\/edigilit\/wp-content\/uploads\/2022\/06\/ED\u0130G\u0130L\u0130T-2-1024x819-1-768x614.png 768w\" sizes=\"auto, (max-width: 1024px) 100vw, 1024px\" \/><\/figure>\n\n\n\n<p> E-DigiLit doga\u0111aj sa multipliciraju\u0107im u\u010dinkom Turska pod nazivom \u201cKonferencija o digitalnoj pismenosti\u201d odr\u017eana je 13.05.2022, na Dokuz Eyl\u00fcl University Buca Education Faculty. Glavni govornik izv. prof. dr. F\u0131rat SARSAR predstavio je temu \u201cNew Normal, New Literacy: Media Literacy and Digital Literacy\u201d. Projektni je tim podijelio informacije o digitalnoj pismenosti, intelektualnim rezultatima E-DigiLit projekta, LMS-u, alatima za gamificiranje i rezultatima pilot studija. Konferenciji je u\u017eivo prisustvovalo 236 sudionika. Prisustvovali su i online sudionici putem prijenosa u\u017eivo na dru\u0161tvenim mre\u017eama.<\/p>\n","protected":false},"excerpt":{"rendered":"<p>E-DigiLit doga\u0111aj sa multipliciraju\u0107im u\u010dinkom Turska pod nazivom \u201cKonferencija o digitalnoj pismenosti\u201d odr\u017eana je 13.05.2022, na Dokuz Eyl\u00fcl University Buca&hellip;<\/p>\n","protected":false},"author":1,"featured_media":0,"parent":0,"menu_order":0,"comment_status":"closed","ping_status":"closed","template":"","meta":{"_coblocks_attr":"","_coblocks_dimensions":"","_coblocks_responsive_height":"","_coblocks_accordion_ie_support":"","footnotes":""},"class_list":["post-1312","page","type-page","status-publish","hentry"],"_links":{"self":[{"href":"https:\/\/www.edigilit.eu\/edigilit\/wp-json\/wp\/v2\/pages\/1312","targetHints":{"allow":["GET"]}}],"collection":[{"href":"https:\/\/www.edigilit.eu\/edigilit\/wp-json\/wp\/v2\/pages"}],"about":[{"href":"https:\/\/www.edigilit.eu\/edigilit\/wp-json\/wp\/v2\/types\/page"}],"author":[{"embeddable":true,"href":"https:\/\/www.edigilit.eu\/edigilit\/wp-json\/wp\/v2\/users\/1"}],"replies":[{"embeddable":true,"href":"https:\/\/www.edigilit.eu\/edigilit\/wp-json\/wp\/v2\/comments?post=1312"}],"version-history":[{"count":3,"href":"https:\/\/www.edigilit.eu\/edigilit\/wp-json\/wp\/v2\/pages\/1312\/revisions"}],"predecessor-version":[{"id":1493,"href":"https:\/\/www.edigilit.eu\/edigilit\/wp-json\/wp\/v2\/pages\/1312\/revisions\/1493"}],"wp:attachment":[{"href":"https:\/\/www.edigilit.eu\/edigilit\/wp-json\/wp\/v2\/media?parent=1312"}],"curies":[{"name":"wp","href":"https:\/\/api.w.org\/{rel}","templated":true}]}}