{"id":1314,"date":"2022-06-09T00:11:50","date_gmt":"2022-06-08T21:11:50","guid":{"rendered":"https:\/\/www.edigilit.eu\/edigilit\/?page_id=1314"},"modified":"2022-10-05T01:14:39","modified_gmt":"2022-10-04T22:14:39","slug":"cogaltici-etkinlik-ispanya","status":"publish","type":"page","link":"https:\/\/www.edigilit.eu\/edigilit\/cogaltici-etkinlik-ispanya\/","title":{"rendered":"\u00c7o\u011falt\u0131c\u0131 Etkinlik- \u0130spanya"},"content":{"rendered":"\n<p>\u0130spanyolca konu\u015fan bir \u00fclke olarak sahip olunan ba\u011flant\u0131 sayesinde, Alfamed a\u011f\u0131n\u0131 kullanarak Latin Amerika \u00e7o\u011falt\u0131\u011f\u0131 etkinli\u011fi ba\u015flam\u0131\u015ft\u0131r. Bu a\u011f, hem Avrupa hem de Latin Amerika&#8217;daki ara\u015ft\u0131rmac\u0131lar\u0131 ve kurumlar\u0131 birbirine ba\u011flamak i\u00e7in \u0130spanyolca konu\u015fan bir eyaletler grubu olarak hizmet etmektedir. Bu, projemizin etkisini yaln\u0131zca Avrupa etki alan\u0131na de\u011fil, ayn\u0131 zamanda bir Amerikan \u00e7er\u00e7evesine de \u00e7o\u011faltmay\u0131 ve geni\u015fletmeyi ba\u015fard\u0131. Etkinli\u011fe kat\u0131lan a\u011f \u00fclkeleri \u015funlard\u0131 (kat\u0131l\u0131mc\u0131 say\u0131lar\u0131): Arjantin (2), Brezilya (3), Kolombiya (3), Kosta Rika (2), El Salvador (2), Ekvador (12), Meksika (1), Paraguay (1), Peru (7), Venezuela (1) ve \u0130spanya (51).<\/p>\n\n\n\n<figure class=\"wp-block-image\"><img decoding=\"async\" src=\"https:\/\/www.edigilit.eu\/edigilit\/wp-content\/uploads\/2022\/09\/foto-collage-1024x560.jpg\" alt=\"This image has an empty alt attribute; its file name is foto-collage-1024x560.jpg\"\/><\/figure>\n","protected":false},"excerpt":{"rendered":"<p>\u0130spanyolca konu\u015fan bir \u00fclke olarak sahip olunan ba\u011flant\u0131 sayesinde, Alfamed a\u011f\u0131n\u0131 kullanarak Latin Amerika \u00e7o\u011falt\u0131\u011f\u0131 etkinli\u011fi ba\u015flam\u0131\u015ft\u0131r. Bu a\u011f, hem&hellip;<\/p>\n","protected":false},"author":1,"featured_media":0,"parent":0,"menu_order":0,"comment_status":"closed","ping_status":"closed","template":"","meta":{"_coblocks_attr":"","_coblocks_dimensions":"","_coblocks_responsive_height":"","_coblocks_accordion_ie_support":"","footnotes":""},"class_list":["post-1314","page","type-page","status-publish","hentry"],"_links":{"self":[{"href":"https:\/\/www.edigilit.eu\/edigilit\/wp-json\/wp\/v2\/pages\/1314","targetHints":{"allow":["GET"]}}],"collection":[{"href":"https:\/\/www.edigilit.eu\/edigilit\/wp-json\/wp\/v2\/pages"}],"about":[{"href":"https:\/\/www.edigilit.eu\/edigilit\/wp-json\/wp\/v2\/types\/page"}],"author":[{"embeddable":true,"href":"https:\/\/www.edigilit.eu\/edigilit\/wp-json\/wp\/v2\/users\/1"}],"replies":[{"embeddable":true,"href":"https:\/\/www.edigilit.eu\/edigilit\/wp-json\/wp\/v2\/comments?post=1314"}],"version-history":[{"count":3,"href":"https:\/\/www.edigilit.eu\/edigilit\/wp-json\/wp\/v2\/pages\/1314\/revisions"}],"predecessor-version":[{"id":1692,"href":"https:\/\/www.edigilit.eu\/edigilit\/wp-json\/wp\/v2\/pages\/1314\/revisions\/1692"}],"wp:attachment":[{"href":"https:\/\/www.edigilit.eu\/edigilit\/wp-json\/wp\/v2\/media?parent=1314"}],"curies":[{"name":"wp","href":"https:\/\/api.w.org\/{rel}","templated":true}]}}