{"id":1354,"date":"2022-06-09T11:34:56","date_gmt":"2022-06-09T08:34:56","guid":{"rendered":"https:\/\/www.edigilit.eu\/edigilit\/?page_id=1354"},"modified":"2022-06-09T15:23:07","modified_gmt":"2022-06-09T12:23:07","slug":"lesson-plans","status":"publish","type":"page","link":"https:\/\/www.edigilit.eu\/edigilit\/lesson-plans\/","title":{"rendered":"\u00d6\u011frenme Materyalleri"},"content":{"rendered":"\n<div class=\"wp-block-image\"><figure class=\"aligncenter size-large\"><img loading=\"lazy\" decoding=\"async\" width=\"707\" height=\"390\" src=\"https:\/\/www.edigilit.eu\/edigilit\/wp-content\/uploads\/2022\/06\/11.jpg\" alt=\"\" class=\"wp-image-1253\" srcset=\"https:\/\/www.edigilit.eu\/edigilit\/wp-content\/uploads\/2022\/06\/11.jpg 707w, https:\/\/www.edigilit.eu\/edigilit\/wp-content\/uploads\/2022\/06\/11-300x165.jpg 300w\" sizes=\"auto, (max-width: 707px) 100vw, 707px\" \/><\/figure><\/div>\n\n\n\n<p> <\/p>\n\n\n\n<p class=\"has-text-align-center\">E-DigiLit Projesi kapsam\u0131nda geli\u015ftirilen t\u00fcm e\u011fitim i\u00e7erikleri <a rel=\"noreferrer noopener\" href=\"http:\/\/lms.edigilit.eu\/\" target=\"_blank\">lms.edigilit.eu<\/a> adresinde sunulmu\u015ftur. <\/p>\n\n\n\n<p class=\"has-text-align-center\"><strong>E\u011fitim \u0130\u00e7eriklerinden \u00f6rnekler<\/strong><\/p>\n\n\n\n<p class=\"has-text-align-center\">\u00dcnite tan\u0131t\u0131m videolar\u0131<\/p>\n\n\n\n<figure class=\"wp-block-image\"><img loading=\"lazy\" decoding=\"async\" width=\"1024\" height=\"539\" src=\"https:\/\/www.edigilit.eu\/edigilit\/wp-content\/uploads\/2022\/06\/image-1-1024x539.png\" alt=\"\" class=\"wp-image-1372\" srcset=\"https:\/\/www.edigilit.eu\/edigilit\/wp-content\/uploads\/2022\/06\/image-1-1024x539.png 1024w, https:\/\/www.edigilit.eu\/edigilit\/wp-content\/uploads\/2022\/06\/image-1-300x158.png 300w, https:\/\/www.edigilit.eu\/edigilit\/wp-content\/uploads\/2022\/06\/image-1-768x404.png 768w, https:\/\/www.edigilit.eu\/edigilit\/wp-content\/uploads\/2022\/06\/image-1.png 1298w\" sizes=\"auto, (max-width: 1024px) 100vw, 1024px\" \/><\/figure>\n\n\n\n<figure class=\"wp-block-image\"><img loading=\"lazy\" decoding=\"async\" width=\"1024\" height=\"575\" src=\"https:\/\/www.edigilit.eu\/edigilit\/wp-content\/uploads\/2022\/06\/image-1024x575.png\" alt=\"\" class=\"wp-image-1371\" srcset=\"https:\/\/www.edigilit.eu\/edigilit\/wp-content\/uploads\/2022\/06\/image-1024x575.png 1024w, https:\/\/www.edigilit.eu\/edigilit\/wp-content\/uploads\/2022\/06\/image-300x169.png 300w, https:\/\/www.edigilit.eu\/edigilit\/wp-content\/uploads\/2022\/06\/image-768x431.png 768w, https:\/\/www.edigilit.eu\/edigilit\/wp-content\/uploads\/2022\/06\/image.png 1296w\" sizes=\"auto, (max-width: 1024px) 100vw, 1024px\" \/><\/figure>\n\n\n\n<p class=\"has-text-align-center\">Ders Videolar\u0131<\/p>\n\n\n\n<figure class=\"wp-block-image\"><img loading=\"lazy\" decoding=\"async\" width=\"1024\" height=\"576\" src=\"https:\/\/www.edigilit.eu\/edigilit\/wp-content\/uploads\/2022\/06\/image-3-1024x576.png\" alt=\"\" class=\"wp-image-1374\" srcset=\"https:\/\/www.edigilit.eu\/edigilit\/wp-content\/uploads\/2022\/06\/image-3-1024x576.png 1024w, https:\/\/www.edigilit.eu\/edigilit\/wp-content\/uploads\/2022\/06\/image-3-300x169.png 300w, https:\/\/www.edigilit.eu\/edigilit\/wp-content\/uploads\/2022\/06\/image-3-768x432.png 768w, https:\/\/www.edigilit.eu\/edigilit\/wp-content\/uploads\/2022\/06\/image-3.png 1305w\" sizes=\"auto, (max-width: 1024px) 100vw, 1024px\" \/><\/figure>\n\n\n\n<p class=\"has-text-align-center\">Sunular<\/p>\n\n\n\n<div class=\"wp-block-image\"><figure class=\"aligncenter\"><img decoding=\"async\" src=\"https:\/\/lh3.googleusercontent.com\/1-c5KTl6xejmfnl_Gl0bHvZBRkZSoK8iu-zCDN3lCfWrxgi4ueK9M2Xsrrh-5CGDOjrMHkkcE3GrgwGfv3heZaLNnLsf-F0XJ5L8dZabV14TF510DWa6GC_XUljN8am9Zg2GnrxUCFLIFvFBjg\" alt=\"\"\/><\/figure><\/div>\n\n\n\n<p class=\"has-text-align-center\">Ders Planlar\u0131<\/p>\n\n\n\n<div class=\"wp-block-image\"><figure class=\"aligncenter\"><img decoding=\"async\" src=\"https:\/\/lh6.googleusercontent.com\/UiqmbWjPoxU4bGBPJxgxZEDEZo7srs-IA_6QZmAVEWvJhewtZRsNLpAHEJgyrdfddIy41IKvWs_1qjlfxsgmCOAMqszJViP_Cz6kpAR0UC69A5inTfw0Bb2j_N-goWm-iBhICJ4TH_ZcloYbwQ\" alt=\"\"\/><\/figure><\/div>\n\n\n\n<p class=\"has-text-align-center\">\u00d6YS \u00fczerinde payla\u015f\u0131lan \u00fcniteler<\/p>\n\n\n\n<figure class=\"wp-block-image\"><img decoding=\"async\" src=\"https:\/\/lh5.googleusercontent.com\/FRD4J-eLr9gQDJSrKzvKfzuHW6oJqzBlMJVdIRJmSr_zM-T6AsEp2CCMrfJiorQNcmjGKewtoL7hMmOyKYedW2SxKdMoGsfdJ8TbdGOIYyMQD0hlrH939ZWppRKIndOE_KxRVm5Q3ILgXLYDJQ\" alt=\"\"\/><\/figure>\n\n\n\n<p class=\"has-text-align-center\">E\u011fitmen Rehberi<\/p>\n\n\n\n<div class=\"wp-block-image\"><figure class=\"aligncenter\"><img loading=\"lazy\" decoding=\"async\" width=\"385\" height=\"390\" src=\"https:\/\/www.edigilit.eu\/edigilit\/wp-content\/uploads\/2022\/06\/image-2.png\" alt=\"\" class=\"wp-image-1373\" srcset=\"https:\/\/www.edigilit.eu\/edigilit\/wp-content\/uploads\/2022\/06\/image-2.png 385w, https:\/\/www.edigilit.eu\/edigilit\/wp-content\/uploads\/2022\/06\/image-2-296x300.png 296w\" sizes=\"auto, (max-width: 385px) 100vw, 385px\" \/><\/figure><\/div>\n\n\n\n<p><a href=\"https:\/\/www.edigilit.eu\/edigilit\/wp-admin\/post.php?post=1356&amp;action=edit\">Edit<\/a><\/p>\n","protected":false},"excerpt":{"rendered":"<p>E-DigiLit Projesi kapsam\u0131nda geli\u015ftirilen t\u00fcm e\u011fitim i\u00e7erikleri lms.edigilit.eu adresinde sunulmu\u015ftur. E\u011fitim \u0130\u00e7eriklerinden \u00f6rnekler \u00dcnite tan\u0131t\u0131m videolar\u0131 Ders Videolar\u0131 Sunular Ders&hellip;<\/p>\n","protected":false},"author":1,"featured_media":0,"parent":0,"menu_order":0,"comment_status":"closed","ping_status":"closed","template":"","meta":{"_coblocks_attr":"","_coblocks_dimensions":"","_coblocks_responsive_height":"","_coblocks_accordion_ie_support":"","footnotes":""},"class_list":["post-1354","page","type-page","status-publish","hentry"],"_links":{"self":[{"href":"https:\/\/www.edigilit.eu\/edigilit\/wp-json\/wp\/v2\/pages\/1354","targetHints":{"allow":["GET"]}}],"collection":[{"href":"https:\/\/www.edigilit.eu\/edigilit\/wp-json\/wp\/v2\/pages"}],"about":[{"href":"https:\/\/www.edigilit.eu\/edigilit\/wp-json\/wp\/v2\/types\/page"}],"author":[{"embeddable":true,"href":"https:\/\/www.edigilit.eu\/edigilit\/wp-json\/wp\/v2\/users\/1"}],"replies":[{"embeddable":true,"href":"https:\/\/www.edigilit.eu\/edigilit\/wp-json\/wp\/v2\/comments?post=1354"}],"version-history":[{"count":3,"href":"https:\/\/www.edigilit.eu\/edigilit\/wp-json\/wp\/v2\/pages\/1354\/revisions"}],"predecessor-version":[{"id":1379,"href":"https:\/\/www.edigilit.eu\/edigilit\/wp-json\/wp\/v2\/pages\/1354\/revisions\/1379"}],"wp:attachment":[{"href":"https:\/\/www.edigilit.eu\/edigilit\/wp-json\/wp\/v2\/media?parent=1354"}],"curies":[{"name":"wp","href":"https:\/\/api.w.org\/{rel}","templated":true}]}}