{"id":1390,"date":"2022-06-09T15:27:05","date_gmt":"2022-06-09T12:27:05","guid":{"rendered":"https:\/\/www.edigilit.eu\/edigilit\/?page_id=1390"},"modified":"2022-08-24T01:36:21","modified_gmt":"2022-08-23T22:36:21","slug":"guidebook-for-instructors","status":"publish","type":"page","link":"https:\/\/www.edigilit.eu\/edigilit\/guidebook-for-instructors\/","title":{"rendered":"E\u011fitmenler i\u00e7in \u00e7evrimi\u00e7i rehber"},"content":{"rendered":"<a href=\"https:\/\/www.edigilit.eu\/edigilit\/wp-content\/uploads\/2022\/08\/E-DigiLit_Rehber-Kitap-.pdf\" class=\"pdfemb-viewer\" style=\"\" data-width=\"max\" data-height=\"max\" data-toolbar=\"bottom\" data-toolbar-fixed=\"off\">E-DigiLit_Rehber-Kitap-<\/a>\n<p class=\"wp-block-pdfemb-pdf-embedder-viewer\"><\/p>\n\n\n\n<p>Rehber kitab\u0131 indirmek i\u00e7in <a href=\"https:\/\/www.edigilit.eu\/edigilit\/wp-content\/uploads\/2022\/08\/E-DigiLit_Rehber-Kitap-.pdf\">t\u0131klay\u0131n\u0131z.<\/a><\/p>\n","protected":false},"excerpt":{"rendered":"<p>Rehber kitab\u0131 indirmek i\u00e7in t\u0131klay\u0131n\u0131z.<\/p>\n","protected":false},"author":1,"featured_media":0,"parent":0,"menu_order":0,"comment_status":"closed","ping_status":"closed","template":"","meta":{"_coblocks_attr":"","_coblocks_dimensions":"","_coblocks_responsive_height":"","_coblocks_accordion_ie_support":"","footnotes":""},"class_list":["post-1390","page","type-page","status-publish","hentry"],"_links":{"self":[{"href":"https:\/\/www.edigilit.eu\/edigilit\/wp-json\/wp\/v2\/pages\/1390","targetHints":{"allow":["GET"]}}],"collection":[{"href":"https:\/\/www.edigilit.eu\/edigilit\/wp-json\/wp\/v2\/pages"}],"about":[{"href":"https:\/\/www.edigilit.eu\/edigilit\/wp-json\/wp\/v2\/types\/page"}],"author":[{"embeddable":true,"href":"https:\/\/www.edigilit.eu\/edigilit\/wp-json\/wp\/v2\/users\/1"}],"replies":[{"embeddable":true,"href":"https:\/\/www.edigilit.eu\/edigilit\/wp-json\/wp\/v2\/comments?post=1390"}],"version-history":[{"count":3,"href":"https:\/\/www.edigilit.eu\/edigilit\/wp-json\/wp\/v2\/pages\/1390\/revisions"}],"predecessor-version":[{"id":1533,"href":"https:\/\/www.edigilit.eu\/edigilit\/wp-json\/wp\/v2\/pages\/1390\/revisions\/1533"}],"wp:attachment":[{"href":"https:\/\/www.edigilit.eu\/edigilit\/wp-json\/wp\/v2\/media?parent=1390"}],"curies":[{"name":"wp","href":"https:\/\/api.w.org\/{rel}","templated":true}]}}