{"id":1401,"date":"2022-06-09T15:30:04","date_gmt":"2022-06-09T12:30:04","guid":{"rendered":"https:\/\/www.edigilit.eu\/edigilit\/?page_id=1401"},"modified":"2022-08-24T01:51:45","modified_gmt":"2022-08-23T22:51:45","slug":"ihtiyac-analizi","status":"publish","type":"page","link":"https:\/\/www.edigilit.eu\/edigilit\/ihtiyac-analizi\/","title":{"rendered":"\u0130htiya\u00e7 Analizi"},"content":{"rendered":"<a href=\"https:\/\/www.edigilit.eu\/edigilit\/wp-content\/uploads\/2022\/08\/E-DigiLit-\u0130htiyac-analizi.pdf\" class=\"pdfemb-viewer\" style=\"\" data-width=\"max\" data-height=\"max\" data-toolbar=\"bottom\" data-toolbar-fixed=\"off\">E-DigiLit-\u0130htiyac-analizi<\/a>\n<p class=\"wp-block-pdfemb-pdf-embedder-viewer\"><\/p>\n\n\n\n<p>\u0130htiya\u00e7 analizi raporunu indirmek i\u00e7in <a href=\"https:\/\/www.edigilit.eu\/edigilit\/wp-content\/uploads\/2022\/08\/E-DigiLit-\u0130htiyac-analizi.pdf\">t\u0131klay\u0131n\u0131z.<\/a><\/p>\n","protected":false},"excerpt":{"rendered":"<p>\u0130htiya\u00e7 analizi raporunu indirmek i\u00e7in t\u0131klay\u0131n\u0131z.<\/p>\n","protected":false},"author":1,"featured_media":0,"parent":0,"menu_order":0,"comment_status":"closed","ping_status":"closed","template":"","meta":{"_coblocks_attr":"","_coblocks_dimensions":"","_coblocks_responsive_height":"","_coblocks_accordion_ie_support":"","footnotes":""},"class_list":["post-1401","page","type-page","status-publish","hentry"],"_links":{"self":[{"href":"https:\/\/www.edigilit.eu\/edigilit\/wp-json\/wp\/v2\/pages\/1401","targetHints":{"allow":["GET"]}}],"collection":[{"href":"https:\/\/www.edigilit.eu\/edigilit\/wp-json\/wp\/v2\/pages"}],"about":[{"href":"https:\/\/www.edigilit.eu\/edigilit\/wp-json\/wp\/v2\/types\/page"}],"author":[{"embeddable":true,"href":"https:\/\/www.edigilit.eu\/edigilit\/wp-json\/wp\/v2\/users\/1"}],"replies":[{"embeddable":true,"href":"https:\/\/www.edigilit.eu\/edigilit\/wp-json\/wp\/v2\/comments?post=1401"}],"version-history":[{"count":2,"href":"https:\/\/www.edigilit.eu\/edigilit\/wp-json\/wp\/v2\/pages\/1401\/revisions"}],"predecessor-version":[{"id":1531,"href":"https:\/\/www.edigilit.eu\/edigilit\/wp-json\/wp\/v2\/pages\/1401\/revisions\/1531"}],"wp:attachment":[{"href":"https:\/\/www.edigilit.eu\/edigilit\/wp-json\/wp\/v2\/media?parent=1401"}],"curies":[{"name":"wp","href":"https:\/\/api.w.org\/{rel}","templated":true}]}}