{"id":1406,"date":"2022-06-09T15:32:14","date_gmt":"2022-06-09T12:32:14","guid":{"rendered":"https:\/\/www.edigilit.eu\/edigilit\/?page_id=1406"},"modified":"2022-09-05T15:58:55","modified_gmt":"2022-09-05T12:58:55","slug":"ogretim-programi","status":"publish","type":"page","link":"https:\/\/www.edigilit.eu\/edigilit\/ogretim-programi\/","title":{"rendered":"Dijital Okuryazarl\u0131k \u00d6\u011fretim Program\u0131"},"content":{"rendered":"<a href=\"https:\/\/www.edigilit.eu\/edigilit\/wp-content\/uploads\/2022\/09\/final_-E-DigiLit_curriculum-05_09_2022_turkish.pdf\" class=\"pdfemb-viewer\" style=\"\" data-width=\"max\" data-height=\"max\" data-toolbar=\"bottom\" data-toolbar-fixed=\"off\">final_-E-DigiLit_curriculum-05_09_2022_turkish<\/a>\n<p class=\"wp-block-pdfemb-pdf-embedder-viewer\"><\/p>\n\n\n\n<p>\u00d6\u011fretim program\u0131n\u0131 indirmek i\u00e7in <a href=\"https:\/\/www.edigilit.eu\/edigilit\/wp-content\/uploads\/2022\/09\/final_-E-DigiLit_curriculum-05_09_2022_turkish.pdf\">t\u0131klay\u0131n\u0131z.<\/a><\/p>\n","protected":false},"excerpt":{"rendered":"<p>\u00d6\u011fretim program\u0131n\u0131 indirmek i\u00e7in t\u0131klay\u0131n\u0131z.<\/p>\n","protected":false},"author":1,"featured_media":0,"parent":0,"menu_order":0,"comment_status":"closed","ping_status":"closed","template":"","meta":{"_coblocks_attr":"","_coblocks_dimensions":"","_coblocks_responsive_height":"","_coblocks_accordion_ie_support":"","footnotes":""},"class_list":["post-1406","page","type-page","status-publish","hentry"],"_links":{"self":[{"href":"https:\/\/www.edigilit.eu\/edigilit\/wp-json\/wp\/v2\/pages\/1406","targetHints":{"allow":["GET"]}}],"collection":[{"href":"https:\/\/www.edigilit.eu\/edigilit\/wp-json\/wp\/v2\/pages"}],"about":[{"href":"https:\/\/www.edigilit.eu\/edigilit\/wp-json\/wp\/v2\/types\/page"}],"author":[{"embeddable":true,"href":"https:\/\/www.edigilit.eu\/edigilit\/wp-json\/wp\/v2\/users\/1"}],"replies":[{"embeddable":true,"href":"https:\/\/www.edigilit.eu\/edigilit\/wp-json\/wp\/v2\/comments?post=1406"}],"version-history":[{"count":4,"href":"https:\/\/www.edigilit.eu\/edigilit\/wp-json\/wp\/v2\/pages\/1406\/revisions"}],"predecessor-version":[{"id":1597,"href":"https:\/\/www.edigilit.eu\/edigilit\/wp-json\/wp\/v2\/pages\/1406\/revisions\/1597"}],"wp:attachment":[{"href":"https:\/\/www.edigilit.eu\/edigilit\/wp-json\/wp\/v2\/media?parent=1406"}],"curies":[{"name":"wp","href":"https:\/\/api.w.org\/{rel}","templated":true}]}}