{"id":1674,"date":"2022-09-25T22:46:20","date_gmt":"2022-09-25T19:46:20","guid":{"rendered":"https:\/\/www.edigilit.eu\/edigilit\/?page_id=1674"},"modified":"2022-10-05T01:01:28","modified_gmt":"2022-10-04T22:01:28","slug":"dijital-okuryazarlik-kitabi","status":"publish","type":"page","link":"https:\/\/www.edigilit.eu\/edigilit\/dijital-okuryazarlik-kitabi\/","title":{"rendered":"Dijital Okuryazarl\u0131k Kitab\u0131"},"content":{"rendered":"<a href=\"https:\/\/www.edigilit.eu\/edigilit\/wp-content\/uploads\/2022\/10\/dijitalokuryazarl\u0131kkitab\u0131_ekim.pdf\" class=\"pdfemb-viewer\" style=\"\" data-width=\"max\" data-height=\"max\" data-toolbar=\"bottom\" data-toolbar-fixed=\"off\">dijitalokuryazarl\u0131kkitab\u0131_ekim<\/a>\n<p class=\"wp-block-pdfemb-pdf-embedder-viewer\"><\/p>\n\n\n\n<p>Dosyay\u0131 indirmek i\u00e7in <a href=\"https:\/\/www.edigilit.eu\/edigilit\/wp-content\/uploads\/2022\/10\/dijitalokuryazarl\u0131kkitab\u0131_ekim.pdf\">t\u0131klay\u0131n\u0131z.<\/a><\/p>\n","protected":false},"excerpt":{"rendered":"<p>Dosyay\u0131 indirmek i\u00e7in t\u0131klay\u0131n\u0131z.<\/p>\n","protected":false},"author":1,"featured_media":0,"parent":0,"menu_order":0,"comment_status":"closed","ping_status":"closed","template":"","meta":{"_coblocks_attr":"","_coblocks_dimensions":"","_coblocks_responsive_height":"","_coblocks_accordion_ie_support":"","footnotes":""},"class_list":["post-1674","page","type-page","status-publish","hentry"],"_links":{"self":[{"href":"https:\/\/www.edigilit.eu\/edigilit\/wp-json\/wp\/v2\/pages\/1674","targetHints":{"allow":["GET"]}}],"collection":[{"href":"https:\/\/www.edigilit.eu\/edigilit\/wp-json\/wp\/v2\/pages"}],"about":[{"href":"https:\/\/www.edigilit.eu\/edigilit\/wp-json\/wp\/v2\/types\/page"}],"author":[{"embeddable":true,"href":"https:\/\/www.edigilit.eu\/edigilit\/wp-json\/wp\/v2\/users\/1"}],"replies":[{"embeddable":true,"href":"https:\/\/www.edigilit.eu\/edigilit\/wp-json\/wp\/v2\/comments?post=1674"}],"version-history":[{"count":4,"href":"https:\/\/www.edigilit.eu\/edigilit\/wp-json\/wp\/v2\/pages\/1674\/revisions"}],"predecessor-version":[{"id":1686,"href":"https:\/\/www.edigilit.eu\/edigilit\/wp-json\/wp\/v2\/pages\/1674\/revisions\/1686"}],"wp:attachment":[{"href":"https:\/\/www.edigilit.eu\/edigilit\/wp-json\/wp\/v2\/media?parent=1674"}],"curies":[{"name":"wp","href":"https:\/\/api.w.org\/{rel}","templated":true}]}}