{"id":351,"date":"2020-01-14T16:01:54","date_gmt":"2020-01-14T13:01:54","guid":{"rendered":"http:\/\/edigilit.org\/?page_id=351"},"modified":"2020-05-06T17:57:52","modified_gmt":"2020-05-06T14:57:52","slug":"home-page-es","status":"publish","type":"page","link":"https:\/\/www.edigilit.eu\/edigilit\/es\/home-page-es\/","title":{"rendered":"P\u00e1gina principal"},"content":{"rendered":"\n\n\n\n<p><!--StartFragment--><\/p>\n\n\n<h3 class=\"wp-block-heading\">Sobre el proyecto<\/h3>\n\n\n\n<div class=\"wp-block-coblocks-row coblocks-row-77123959945\" data-columns=\"2\" data-layout=\"66-33\"><div class=\"wp-block-coblocks-row__inner has-medium-gutter has-no-padding has-no-margin is-stacked-on-mobile\">\n<div class=\"wp-block-coblocks-column coblocks-column-771240515\" style=\"width:66%\"><div class=\"wp-block-coblocks-column__inner has-no-padding has-no-margin\">\n<p>Proyecto Erasmus+ KA203 Enhancing Digital Literacy of University Students (E-DigiLit) <\/p>\n\n\n\n<p><\/p>\n\n\n\n<p>DESCRIPCI\u00d3N DEL PROYECTO:<br>El proyecto E-DigiLit est\u00e1 dise\u00f1ado para satisfacer las necesidades de los estudiantes universitarios, mejorando su capacidad de &#8220;sobrevivir&#8221; en la era digital. Tambi\u00e9n para mejorar las habilidades de alfabetizaci\u00f3n digital de los estudiantes universitarios.<\/p>\n\n\n\n<p>OBJETIVOS<br>\nMejorar las habilidades de alfabetizaci\u00f3n digital de los estudiantes universitarios.<br>\ndesarrollar un ambiente de aprendizaje para las habilidades de alfabetizaci\u00f3n digital.<br>\nContribuir al desarrollo de capacidades de las universidades en alfabetizaci\u00f3n digital a trav\u00e9s de la capacitaci\u00f3n del personal docente.<br>\nFacilitar el acceso a fuentes relacionadas con la alfabetizaci\u00f3n digital mediante el intercambio de resultados en el sitio web del proyecto.<\/p>\n\n\n\n<p>METODOLOG\u00cdA<\/p>\n\n\n\n<p>Se utilizar\u00e1n m\u00e9todos cualitativos \/ cuantitativos y t\u00e9cnicas de comunicaci\u00f3n \/ gesti\u00f3n para las actividades planificadas en este proyecto. Despu\u00e9s de las fases de contenido y desarrollo de los resultados intelectuales, la fase piloto se realizar\u00e1 mediante el uso de m\u00e9todos experimentales y t\u00e9cnicas de aprendizaje electr\u00f3nico para descubrir las deficiencias y el nivel de eficiencia de los resultados intelectuales.<\/p>\n<\/div><\/div>\n\n\n\n<div class=\"wp-block-coblocks-column coblocks-column-771240519\" style=\"width:33%\"><div class=\"wp-block-coblocks-column__inner has-no-padding has-no-margin\"><\/div><\/div>\n<\/div><\/div>\n\n\n<p><!--EndFragment--><\/p>","protected":false},"excerpt":{"rendered":"<p>Sobre el proyecto<\/p>\n","protected":false},"author":1,"featured_media":0,"parent":0,"menu_order":0,"comment_status":"closed","ping_status":"closed","template":"","meta":{"_coblocks_attr":"","_coblocks_dimensions":"","_coblocks_responsive_height":"","_coblocks_accordion_ie_support":"","footnotes":""},"class_list":["post-351","page","type-page","status-publish","hentry"],"_links":{"self":[{"href":"https:\/\/www.edigilit.eu\/edigilit\/wp-json\/wp\/v2\/pages\/351","targetHints":{"allow":["GET"]}}],"collection":[{"href":"https:\/\/www.edigilit.eu\/edigilit\/wp-json\/wp\/v2\/pages"}],"about":[{"href":"https:\/\/www.edigilit.eu\/edigilit\/wp-json\/wp\/v2\/types\/page"}],"author":[{"embeddable":true,"href":"https:\/\/www.edigilit.eu\/edigilit\/wp-json\/wp\/v2\/users\/1"}],"replies":[{"embeddable":true,"href":"https:\/\/www.edigilit.eu\/edigilit\/wp-json\/wp\/v2\/comments?post=351"}],"version-history":[{"count":10,"href":"https:\/\/www.edigilit.eu\/edigilit\/wp-json\/wp\/v2\/pages\/351\/revisions"}],"predecessor-version":[{"id":566,"href":"https:\/\/www.edigilit.eu\/edigilit\/wp-json\/wp\/v2\/pages\/351\/revisions\/566"}],"wp:attachment":[{"href":"https:\/\/www.edigilit.eu\/edigilit\/wp-json\/wp\/v2\/media?parent=351"}],"curies":[{"name":"wp","href":"https:\/\/api.w.org\/{rel}","templated":true}]}}