{"id":391,"date":"2020-01-14T23:27:15","date_gmt":"2020-01-14T20:27:15","guid":{"rendered":"http:\/\/edigilit.org\/?page_id=391"},"modified":"2022-08-24T00:34:06","modified_gmt":"2022-08-23T21:34:06","slug":"transnational-meeting-en","status":"publish","type":"page","link":"https:\/\/www.edigilit.eu\/edigilit\/en\/transnational-meeting-en\/","title":{"rendered":"Transnational Meetings"},"content":{"rendered":"\n<p style=\"font-size:26px;line-height:2.1;font-weight:normal;text-transform:uppercase\" class=\"has-text-align-center has-custom-weight has-custom-transform has-custom-lineheight\"><strong> <\/strong><\/p>\n\n\n\n<p class=\"has-text-align-center\"> <strong>27.06.2022-28.06.2022<\/strong> <\/p>\n\n\n\n<p class=\"has-text-align-center\">Final Meeting Ankara<\/p>\n\n\n\n<p>E-DigiLit Project final meeting was completed with &#8220;Multiplier Event Results&#8221;, &#8220;Elective Course&#8221;,  &#8220;LMS&#8221;, &#8220;Dissemination&#8221; presentations  with the participation of project team from the United Kingdom, Croatia, Spain and Turkey in Ankara.<\/p>\n\n\n\n<div class=\"wp-block-image\"><figure class=\"aligncenter size-large is-resized\"><img loading=\"lazy\" decoding=\"async\" src=\"https:\/\/www.edigilit.eu\/edigilit\/wp-content\/uploads\/2022\/08\/image.png\" alt=\"\" class=\"wp-image-1519\" width=\"706\" height=\"654\" srcset=\"https:\/\/www.edigilit.eu\/edigilit\/wp-content\/uploads\/2022\/08\/image.png 500w, https:\/\/www.edigilit.eu\/edigilit\/wp-content\/uploads\/2022\/08\/image-300x278.png 300w\" sizes=\"auto, (max-width: 706px) 100vw, 706px\" \/><\/figure><\/div>\n\n\n\n<p class=\"has-text-align-center\"><strong>02.06.2022<\/strong><\/p>\n\n\n\n<p class=\"has-text-align-center\">The online meeting of the E-DigiLit project was held on 02.06.2022 , with the participation of 10 researchers from the United Kingdom, Croatia, Spain and Turkey.<\/p>\n\n\n\n<figure class=\"wp-block-image size-large\"><img loading=\"lazy\" decoding=\"async\" width=\"1024\" height=\"584\" src=\"https:\/\/www.edigilit.eu\/edigilit\/wp-content\/uploads\/2022\/06\/02062022-1024x584.png\" alt=\"\" class=\"wp-image-1438\" srcset=\"https:\/\/www.edigilit.eu\/edigilit\/wp-content\/uploads\/2022\/06\/02062022-1024x584.png 1024w, https:\/\/www.edigilit.eu\/edigilit\/wp-content\/uploads\/2022\/06\/02062022-300x171.png 300w, https:\/\/www.edigilit.eu\/edigilit\/wp-content\/uploads\/2022\/06\/02062022-768x438.png 768w, https:\/\/www.edigilit.eu\/edigilit\/wp-content\/uploads\/2022\/06\/02062022-1536x876.png 1536w, https:\/\/www.edigilit.eu\/edigilit\/wp-content\/uploads\/2022\/06\/02062022.png 1588w\" sizes=\"auto, (max-width: 1024px) 100vw, 1024px\" \/><\/figure>\n\n\n\n<p class=\"has-text-align-center\"><strong>18.02.2022<\/strong><\/p>\n\n\n\n<p class=\"has-text-align-center\"> The online meeting of the E-DigiLit project was held on 18.02.2022 , with the participation of 16 researchers from the United Kingdom, Croatia, Spain and Turkey.  <\/p>\n\n\n\n<figure class=\"wp-block-image\"><img decoding=\"async\" src=\"https:\/\/scontent.fadb5-1.fna.fbcdn.net\/v\/t39.30808-6\/274341302_490619592449591_4077870244835041711_n.jpg?_nc_cat=103&amp;ccb=1-7&amp;_nc_sid=730e14&amp;_nc_ohc=JBgDWvnA9iAAX90e-_b&amp;tn=mVWunCZc5W5F_D-u&amp;_nc_ht=scontent.fadb5-1.fna&amp;oh=00_AT9VIJAriKncrLH-tCoGzH_7qu7HAhDydD3oJvbnQwGrwQ&amp;oe=630AAEE7\" alt=\"Bir 10 ki\u015fi, ayakta duran insanlar ve yaz\u0131 g\u00f6rseli olabilir\"\/><\/figure>\n\n\n\n<p class=\"has-text-align-center\"><strong>03.12.2021<\/strong><\/p>\n\n\n\n<p class=\"has-text-align-center\"> The online meeting of the E-DigiLit project was held on December 3, 2021, with the participation of 14 researchers from the United Kingdom, Croatia, Spain and Turkey. <\/p>\n\n\n\n<figure class=\"wp-block-image size-large\"><img loading=\"lazy\" decoding=\"async\" width=\"1024\" height=\"622\" src=\"https:\/\/www.edigilit.eu\/edigilit\/wp-content\/uploads\/2022\/06\/3-december-1024x622.png\" alt=\"\" class=\"wp-image-1434\" srcset=\"https:\/\/www.edigilit.eu\/edigilit\/wp-content\/uploads\/2022\/06\/3-december-1024x622.png 1024w, https:\/\/www.edigilit.eu\/edigilit\/wp-content\/uploads\/2022\/06\/3-december-300x182.png 300w, https:\/\/www.edigilit.eu\/edigilit\/wp-content\/uploads\/2022\/06\/3-december-768x466.png 768w, https:\/\/www.edigilit.eu\/edigilit\/wp-content\/uploads\/2022\/06\/3-december-1536x933.png 1536w, https:\/\/www.edigilit.eu\/edigilit\/wp-content\/uploads\/2022\/06\/3-december.png 1581w\" sizes=\"auto, (max-width: 1024px) 100vw, 1024px\" \/><\/figure>\n\n\n\n<p class=\"has-text-align-center\"><strong>09.09.2021<\/strong><\/p>\n\n\n\n<p class=\"has-text-align-center\"> The online meeting of the E-DigiLit project was held on September 09, 2021, with the participation of 13 researchers from the United Kingdom, Croatia, Spain and Turkey.  <\/p>\n\n\n\n<figure class=\"wp-block-image size-large\"><img loading=\"lazy\" decoding=\"async\" width=\"932\" height=\"628\" src=\"https:\/\/www.edigilit.eu\/edigilit\/wp-content\/uploads\/2022\/06\/september9.png\" alt=\"\" class=\"wp-image-1432\" srcset=\"https:\/\/www.edigilit.eu\/edigilit\/wp-content\/uploads\/2022\/06\/september9.png 932w, https:\/\/www.edigilit.eu\/edigilit\/wp-content\/uploads\/2022\/06\/september9-300x202.png 300w, https:\/\/www.edigilit.eu\/edigilit\/wp-content\/uploads\/2022\/06\/september9-768x517.png 768w\" sizes=\"auto, (max-width: 932px) 100vw, 932px\" \/><\/figure>\n\n\n\n<p class=\"has-text-align-center\"><strong> 4th Transnational Project Meeting <\/strong><\/p>\n\n\n\n<p class=\"has-text-align-center\"> 4th Transnational Project Meeting of E-DigiLit project was hosted by Fundacion Universitaria San Antonio (UCAM), on June 10, 2021. Digital educational materials, videos, gamification, LMS, teacher training, pilot implementation, project management and project dissemination were discussed by 17 researchers from the United Kingdom, Croatia, Spain and Turkey. <\/p>\n\n\n\n<figure class=\"wp-block-image size-large\"><img loading=\"lazy\" decoding=\"async\" width=\"1024\" height=\"785\" src=\"https:\/\/www.edigilit.eu\/edigilit\/wp-content\/uploads\/2022\/06\/transnational_4-1024x785.png\" alt=\"\" class=\"wp-image-1430\" srcset=\"https:\/\/www.edigilit.eu\/edigilit\/wp-content\/uploads\/2022\/06\/transnational_4-1024x785.png 1024w, https:\/\/www.edigilit.eu\/edigilit\/wp-content\/uploads\/2022\/06\/transnational_4-300x230.png 300w, https:\/\/www.edigilit.eu\/edigilit\/wp-content\/uploads\/2022\/06\/transnational_4-768x589.png 768w, https:\/\/www.edigilit.eu\/edigilit\/wp-content\/uploads\/2022\/06\/transnational_4.png 1109w\" sizes=\"auto, (max-width: 1024px) 100vw, 1024px\" \/><\/figure>\n\n\n\n<p class=\"has-text-align-center\"><strong>05.03.2021<\/strong><\/p>\n\n\n\n<p class=\"has-text-align-center\"> The online meeting of the E-DigiLit project was held on March 5, 2021, with the participation of 17 researchers from the United Kingdom, Croatia, Spain and Turkey.&nbsp; <\/p>\n\n\n\n<figure class=\"wp-block-image size-large is-resized\"><img loading=\"lazy\" decoding=\"async\" src=\"https:\/\/www.edigilit.eu\/edigilit\/wp-content\/uploads\/2022\/06\/march2021-1024x576.jpg\" alt=\"\" class=\"wp-image-1429\" width=\"934\" height=\"525\" srcset=\"https:\/\/www.edigilit.eu\/edigilit\/wp-content\/uploads\/2022\/06\/march2021-1024x576.jpg 1024w, https:\/\/www.edigilit.eu\/edigilit\/wp-content\/uploads\/2022\/06\/march2021-300x169.jpg 300w, https:\/\/www.edigilit.eu\/edigilit\/wp-content\/uploads\/2022\/06\/march2021-768x432.jpg 768w, https:\/\/www.edigilit.eu\/edigilit\/wp-content\/uploads\/2022\/06\/march2021.jpg 1440w\" sizes=\"auto, (max-width: 934px) 100vw, 934px\" \/><\/figure>\n\n\n\n<p class=\"has-text-align-center\"><strong>14.01.2021<\/strong><\/p>\n\n\n\n<p class=\"has-text-align-center\"> The online meeting of the E-DigiLit project was held on January 14, 2021, with the participation of 15 researchers from the United Kingdom, Croatia and Turkey.  <\/p>\n\n\n\n<figure class=\"wp-block-image size-large\"><img loading=\"lazy\" decoding=\"async\" width=\"1024\" height=\"578\" src=\"https:\/\/www.edigilit.eu\/edigilit\/wp-content\/uploads\/2022\/06\/jan2021-1024x578.png\" alt=\"\" class=\"wp-image-1427\" srcset=\"https:\/\/www.edigilit.eu\/edigilit\/wp-content\/uploads\/2022\/06\/jan2021-1024x578.png 1024w, https:\/\/www.edigilit.eu\/edigilit\/wp-content\/uploads\/2022\/06\/jan2021-300x169.png 300w, https:\/\/www.edigilit.eu\/edigilit\/wp-content\/uploads\/2022\/06\/jan2021-768x433.png 768w, https:\/\/www.edigilit.eu\/edigilit\/wp-content\/uploads\/2022\/06\/jan2021.png 1187w\" sizes=\"auto, (max-width: 1024px) 100vw, 1024px\" \/><\/figure>\n\n\n\n<hr>\n\n\n\n<p class=\"has-text-align-center\"><strong>17.12.2020<\/strong><\/p>\n\n\n\n<p class=\"has-text-align-center\"> The online meeting of the E-DigiLit project was held on December 17, 2020, with the participation of 13 researchers from the United Kingdom, Croatia, Spain and Turkey.  <\/p>\n\n\n\n<p><\/p>\n\n\n\n<div class=\"wp-block-image\"><figure class=\"aligncenter size-large is-resized\"><img loading=\"lazy\" decoding=\"async\" src=\"https:\/\/www.edigilit.eu\/edigilit\/wp-content\/uploads\/2020\/12\/meeting.png\" alt=\"\" class=\"wp-image-1039\" width=\"790\" height=\"572\" srcset=\"https:\/\/www.edigilit.eu\/edigilit\/wp-content\/uploads\/2020\/12\/meeting.png 958w, https:\/\/www.edigilit.eu\/edigilit\/wp-content\/uploads\/2020\/12\/meeting-300x218.png 300w, https:\/\/www.edigilit.eu\/edigilit\/wp-content\/uploads\/2020\/12\/meeting-768x557.png 768w\" sizes=\"auto, (max-width: 790px) 100vw, 790px\" \/><\/figure><\/div>\n\n\n\n<hr>\n\n\n\n<p><\/p>\n\n\n\n<p class=\"has-text-align-center\"><strong>27.11.2020<\/strong> <strong>&#8211;  3rd Transnational Project (online) Meeting<\/strong> <\/p>\n\n\n\n<p class=\"has-text-align-center\"> 3rd Transnational Project (online) Meeting of E-DigiLit project was hosted by University of Zagreb, on November 27, 2020.<br>Lesson plans with digital educational materials, project management and project dissemination were discussed by 19 researchers from the United Kingdom, Croatia, Spain and Turkey.&nbsp; <\/p>\n\n\n\n<div class=\"wp-block-image\"><figure class=\"aligncenter size-large is-resized\"><img loading=\"lazy\" decoding=\"async\" src=\"https:\/\/www.edigilit.eu\/edigilit\/wp-content\/uploads\/2020\/12\/meeting_3rd-1024x645.png\" alt=\"\" class=\"wp-image-1038\" width=\"777\" height=\"488\" srcset=\"https:\/\/www.edigilit.eu\/edigilit\/wp-content\/uploads\/2020\/12\/meeting_3rd-1024x645.png 1024w, https:\/\/www.edigilit.eu\/edigilit\/wp-content\/uploads\/2020\/12\/meeting_3rd-300x189.png 300w\" sizes=\"auto, (max-width: 777px) 100vw, 777px\" \/><\/figure><\/div>\n\n\n\n<hr>\n\n\n\n<p><\/p>\n\n\n\n<p><\/p>\n\n\n\n<p class=\"has-text-align-center\"><strong>06.11.2020<\/strong><\/p>\n\n\n\n<p class=\"has-text-align-center\"> The online meeting of the E-DigiLit project was held on November 6, 2020. Gantt Chart, lesson plans and international meeting were discussed by 18 researchers from the United Kingdom, Croatia, Spain and Turkey.<\/p>\n\n\n\n<div class=\"wp-block-image\"><figure class=\"aligncenter size-large is-resized\"><img loading=\"lazy\" decoding=\"async\" src=\"https:\/\/www.edigilit.eu\/edigilit\/wp-content\/uploads\/2020\/12\/meetin_6kasim-1024x692.jpg\" alt=\"\" class=\"wp-image-1037\" width=\"761\" height=\"514\" srcset=\"https:\/\/www.edigilit.eu\/edigilit\/wp-content\/uploads\/2020\/12\/meetin_6kasim-1024x692.jpg 1024w, https:\/\/www.edigilit.eu\/edigilit\/wp-content\/uploads\/2020\/12\/meetin_6kasim-300x203.jpg 300w, https:\/\/www.edigilit.eu\/edigilit\/wp-content\/uploads\/2020\/12\/meetin_6kasim-768x519.jpg 768w, https:\/\/www.edigilit.eu\/edigilit\/wp-content\/uploads\/2020\/12\/meetin_6kasim.jpg 1039w\" sizes=\"auto, (max-width: 761px) 100vw, 761px\" \/><\/figure><\/div>\n\n\n\n<hr>\n\n\n\n<p class=\"has-text-align-center\"><strong>18.09.2020<\/strong><\/p>\n\n\n\n<p class=\"has-text-align-center\"> The online meeting of the E-DigiLit project was held on September 18, 2020. Lesson plan, lesson content and online guidebook were discussed by 15 researchers from United Kingdom, Croatia, Spain and Turkey <\/p>\n\n\n\n<div class=\"wp-block-image\"><figure class=\"aligncenter size-large is-resized\"><img loading=\"lazy\" decoding=\"async\" src=\"https:\/\/www.edigilit.eu\/edigilit\/wp-content\/uploads\/2020\/12\/meeting_18eylul-1024x475.png\" alt=\"\" class=\"wp-image-1035\" width=\"771\" height=\"357\" srcset=\"https:\/\/www.edigilit.eu\/edigilit\/wp-content\/uploads\/2020\/12\/meeting_18eylul-1024x475.png 1024w, https:\/\/www.edigilit.eu\/edigilit\/wp-content\/uploads\/2020\/12\/meeting_18eylul-300x139.png 300w, https:\/\/www.edigilit.eu\/edigilit\/wp-content\/uploads\/2020\/12\/meeting_18eylul-768x356.png 768w, https:\/\/www.edigilit.eu\/edigilit\/wp-content\/uploads\/2020\/12\/meeting_18eylul.png 1080w\" sizes=\"auto, (max-width: 771px) 100vw, 771px\" \/><\/figure><\/div>\n\n\n\n<hr>\n\n\n\n<p><\/p>\n\n\n\n<p class=\"has-text-align-center\"> <strong>23.06.2020<\/strong>  <strong> &#8211; <\/strong> <strong>2nd Transnational Project (online) Meeting <\/strong> <\/p>\n\n\n\n<p class=\"has-text-align-center\">   The 2nd International online meeting of the E-DigiLit project was held  by Coventry University on June 23, 2020. Learning outcomes which is the most important part of first output &#8220;Elective Course Curriculum&#8221;, lesson plans, budget overview, revision of gantt chart, updating social media accounts and website were discussed by 12 researchers from United Kingdom, Croatia, Spain and Turkey.<\/p>\n\n\n\n<div class=\"wp-block-image\"><figure class=\"aligncenter is-resized\"><img loading=\"lazy\" decoding=\"async\" src=\"https:\/\/www.edigilit.eu\/edigilit\/wp-content\/uploads\/2020\/06\/105455701_172584827586404_821189463213962273_o-1024x509.png\" alt=\"This image has an empty alt attribute; its file name is 105455701_172584827586404_821189463213962273_o-1024x509.png\" width=\"766\" height=\"380\"\/><\/figure><\/div>\n\n\n\n<p><\/p>\n\n\n\n<hr>\n\n\n\n<p><\/p>\n\n\n\n<p class=\"has-text-align-center\"> <strong>28.05.2020 <\/strong><\/p>\n\n\n\n<p class=\"has-text-align-center\">  The online meeting of the E-DigiLit project was held  on May 28, 2020. \u201cProject Management\u201d, \u201cDissemination\u201d, \u201cCurriculum\u201d were discussed by 13 researchers from United Kingdom, Croatia, Spain and Turkey. <\/p>\n\n\n\n<div class=\"wp-block-image\"><figure class=\"aligncenter is-resized\"><img loading=\"lazy\" decoding=\"async\" src=\"https:\/\/www.edigilit.eu\/edigilit\/wp-content\/uploads\/2020\/06\/100817726_165328748312012_8190111795743031296_o-1024x591.jpg\" alt=\"This image has an empty alt attribute; its file name is 100817726_165328748312012_8190111795743031296_o-1024x591.jpg\" width=\"724\" height=\"417\"\/><\/figure><\/div>\n\n\n\n<hr>\n\n\n\n<p><\/p>\n\n\n\n<p class=\"has-text-align-center\"> <strong>05.05.2020 <\/strong> <\/p>\n\n\n\n<p class=\"has-text-align-center\">  The online meeting of the E-DigiLit project was held on 05.05.2020. Subjects about the curriculum and content to be prepared for Enhancing Digital Literacy of University Students were handled by 13 researchers from England, Croatia, Spain and Turkey. In addition, work-time charts were reviewed and decisions were made regarding the project.  <\/p>\n\n\n\n<div class=\"wp-block-image\"><figure class=\"aligncenter is-resized\"><img loading=\"lazy\" decoding=\"async\" src=\"https:\/\/www.edigilit.eu\/edigilit\/wp-content\/uploads\/2020\/06\/image-9.png\" alt=\"This image has an empty alt attribute; its file name is image-9.png\" width=\"700\" height=\"360\"\/><\/figure><\/div>\n\n\n\n<hr>\n\n\n\n<p><\/p>\n\n\n\n<p><\/p>\n\n\n\n<p><\/p>\n\n\n\n<p><\/p>\n\n\n\n<p style=\"font-size:17px;line-height:2.1;font-weight:normal;text-transform:uppercase\" class=\"has-text-align-center has-custom-weight has-custom-transform has-custom-lineheight\"><strong>Kick-off Meeting <\/strong><\/p>\n\n\n\n<p class=\"has-text-align-center\"> The kick-off meeting of the project has successfully organized in \u0130zmir by on 16-17th of January 2020 in \u0130zmir, under the coordination of Dokuz Eyl\u00fcl University with the full participation of representatives from project partner institutions. In the kick-off meeting partners presented their institutions in detail which resulted in a good understanding and communication among partners. Then, a clear understanding of tasks to prepare the outputs of project was settled up by Dokuz Eyl\u00fcl University and APEC Education Consulting. Besides, decisions were taken to apply two surveys and to prepare the elective course curriculum. <\/p>\n\n\n\n<div class=\"wp-block-image\"><figure class=\"aligncenter size-large is-resized\"><img loading=\"lazy\" decoding=\"async\" src=\"https:\/\/www.edigilit.eu\/edigilit\/wp-content\/uploads\/2020\/06\/image-7.png\" alt=\"\" width=\"667\" height=\"406\"\/><\/figure><\/div>\n\n\n\n<div class=\"wp-block-image\"><figure class=\"aligncenter size-large is-resized\"><img loading=\"lazy\" decoding=\"async\" src=\"https:\/\/www.edigilit.eu\/edigilit\/wp-content\/uploads\/2020\/06\/image-8.png\" alt=\"\" width=\"669\" height=\"426\"\/><\/figure><\/div>\n\n\n\n<p><\/p>\n\n\n\n<p><\/p>\n","protected":false},"excerpt":{"rendered":"<p>27.06.2022-28.06.2022 Final Meeting Ankara E-DigiLit Project final meeting was completed with &#8220;Multiplier Event Results&#8221;, &#8220;Elective Course&#8221;, &#8220;LMS&#8221;, &#8220;Dissemination&#8221; presentations with&hellip;<\/p>\n","protected":false},"author":1,"featured_media":0,"parent":0,"menu_order":0,"comment_status":"closed","ping_status":"closed","template":"","meta":{"_coblocks_attr":"","_coblocks_dimensions":"","_coblocks_responsive_height":"","_coblocks_accordion_ie_support":"","footnotes":""},"class_list":["post-391","page","type-page","status-publish","hentry"],"_links":{"self":[{"href":"https:\/\/www.edigilit.eu\/edigilit\/wp-json\/wp\/v2\/pages\/391","targetHints":{"allow":["GET"]}}],"collection":[{"href":"https:\/\/www.edigilit.eu\/edigilit\/wp-json\/wp\/v2\/pages"}],"about":[{"href":"https:\/\/www.edigilit.eu\/edigilit\/wp-json\/wp\/v2\/types\/page"}],"author":[{"embeddable":true,"href":"https:\/\/www.edigilit.eu\/edigilit\/wp-json\/wp\/v2\/users\/1"}],"replies":[{"embeddable":true,"href":"https:\/\/www.edigilit.eu\/edigilit\/wp-json\/wp\/v2\/comments?post=391"}],"version-history":[{"count":32,"href":"https:\/\/www.edigilit.eu\/edigilit\/wp-json\/wp\/v2\/pages\/391\/revisions"}],"predecessor-version":[{"id":1528,"href":"https:\/\/www.edigilit.eu\/edigilit\/wp-json\/wp\/v2\/pages\/391\/revisions\/1528"}],"wp:attachment":[{"href":"https:\/\/www.edigilit.eu\/edigilit\/wp-json\/wp\/v2\/media?parent=391"}],"curies":[{"name":"wp","href":"https:\/\/api.w.org\/{rel}","templated":true}]}}