{"id":783,"date":"2020-06-29T16:03:09","date_gmt":"2020-06-29T13:03:09","guid":{"rendered":"https:\/\/www.edigilit.eu\/edigilit\/?page_id=783"},"modified":"2020-07-17T10:23:44","modified_gmt":"2020-07-17T07:23:44","slug":"kick-off-meeting-hr","status":"publish","type":"page","link":"https:\/\/www.edigilit.eu\/edigilit\/hr\/kick-off-meeting-hr\/","title":{"rendered":"Kick-off Sastanak"},"content":{"rendered":"\n<p class=\"has-text-align-center\">Inicijalni projektni sastanak je odr\u017ean u Izmiru 16.-17. sije\u010dnja 2020. godine i bio je uspje\u0161an.  Organiziralo ga je Sveu\u010dili\u0161te Dokuz Eyl\u00fcl, a sudjelovali su predstavnici svih partnera. Na tom su sastanku partneri predstavili institucije iz kojih dolaze, \u010dime se postiglo bolje razumijevanju i komunikacija me\u0111u partnerima. Nadalje, Sveu\u010dili\u0161te Dokuz Eyl\u00fcl i APEC agencija za projektni konzalting u podru\u010dju obrazovanja doprinijeli su jasnom razumijevanju zadataka usmjerenih na pripremu materijala. Odlu\u010deno je da se provedu dvije ankete i pripremi kurikulum izbornog predmeta.<\/p>\n\n\n\n<div class=\"wp-block-image\"><figure class=\"aligncenter size-large\"><img decoding=\"async\" src=\"https:\/\/www.edigilit.eu\/edigilit\/wp-content\/uploads\/2020\/06\/image-7.png\" alt=\"\"\/><\/figure><\/div>\n\n\n\n<div class=\"wp-block-image\"><figure class=\"aligncenter size-large\"><img decoding=\"async\" src=\"https:\/\/www.edigilit.eu\/edigilit\/wp-content\/uploads\/2020\/06\/image-8.png\" alt=\"\"\/><\/figure><\/div>\n\n\n<p><!--EndFragment--><\/p>","protected":false},"excerpt":{"rendered":"<p>Inicijalni projektni sastanak je odr\u017ean u Izmiru 16.-17. sije\u010dnja 2020. godine i bio je uspje\u0161an. Organiziralo ga je Sveu\u010dili\u0161te Dokuz&hellip;<\/p>\n","protected":false},"author":3,"featured_media":0,"parent":0,"menu_order":0,"comment_status":"closed","ping_status":"closed","template":"","meta":{"_coblocks_attr":"","_coblocks_dimensions":"","_coblocks_responsive_height":"","_coblocks_accordion_ie_support":"","footnotes":""},"class_list":["post-783","page","type-page","status-publish","hentry"],"_links":{"self":[{"href":"https:\/\/www.edigilit.eu\/edigilit\/wp-json\/wp\/v2\/pages\/783","targetHints":{"allow":["GET"]}}],"collection":[{"href":"https:\/\/www.edigilit.eu\/edigilit\/wp-json\/wp\/v2\/pages"}],"about":[{"href":"https:\/\/www.edigilit.eu\/edigilit\/wp-json\/wp\/v2\/types\/page"}],"author":[{"embeddable":true,"href":"https:\/\/www.edigilit.eu\/edigilit\/wp-json\/wp\/v2\/users\/3"}],"replies":[{"embeddable":true,"href":"https:\/\/www.edigilit.eu\/edigilit\/wp-json\/wp\/v2\/comments?post=783"}],"version-history":[{"count":4,"href":"https:\/\/www.edigilit.eu\/edigilit\/wp-json\/wp\/v2\/pages\/783\/revisions"}],"predecessor-version":[{"id":920,"href":"https:\/\/www.edigilit.eu\/edigilit\/wp-json\/wp\/v2\/pages\/783\/revisions\/920"}],"wp:attachment":[{"href":"https:\/\/www.edigilit.eu\/edigilit\/wp-json\/wp\/v2\/media?parent=783"}],"curies":[{"name":"wp","href":"https:\/\/api.w.org\/{rel}","templated":true}]}}