{"id":793,"date":"2020-06-29T16:11:33","date_gmt":"2020-06-29T13:11:33","guid":{"rendered":"https:\/\/www.edigilit.eu\/edigilit\/?page_id=793"},"modified":"2020-12-28T01:43:35","modified_gmt":"2020-12-27T22:43:35","slug":"haber-bulteni","status":"publish","type":"page","link":"https:\/\/www.edigilit.eu\/edigilit\/haber-bulteni\/","title":{"rendered":"Haber B\u00fclteni"},"content":{"rendered":"<a href=\"https:\/\/www.edigilit.eu\/edigilit\/wp-content\/uploads\/2020\/09\/DEU_Newsletter_2020.pdf\" class=\"pdfemb-viewer\" style=\"\" data-width=\"max\" data-height=\"max\" data-toolbar=\"bottom\" data-toolbar-fixed=\"off\">DEU_Newsletter_2020<\/a>\n<p class=\"wp-block-pdfemb-pdf-embedder-viewer\"><\/p>\n\n\n\n<p><a href=\"https:\/\/www.edigilit.eu\/edigilit\/wp-content\/uploads\/2020\/09\/DEU_Newsletter_2020.pdf\">Dosyay\u0131 indirmek i\u00e7in t\u0131klay\u0131n\u0131z<\/a><\/p>\n","protected":false},"excerpt":{"rendered":"<p>Dosyay\u0131 indirmek i\u00e7in t\u0131klay\u0131n\u0131z<\/p>\n","protected":false},"author":1,"featured_media":0,"parent":0,"menu_order":0,"comment_status":"closed","ping_status":"closed","template":"","meta":{"_coblocks_attr":"","_coblocks_dimensions":"","_coblocks_responsive_height":"","_coblocks_accordion_ie_support":"","footnotes":""},"class_list":["post-793","page","type-page","status-publish","hentry"],"_links":{"self":[{"href":"https:\/\/www.edigilit.eu\/edigilit\/wp-json\/wp\/v2\/pages\/793","targetHints":{"allow":["GET"]}}],"collection":[{"href":"https:\/\/www.edigilit.eu\/edigilit\/wp-json\/wp\/v2\/pages"}],"about":[{"href":"https:\/\/www.edigilit.eu\/edigilit\/wp-json\/wp\/v2\/types\/page"}],"author":[{"embeddable":true,"href":"https:\/\/www.edigilit.eu\/edigilit\/wp-json\/wp\/v2\/users\/1"}],"replies":[{"embeddable":true,"href":"https:\/\/www.edigilit.eu\/edigilit\/wp-json\/wp\/v2\/comments?post=793"}],"version-history":[{"count":3,"href":"https:\/\/www.edigilit.eu\/edigilit\/wp-json\/wp\/v2\/pages\/793\/revisions"}],"predecessor-version":[{"id":1089,"href":"https:\/\/www.edigilit.eu\/edigilit\/wp-json\/wp\/v2\/pages\/793\/revisions\/1089"}],"wp:attachment":[{"href":"https:\/\/www.edigilit.eu\/edigilit\/wp-json\/wp\/v2\/media?parent=793"}],"curies":[{"name":"wp","href":"https:\/\/api.w.org\/{rel}","templated":true}]}}