{"id":802,"date":"2020-06-29T16:12:48","date_gmt":"2020-06-29T13:12:48","guid":{"rendered":"https:\/\/www.edigilit.eu\/edigilit\/?page_id=802"},"modified":"2020-09-18T11:44:18","modified_gmt":"2020-09-18T08:44:18","slug":"proje-brosuru","status":"publish","type":"page","link":"https:\/\/www.edigilit.eu\/edigilit\/proje-brosuru\/","title":{"rendered":"Proje Bro\u015f\u00fcr\u00fc"},"content":{"rendered":"<a href=\"https:\/\/www.edigilit.eu\/edigilit\/wp-content\/uploads\/2020\/09\/DEU_Brochure_2020.pdf\" class=\"pdfemb-viewer\" style=\"\" data-width=\"max\" data-height=\"max\" data-toolbar=\"bottom\" data-toolbar-fixed=\"off\">DEU_Brochure_2020<\/a>\n<p class=\"wp-block-pdfemb-pdf-embedder-viewer\"><\/p>\n\n\n\n<p><a href=\"https:\/\/www.edigilit.eu\/edigilit\/wp-content\/uploads\/2020\/09\/DEU_Brochure_2020.pdf\">Dosyay\u0131 indirmek i\u00e7in t\u0131klay\u0131n<\/a><\/p>\n","protected":false},"excerpt":{"rendered":"<p>Dosyay\u0131 indirmek i\u00e7in t\u0131klay\u0131n<\/p>\n","protected":false},"author":1,"featured_media":0,"parent":0,"menu_order":0,"comment_status":"closed","ping_status":"closed","template":"","meta":{"_coblocks_attr":"","_coblocks_dimensions":"","_coblocks_responsive_height":"","_coblocks_accordion_ie_support":"","footnotes":""},"class_list":["post-802","page","type-page","status-publish","hentry"],"_links":{"self":[{"href":"https:\/\/www.edigilit.eu\/edigilit\/wp-json\/wp\/v2\/pages\/802","targetHints":{"allow":["GET"]}}],"collection":[{"href":"https:\/\/www.edigilit.eu\/edigilit\/wp-json\/wp\/v2\/pages"}],"about":[{"href":"https:\/\/www.edigilit.eu\/edigilit\/wp-json\/wp\/v2\/types\/page"}],"author":[{"embeddable":true,"href":"https:\/\/www.edigilit.eu\/edigilit\/wp-json\/wp\/v2\/users\/1"}],"replies":[{"embeddable":true,"href":"https:\/\/www.edigilit.eu\/edigilit\/wp-json\/wp\/v2\/comments?post=802"}],"version-history":[{"count":3,"href":"https:\/\/www.edigilit.eu\/edigilit\/wp-json\/wp\/v2\/pages\/802\/revisions"}],"predecessor-version":[{"id":962,"href":"https:\/\/www.edigilit.eu\/edigilit\/wp-json\/wp\/v2\/pages\/802\/revisions\/962"}],"wp:attachment":[{"href":"https:\/\/www.edigilit.eu\/edigilit\/wp-json\/wp\/v2\/media?parent=802"}],"curies":[{"name":"wp","href":"https:\/\/api.w.org\/{rel}","templated":true}]}}