{"id":134,"date":"2025-01-22T22:10:22","date_gmt":"2025-01-22T22:10:22","guid":{"rendered":"https:\/\/www.edigilit.eu\/educodeproject\/?page_id=134"},"modified":"2025-01-22T22:10:22","modified_gmt":"2025-01-22T22:10:22","slug":"ana-sayfa","status":"publish","type":"page","link":"https:\/\/www.edigilit.eu\/educodeproject\/tr\/ana-sayfa\/","title":{"rendered":"Ana Sayfa"},"content":{"rendered":"\n<p class=\"has-text-align-center\">EDUCODE<\/p>\n\n\n\n<p class=\"has-text-align-center\">PROJE No: 2017-1-TR01-KA203-046578<\/p>\n\n\n\n<figure class=\"wp-block-image size-full\"><img loading=\"lazy\" decoding=\"async\" width=\"945\" height=\"427\" src=\"https:\/\/www.edigilit.eu\/educodeproject\/wp-content\/uploads\/2025\/01\/image-4.png\" alt=\"\" class=\"wp-image-28\" srcset=\"https:\/\/www.edigilit.eu\/educodeproject\/wp-content\/uploads\/2025\/01\/image-4.png 945w, https:\/\/www.edigilit.eu\/educodeproject\/wp-content\/uploads\/2025\/01\/image-4-300x136.png 300w, https:\/\/www.edigilit.eu\/educodeproject\/wp-content\/uploads\/2025\/01\/image-4-768x347.png 768w\" sizes=\"auto, (max-width: 945px) 100vw, 945px\" \/><\/figure>\n\n\n\n<figure class=\"wp-block-image size-full\"><img loading=\"lazy\" decoding=\"async\" width=\"945\" height=\"413\" src=\"https:\/\/www.edigilit.eu\/educodeproject\/wp-content\/uploads\/2025\/01\/image-5.png\" alt=\"\" class=\"wp-image-29\" srcset=\"https:\/\/www.edigilit.eu\/educodeproject\/wp-content\/uploads\/2025\/01\/image-5.png 945w, https:\/\/www.edigilit.eu\/educodeproject\/wp-content\/uploads\/2025\/01\/image-5-300x131.png 300w, https:\/\/www.edigilit.eu\/educodeproject\/wp-content\/uploads\/2025\/01\/image-5-768x336.png 768w\" sizes=\"auto, (max-width: 945px) 100vw, 945px\" \/><\/figure>\n\n\n\n<figure class=\"wp-block-image size-full\"><img loading=\"lazy\" decoding=\"async\" width=\"945\" height=\"447\" src=\"https:\/\/www.edigilit.eu\/educodeproject\/wp-content\/uploads\/2025\/01\/image-6.png\" alt=\"\" class=\"wp-image-30\" srcset=\"https:\/\/www.edigilit.eu\/educodeproject\/wp-content\/uploads\/2025\/01\/image-6.png 945w, https:\/\/www.edigilit.eu\/educodeproject\/wp-content\/uploads\/2025\/01\/image-6-300x142.png 300w, https:\/\/www.edigilit.eu\/educodeproject\/wp-content\/uploads\/2025\/01\/image-6-768x363.png 768w\" sizes=\"auto, (max-width: 945px) 100vw, 945px\" \/><\/figure>\n\n\n\n<p><\/p>\n\n\n\n<figure class=\"wp-block-image size-full\"><img loading=\"lazy\" decoding=\"async\" width=\"945\" height=\"412\" src=\"https:\/\/www.edigilit.eu\/educodeproject\/wp-content\/uploads\/2025\/01\/image-7.png\" alt=\"\" class=\"wp-image-31\" srcset=\"https:\/\/www.edigilit.eu\/educodeproject\/wp-content\/uploads\/2025\/01\/image-7.png 945w, https:\/\/www.edigilit.eu\/educodeproject\/wp-content\/uploads\/2025\/01\/image-7-300x131.png 300w, https:\/\/www.edigilit.eu\/educodeproject\/wp-content\/uploads\/2025\/01\/image-7-768x335.png 768w\" sizes=\"auto, (max-width: 945px) 100vw, 945px\" \/><\/figure>\n\n\n\n<p>Kodlama E\u011fitiminde BT\/STEM \u00d6\u011fretmen Adaylar\u0131n\u0131n Pedegojik Yeterliliklerinin Art\u0131r\u0131lmas\u0131<\/p>\n\n\n\n<p>Kodlama E\u011fitiminde BT\/STEM \u00d6\u011fretmen Adaylar\u0131n\u0131n Pedegojik Yeterliliklerinin Art\u0131r\u0131lmas\u0131 (EDUCODE) projesi, genel olarak BT ve STEM \u00f6\u011fretimine odaklanarak y\u00fcksek \u00f6\u011fretim alan\u0131nda yeni m\u00fcfredat ve m\u00fcfredat\u0131n uygulanmas\u0131na y\u00f6nelik \u00f6\u011fretmen el kitab\u0131 geli\u015ftirmeyi ama\u00e7lamaktad\u0131r. EDUCODE\u2019un ama\u00e7lar\u0131 daha detayl\u0131 olarak a\u015fa\u011f\u0131daki gibi \u00f6zetlenebilir:<\/p>\n\n\n\n<ul class=\"wp-block-list\">\n<li>kodlama \u00f6\u011frenmek i\u00e7in \u00f6\u011frencileri motive etme,<\/li>\n\n\n\n<li>algoritmalar, diziler, d\u00f6ng\u00fcler, ko\u015fullar vb. gibi temel programlama yap\u0131lar\u0131n\u0131 \u00f6\u011fretme,<\/li>\n\n\n\n<li>kodlama \u00f6\u011fretiminde farkl\u0131 de\u011ferlendirme y\u00f6ntemlerini g\u00f6sterme,<\/li>\n\n\n\n<li>\u00f6\u011frenciler i\u00e7in kodlama konular\u0131n\u0131 e\u011flenceli ve \u00e7ekici hale getirme,<\/li>\n\n\n\n<li>\u00f6\u011frencilerin di\u011fer \u00f6\u011frencilerle i\u015fbirli\u011finin \u00f6nemini \u00f6\u011fretme,<\/li>\n\n\n\n<li>bilgi i\u015flemsel d\u00fc\u015f\u00fcnme ve problem \u00e7\u00f6zme becerilerini destekleme,<\/li>\n\n\n\n<li>Scratch, Alice, Code Monkey Island vb. gibi kodlamaya yard\u0131mc\u0131 ara\u00e7lar\u0131 kullanma ve de\u011ferlendirme,<\/li>\n\n\n\n<li>ilgili bilgi kaynaklar\u0131na eri\u015fimi ulusal ve b\u00f6lgesel d\u00fczeyde destekleme.<\/li>\n<\/ul>\n\n\n\n<h4 class=\"wp-block-heading\"><a href=\"https:\/\/www.youtube.com\/watch?v=9Xacbu5WiSQ\">Tan\u0131t\u0131m videosu i\u00e7in t\u0131klay\u0131n (youtube)<\/a><\/h4>\n","protected":false},"excerpt":{"rendered":"<p>EDUCODE PROJE No: 2017-1-TR01-KA203-046578 Kodlama E\u011fitiminde BT\/STEM \u00d6\u011fretmen Adaylar\u0131n\u0131n Pedegojik Yeterliliklerinin Art\u0131r\u0131lmas\u0131 Kodlama E\u011fitiminde BT\/STEM \u00d6\u011fretmen Adaylar\u0131n\u0131n Pedegojik Yeterliliklerinin Art\u0131r\u0131lmas\u0131 (EDUCODE) projesi, genel olarak BT ve STEM \u00f6\u011fretimine odaklanarak y\u00fcksek \u00f6\u011fretim alan\u0131nda yeni m\u00fcfredat ve m\u00fcfredat\u0131n uygulanmas\u0131na y\u00f6nelik \u00f6\u011fretmen el kitab\u0131 geli\u015ftirmeyi ama\u00e7lamaktad\u0131r. EDUCODE\u2019un ama\u00e7lar\u0131 daha detayl\u0131 olarak a\u015fa\u011f\u0131daki gibi \u00f6zetlenebilir: Tan\u0131t\u0131m videosu i\u00e7in t\u0131klay\u0131n [&hellip;]<\/p>\n","protected":false},"author":1,"featured_media":0,"parent":0,"menu_order":0,"comment_status":"closed","ping_status":"closed","template":"page-templates\/homepage.php","meta":{"footnotes":""},"class_list":["post-134","page","type-page","status-publish","hentry"],"_links":{"self":[{"href":"https:\/\/www.edigilit.eu\/educodeproject\/wp-json\/wp\/v2\/pages\/134","targetHints":{"allow":["GET"]}}],"collection":[{"href":"https:\/\/www.edigilit.eu\/educodeproject\/wp-json\/wp\/v2\/pages"}],"about":[{"href":"https:\/\/www.edigilit.eu\/educodeproject\/wp-json\/wp\/v2\/types\/page"}],"author":[{"embeddable":true,"href":"https:\/\/www.edigilit.eu\/educodeproject\/wp-json\/wp\/v2\/users\/1"}],"replies":[{"embeddable":true,"href":"https:\/\/www.edigilit.eu\/educodeproject\/wp-json\/wp\/v2\/comments?post=134"}],"version-history":[{"count":1,"href":"https:\/\/www.edigilit.eu\/educodeproject\/wp-json\/wp\/v2\/pages\/134\/revisions"}],"predecessor-version":[{"id":135,"href":"https:\/\/www.edigilit.eu\/educodeproject\/wp-json\/wp\/v2\/pages\/134\/revisions\/135"}],"wp:attachment":[{"href":"https:\/\/www.edigilit.eu\/educodeproject\/wp-json\/wp\/v2\/media?parent=134"}],"curies":[{"name":"wp","href":"https:\/\/api.w.org\/{rel}","templated":true}]}}