{"id":157,"date":"2025-01-22T22:23:55","date_gmt":"2025-01-22T22:23:55","guid":{"rendered":"https:\/\/www.edigilit.eu\/educodeproject\/?page_id=157"},"modified":"2025-01-22T22:36:37","modified_gmt":"2025-01-22T22:36:37","slug":"multipliers-events","status":"publish","type":"page","link":"https:\/\/www.edigilit.eu\/educodeproject\/multipliers-events\/","title":{"rendered":"Multipliers Events\u00a0"},"content":{"rendered":"\n<p><strong>ME @ Ankara, Turkey<\/strong><\/p>\n\n\n\n<figure class=\"wp-block-image size-full\"><img loading=\"lazy\" decoding=\"async\" width=\"995\" height=\"630\" src=\"https:\/\/www.edigilit.eu\/educodeproject\/wp-content\/uploads\/2025\/01\/image-12.png\" alt=\"\" class=\"wp-image-158\" srcset=\"https:\/\/www.edigilit.eu\/educodeproject\/wp-content\/uploads\/2025\/01\/image-12.png 995w, https:\/\/www.edigilit.eu\/educodeproject\/wp-content\/uploads\/2025\/01\/image-12-300x190.png 300w, https:\/\/www.edigilit.eu\/educodeproject\/wp-content\/uploads\/2025\/01\/image-12-768x486.png 768w\" sizes=\"auto, (max-width: 995px) 100vw, 995px\" \/><\/figure>\n\n\n\n<div data-wp-interactive=\"core\/file\" class=\"wp-block-file\"><object data-wp-bind--hidden=\"!state.hasPdfPreview\" hidden class=\"wp-block-file__embed\" data=\"https:\/\/www.edigilit.eu\/educodeproject\/wp-content\/uploads\/2025\/01\/Workshop-Report-1.pdf\" type=\"application\/pdf\" style=\"width:100%;height:600px\" aria-label=\"Embed of Workshop-Report-1.\"><\/object><a id=\"wp-block-file--media-c5c21c77-7cec-43f7-9544-720e2b1a4107\" href=\"https:\/\/www.edigilit.eu\/educodeproject\/wp-content\/uploads\/2025\/01\/Workshop-Report-1.pdf\">Workshop-Report-1<\/a><a href=\"https:\/\/www.edigilit.eu\/educodeproject\/wp-content\/uploads\/2025\/01\/Workshop-Report-1.pdf\" class=\"wp-block-file__button wp-element-button\" download aria-describedby=\"wp-block-file--media-c5c21c77-7cec-43f7-9544-720e2b1a4107\">Download<\/a><\/div>\n\n\n\n<p><\/p>\n\n\n\n<p><strong>ME @ \u0130zmir, Turkey<\/strong><\/p>\n\n\n\n<figure class=\"wp-block-image size-large\"><img loading=\"lazy\" decoding=\"async\" width=\"1024\" height=\"327\" src=\"https:\/\/www.edigilit.eu\/educodeproject\/wp-content\/uploads\/2025\/01\/image-13-1024x327.png\" alt=\"\" class=\"wp-image-162\" srcset=\"https:\/\/www.edigilit.eu\/educodeproject\/wp-content\/uploads\/2025\/01\/image-13-1024x327.png 1024w, https:\/\/www.edigilit.eu\/educodeproject\/wp-content\/uploads\/2025\/01\/image-13-300x96.png 300w, https:\/\/www.edigilit.eu\/educodeproject\/wp-content\/uploads\/2025\/01\/image-13-768x245.png 768w, https:\/\/www.edigilit.eu\/educodeproject\/wp-content\/uploads\/2025\/01\/image-13.png 1107w\" sizes=\"auto, (max-width: 1024px) 100vw, 1024px\" \/><\/figure>\n\n\n\n<p><\/p>\n\n\n\n<p><strong>ME @ Vara\u017edin, Sesvete, Croatia<\/strong><\/p>\n\n\n\n<p>Prezentacija projekta Educode u O\u0160 Brestje, Sesvete, Croatia, 28.06.2019.<\/p>\n\n\n\n<figure class=\"wp-block-image size-full\"><img loading=\"lazy\" decoding=\"async\" width=\"751\" height=\"820\" src=\"https:\/\/www.edigilit.eu\/educodeproject\/wp-content\/uploads\/2025\/01\/image-14.png\" alt=\"\" class=\"wp-image-164\" srcset=\"https:\/\/www.edigilit.eu\/educodeproject\/wp-content\/uploads\/2025\/01\/image-14.png 751w, https:\/\/www.edigilit.eu\/educodeproject\/wp-content\/uploads\/2025\/01\/image-14-275x300.png 275w\" sizes=\"auto, (max-width: 751px) 100vw, 751px\" \/><\/figure>\n\n\n\n<p><\/p>\n\n\n\n<p><strong>ME @ Ljubljana, Slovenia<\/strong><\/p>\n\n\n\n<figure class=\"wp-block-image size-full\"><img loading=\"lazy\" decoding=\"async\" width=\"942\" height=\"535\" src=\"https:\/\/www.edigilit.eu\/educodeproject\/wp-content\/uploads\/2025\/01\/image-15.png\" alt=\"\" class=\"wp-image-165\" srcset=\"https:\/\/www.edigilit.eu\/educodeproject\/wp-content\/uploads\/2025\/01\/image-15.png 942w, https:\/\/www.edigilit.eu\/educodeproject\/wp-content\/uploads\/2025\/01\/image-15-300x170.png 300w, https:\/\/www.edigilit.eu\/educodeproject\/wp-content\/uploads\/2025\/01\/image-15-768x436.png 768w\" sizes=\"auto, (max-width: 942px) 100vw, 942px\" \/><\/figure>\n\n\n\n<div data-wp-interactive=\"core\/file\" class=\"wp-block-file\"><object data-wp-bind--hidden=\"!state.hasPdfPreview\" hidden class=\"wp-block-file__embed\" data=\"https:\/\/www.edigilit.eu\/educodeproject\/wp-content\/uploads\/2025\/01\/Educode-Ljubljana.pdf\" type=\"application\/pdf\" style=\"width:100%;height:600px\" aria-label=\"Embed of Educode-Ljubljana.\"><\/object><a id=\"wp-block-file--media-79a76c6b-cb20-40c6-bcca-c835d760a9b1\" href=\"https:\/\/www.edigilit.eu\/educodeproject\/wp-content\/uploads\/2025\/01\/Educode-Ljubljana.pdf\">Educode-Ljubljana<\/a><a href=\"https:\/\/www.edigilit.eu\/educodeproject\/wp-content\/uploads\/2025\/01\/Educode-Ljubljana.pdf\" class=\"wp-block-file__button wp-element-button\" download aria-describedby=\"wp-block-file--media-79a76c6b-cb20-40c6-bcca-c835d760a9b1\">Download<\/a><\/div>\n\n\n\n<p><strong>ME @ Thurles, Ireland<\/strong><\/p>\n\n\n\n<figure class=\"wp-block-image size-large\"><img loading=\"lazy\" decoding=\"async\" width=\"1024\" height=\"339\" src=\"https:\/\/www.edigilit.eu\/educodeproject\/wp-content\/uploads\/2025\/01\/image-16-1024x339.png\" alt=\"\" class=\"wp-image-167\" srcset=\"https:\/\/www.edigilit.eu\/educodeproject\/wp-content\/uploads\/2025\/01\/image-16-1024x339.png 1024w, https:\/\/www.edigilit.eu\/educodeproject\/wp-content\/uploads\/2025\/01\/image-16-300x99.png 300w, https:\/\/www.edigilit.eu\/educodeproject\/wp-content\/uploads\/2025\/01\/image-16-768x254.png 768w, https:\/\/www.edigilit.eu\/educodeproject\/wp-content\/uploads\/2025\/01\/image-16.png 1063w\" sizes=\"auto, (max-width: 1024px) 100vw, 1024px\" \/><\/figure>\n","protected":false},"excerpt":{"rendered":"<p>ME @ Ankara, Turkey ME @ \u0130zmir, Turkey ME @ Vara\u017edin, Sesvete, Croatia Prezentacija projekta Educode u O\u0160 Brestje, Sesvete, Croatia, 28.06.2019. ME @ Ljubljana, Slovenia ME @ Thurles, Ireland<\/p>\n","protected":false},"author":1,"featured_media":0,"parent":0,"menu_order":0,"comment_status":"closed","ping_status":"closed","template":"","meta":{"footnotes":""},"class_list":["post-157","page","type-page","status-publish","hentry"],"_links":{"self":[{"href":"https:\/\/www.edigilit.eu\/educodeproject\/wp-json\/wp\/v2\/pages\/157","targetHints":{"allow":["GET"]}}],"collection":[{"href":"https:\/\/www.edigilit.eu\/educodeproject\/wp-json\/wp\/v2\/pages"}],"about":[{"href":"https:\/\/www.edigilit.eu\/educodeproject\/wp-json\/wp\/v2\/types\/page"}],"author":[{"embeddable":true,"href":"https:\/\/www.edigilit.eu\/educodeproject\/wp-json\/wp\/v2\/users\/1"}],"replies":[{"embeddable":true,"href":"https:\/\/www.edigilit.eu\/educodeproject\/wp-json\/wp\/v2\/comments?post=157"}],"version-history":[{"count":2,"href":"https:\/\/www.edigilit.eu\/educodeproject\/wp-json\/wp\/v2\/pages\/157\/revisions"}],"predecessor-version":[{"id":168,"href":"https:\/\/www.edigilit.eu\/educodeproject\/wp-json\/wp\/v2\/pages\/157\/revisions\/168"}],"wp:attachment":[{"href":"https:\/\/www.edigilit.eu\/educodeproject\/wp-json\/wp\/v2\/media?parent=157"}],"curies":[{"name":"wp","href":"https:\/\/api.w.org\/{rel}","templated":true}]}}