{"id":193,"date":"2025-01-22T22:43:27","date_gmt":"2025-01-22T22:43:27","guid":{"rendered":"https:\/\/www.edigilit.eu\/educodeproject\/?page_id=193"},"modified":"2025-01-22T22:43:27","modified_gmt":"2025-01-22T22:43:27","slug":"transnacionalna-srecanja","status":"publish","type":"page","link":"https:\/\/www.edigilit.eu\/educodeproject\/sl\/transnacionalna-srecanja\/","title":{"rendered":"Transnacionalna Sre\u010danja"},"content":{"rendered":"\n<p class=\"has-text-align-center\"><strong>Kick-off Sestanek v Tur\u010diji<\/strong><\/p>\n\n\n<div class=\"wp-block-image\">\n<figure class=\"aligncenter size-full\"><img loading=\"lazy\" decoding=\"async\" width=\"925\" height=\"677\" src=\"https:\/\/www.edigilit.eu\/educodeproject\/wp-content\/uploads\/2025\/01\/image-21.png\" alt=\"\" class=\"wp-image-185\" srcset=\"https:\/\/www.edigilit.eu\/educodeproject\/wp-content\/uploads\/2025\/01\/image-21.png 925w, https:\/\/www.edigilit.eu\/educodeproject\/wp-content\/uploads\/2025\/01\/image-21-300x220.png 300w, https:\/\/www.edigilit.eu\/educodeproject\/wp-content\/uploads\/2025\/01\/image-21-768x562.png 768w\" sizes=\"auto, (max-width: 925px) 100vw, 925px\" \/><\/figure>\n<\/div>\n\n\n<p class=\"has-text-align-center\"><strong><strong>Drugo Sre\u010danje na Irskem<\/strong><\/strong><\/p>\n\n\n<div class=\"wp-block-image\">\n<figure class=\"aligncenter size-full\"><img loading=\"lazy\" decoding=\"async\" width=\"542\" height=\"792\" src=\"https:\/\/www.edigilit.eu\/educodeproject\/wp-content\/uploads\/2025\/01\/image-22.png\" alt=\"\" class=\"wp-image-186\" srcset=\"https:\/\/www.edigilit.eu\/educodeproject\/wp-content\/uploads\/2025\/01\/image-22.png 542w, https:\/\/www.edigilit.eu\/educodeproject\/wp-content\/uploads\/2025\/01\/image-22-205x300.png 205w\" sizes=\"auto, (max-width: 542px) 100vw, 542px\" \/><\/figure>\n<\/div>\n\n\n<p class=\"has-text-align-center\"><strong><strong>Tretji sestanek v Mariboru<\/strong><\/strong><\/p>\n\n\n<div class=\"wp-block-image\">\n<figure class=\"aligncenter size-full\"><img loading=\"lazy\" decoding=\"async\" width=\"933\" height=\"865\" src=\"https:\/\/www.edigilit.eu\/educodeproject\/wp-content\/uploads\/2025\/01\/image-23.png\" alt=\"\" class=\"wp-image-187\" srcset=\"https:\/\/www.edigilit.eu\/educodeproject\/wp-content\/uploads\/2025\/01\/image-23.png 933w, https:\/\/www.edigilit.eu\/educodeproject\/wp-content\/uploads\/2025\/01\/image-23-300x278.png 300w, https:\/\/www.edigilit.eu\/educodeproject\/wp-content\/uploads\/2025\/01\/image-23-768x712.png 768w\" sizes=\"auto, (max-width: 933px) 100vw, 933px\" \/><\/figure>\n<\/div>\n\n\n<p class=\"has-text-align-center\"><strong><strong>\u010cetrti sestanek na Hrva\u0161kem<\/strong><\/strong><\/p>\n\n\n<div class=\"wp-block-image\">\n<figure class=\"aligncenter size-full\"><img loading=\"lazy\" decoding=\"async\" width=\"707\" height=\"830\" src=\"https:\/\/www.edigilit.eu\/educodeproject\/wp-content\/uploads\/2025\/01\/image-24.png\" alt=\"\" class=\"wp-image-188\" srcset=\"https:\/\/www.edigilit.eu\/educodeproject\/wp-content\/uploads\/2025\/01\/image-24.png 707w, https:\/\/www.edigilit.eu\/educodeproject\/wp-content\/uploads\/2025\/01\/image-24-256x300.png 256w\" sizes=\"auto, (max-width: 707px) 100vw, 707px\" \/><\/figure>\n<\/div>\n\n\n<p><\/p>\n","protected":false},"excerpt":{"rendered":"<p>Kick-off Sestanek v Tur\u010diji Drugo Sre\u010danje na Irskem Tretji sestanek v Mariboru \u010cetrti sestanek na Hrva\u0161kem<\/p>\n","protected":false},"author":1,"featured_media":0,"parent":0,"menu_order":0,"comment_status":"closed","ping_status":"closed","template":"","meta":{"footnotes":""},"class_list":["post-193","page","type-page","status-publish","hentry"],"_links":{"self":[{"href":"https:\/\/www.edigilit.eu\/educodeproject\/wp-json\/wp\/v2\/pages\/193","targetHints":{"allow":["GET"]}}],"collection":[{"href":"https:\/\/www.edigilit.eu\/educodeproject\/wp-json\/wp\/v2\/pages"}],"about":[{"href":"https:\/\/www.edigilit.eu\/educodeproject\/wp-json\/wp\/v2\/types\/page"}],"author":[{"embeddable":true,"href":"https:\/\/www.edigilit.eu\/educodeproject\/wp-json\/wp\/v2\/users\/1"}],"replies":[{"embeddable":true,"href":"https:\/\/www.edigilit.eu\/educodeproject\/wp-json\/wp\/v2\/comments?post=193"}],"version-history":[{"count":1,"href":"https:\/\/www.edigilit.eu\/educodeproject\/wp-json\/wp\/v2\/pages\/193\/revisions"}],"predecessor-version":[{"id":195,"href":"https:\/\/www.edigilit.eu\/educodeproject\/wp-json\/wp\/v2\/pages\/193\/revisions\/195"}],"wp:attachment":[{"href":"https:\/\/www.edigilit.eu\/educodeproject\/wp-json\/wp\/v2\/media?parent=193"}],"curies":[{"name":"wp","href":"https:\/\/api.w.org\/{rel}","templated":true}]}}