{"id":20,"date":"2025-01-22T20:14:02","date_gmt":"2025-01-22T20:14:02","guid":{"rendered":"https:\/\/www.edigilit.eu\/educodeproject\/?page_id=20"},"modified":"2025-01-22T22:12:14","modified_gmt":"2025-01-22T22:12:14","slug":"partners","status":"publish","type":"page","link":"https:\/\/www.edigilit.eu\/educodeproject\/partners\/","title":{"rendered":"Partners"},"content":{"rendered":"\n<p>DOKUZ EYLUL UNIVERSITY \u2013 TURKEY<\/p>\n\n\n\n<p>Dokuz Eyl\u00fcl University is a state university established in 1982 in Izmir, the third biggest city of Turkey. Regarding its experience of more than 30 years in higher education, the university has the advantage of acting at the center of regional network of universities in the Aegean region. It is the largest university in the Aegean Region regarding the number of students, academic and administrative staff. DEU is a dynamic university which keeps growing with 14 faculties, 10 institutes and graduate schools, 3 schools, state conservatory, 7 vocational schools, 54 research centers. It also embodies Dokuz Eylul Technology Development Zone (DEPARK).<\/p>\n\n\n\n<p>Tel: +90 232 \u2013 3012249<\/p>\n\n\n\n<p>E \u2013 mail: ercan.akpinar@deu.edu.tr<\/p>\n\n\n\n<p>Web: www.akpinarercan.com<\/p>\n\n\n\n<p>ERCAN AKPINAR<\/p>\n\n\n\n<p>Tel: +90 232 \u2013 3012243<br>E \u2013 mail: bahar.baran@deu.edu.tr<br>Web: kisi.deu.edu.tr\/bahar.baran<\/p>\n\n\n\n<p>BAHAR BARAN<\/p>\n\n\n\n<p>Tel: +90 232 \u2013 3012243<br>E \u2013 mail: kursat.arslan@deu.edu.tr<br>Web: kisi.deu.edu.tr\/kursat.arslan<\/p>\n\n\n\n<p>KURSAT ARSLAN<\/p>\n\n\n\n<p>MARIBOR UNIVERSITY \u2013 SLOVENIA<\/p>\n\n\n\n<p>The University of Maribor (UM) is the second largest Slovene university and has seventeen faculties (Faculty of Economics and Business, Faculty of Electrical Engineering and Computer Science, Faculty of Energy Technology, Faculty of Civil Engineering, Faculty of Chemistry and Chemical Technology, Faculty of Agriculture and Life Sciences, Faculty of Logistics, Faculty of Natural Sciences and Mathematics, Faculty of Organizational Sciences, Faculty of Mechanical Engineering, Faculty of Tourism, Faculty of Criminal<br>Justice and Security, Faculty of Health Sciences, Faculty of Arts, Faculty of Medicine, Faculty of Education, Faculty of Law). Number of students in the academic year 2015\/2016 is 14.962 (10.756 BA; 4.206 MA; 276 PhD). The UM has 1724,94 staff members (1,038 teaching \u2013 pedagogical and research stuff, 701 administration and technical support), 17 faculties. University members implemented 27 vocational Bologna programmes, 55 academic programmes (1st degree study programmes), 71 second-cycle (master\u2019s) programmes and 34 doctoral programmes.<\/p>\n\n\n\n<p>Tel: 02\/22-93-898<br>E \u2013 mail: igor.pesek@um.si<\/p>\n\n\n\n<p>IGOR PESEK<\/p>\n\n\n\n<p>Tel: +386 (0)2 22 93 645<br>E \u2013 mail: marjan.krasna@um.si<br>Web: http:\/\/www.ff.um.si\/marjan\/<\/p>\n\n\n\n<p>MARJAN KRASNA<\/p>\n\n\n\n<p>Tel: 02\/22-93-809<br>E \u2013 mail: aleksander.vesel@um.si<\/p>\n\n\n\n<p>ALEKSANDER VESEL<\/p>\n\n\n\n<p>LIMERICK INSTITUTE OF TECHNOLOGY \u2013 IRELAND<\/p>\n\n\n\n<p>Limerick Institute of Technology (LIT) is an institution of higher education in Limerick publically funded by the Government of Ireland and set up under the IoT legislation. It is one of 13 such institutes in Ireland. The Institute has five<br>campuses spread across Limerick City, County Tipperary and County Clare in the Mid West Region of Ireland. LIT offers over 120 accredited courses from Level 6 certificates through to Level<br>10 (Ph.D.) across a range of disciplines including Information Technology, Applied Sciences, Social Sciences, Electrical, Electronic and Mechanical<br>Engineering, Business and Art &amp; Design. LIT also cater for craft apprentices, adult and continuing education, lifelong learning (on-line, blended and part-time) programmes. There are currently 610 staff at all campuses in LIT with 50% of these being academic staff. LIT is recognized for its active learning approach, it\u2019s applied research portfolio, social development inclusion and its enterprise<br>development.<\/p>\n\n\n\n<p>Tel: +353 (0)504 28114<br>E \u2013 mail: seamus.hoyne@lit.ie<br>Web: http:\/\/www.lit.ie\/RDI\/<\/p>\n\n\n\n<p>SEAMUS HOYNE<\/p>\n\n\n\n<p>Tel: +353 504 28040<br>E \u2013 mail: Elisabeth.obrien@lit.ie<\/p>\n\n\n\n<p>ELISABETH O&#8217;BRIEN<\/p>\n\n\n\n<p>ZAGREB UNIVERSITY \u2013 CROATIA<\/p>\n\n\n\n<p>Faculty of Organization and Informatics (FOI) is a medium-sized faculty belonging to the University of Zagreb (UNIZG) with 3,000 students and 140 employees. Active for 50 years now, it is considered the leading higher education institution in Croatia providing education in information technology and information sciences. UNIZG (1669) is the oldest<br>and the biggest university in SE Europe consisting of 33 faculties and art academies. With over 70,000 undergraduate, graduate and postgraduate students, UNIZG is the strongest teaching and research institution in Croatia and one of the most important higher institutions in the SE Europe.<br>Faculty of Organization and Informatics (FOI) is strong in the following research areas connected to the proposal: information systems and information technology, e-learning and open software, decision making and project management. FOI was the first faculty in Croatia to adopt the E-learning strategy (2008) which introduced that all courses should<br>be taught as blended learning using LMS Moodle.<\/p>\n\n\n\n<p>Tel: +385 42 390864<br>E \u2013 mail: dkermek@foi.hr<\/p>\n\n\n\n<p>DRAGUTIN KERMEK<\/p>\n\n\n\n<p>E \u2013 mail: predrag.oreski@ufzg.hr<\/p>\n\n\n\n<p>PREDRAG ORE\u0160K\u0130<\/p>\n\n\n\n<p>Tel: +385 42 390860<br>E \u2013 mail: goran.hajdin@foi.hr<\/p>\n\n\n\n<p>GORAN HAJDIN<\/p>\n\n\n\n<p>Tel: +385 42 390834<br>E \u2013 mail: darados@foi.hr<\/p>\n\n\n\n<p>DAN\u0130JEL RADO\u0160EV\u0130\u0106<\/p>\n\n\n\n<p>APEC \u2013 TURKEY<\/p>\n\n\n\n<p>Advanced Project Education Consulting (APEC) is a project and education consulting company. APEC is an educational enterprise that mainly focuses on<br>21st Century Skills Education, designing education programmes, developing occupational standarts and managing European Projects. APEC has 8 staff<br>composing of researchers, trainers and project experts. APEC provides 21st Century Skills Education for many colleges in Ankara including Critical Thinking,<br>Problem Solving and Information Literacy classes. Acquirement of Digital Skills are important part of Information Literacy classes. APEC also designs education programs and courses according to needs of companies and targeted groups, generally focusing on required skills in workplaces. APEC also carries training programme for the staff of company in needed fields. APEC also develops professional standarts in collaboration with relevant social partners and professional competency board. Professional competency and standarts of Youth Leaders and Mining Operators have been developed by APEC. APEC is also experienced in Project Management, has been developing and<br>carrying out projects in the most competitive programs out GAP, process, and job analysis. According to results of these analysis, APEC designs such as Horizon 2020, FP7, CIP, LLP, Erasmus +, IPA and Development Agency Programs.<\/p>\n\n\n\n<figure class=\"wp-block-image\"><img decoding=\"async\" src=\"http:\/\/educodeproject.org\/wp-content\/uploads\/2018\/05\/bozcelik.jpg\" alt=\"\"\/><\/figure>\n\n\n\n<p>Tel: +905055735246<br>E \u2013 mail: baris@apecdanismanlik.com.tr<br>Web: apecdanismanlik.com.tr<\/p>\n\n\n\n<p>BARIS OZCELIK<\/p>\n\n\n\n<figure class=\"wp-block-image\"><img decoding=\"async\" src=\"http:\/\/educodeproject.org\/wp-content\/uploads\/2018\/05\/yozkaya.jpg\" alt=\"\"\/><\/figure>\n\n\n\n<p>E \u2013 mail: yildirim@apecdanismanlik.com.tr<br>Web: apecdanismanlik.com.tr<\/p>\n\n\n\n<p>YILDIRIM OZKAYA<\/p>\n","protected":false},"excerpt":{"rendered":"<p>DOKUZ EYLUL UNIVERSITY \u2013 TURKEY Dokuz Eyl\u00fcl University is a state university established in 1982 in Izmir, the third biggest city of Turkey. Regarding its experience of more than 30 years in higher education, the university has the advantage of acting at the center of regional network of universities in the Aegean region. It is [&hellip;]<\/p>\n","protected":false},"author":1,"featured_media":0,"parent":0,"menu_order":0,"comment_status":"closed","ping_status":"closed","template":"","meta":{"footnotes":""},"class_list":["post-20","page","type-page","status-publish","hentry"],"_links":{"self":[{"href":"https:\/\/www.edigilit.eu\/educodeproject\/wp-json\/wp\/v2\/pages\/20","targetHints":{"allow":["GET"]}}],"collection":[{"href":"https:\/\/www.edigilit.eu\/educodeproject\/wp-json\/wp\/v2\/pages"}],"about":[{"href":"https:\/\/www.edigilit.eu\/educodeproject\/wp-json\/wp\/v2\/types\/page"}],"author":[{"embeddable":true,"href":"https:\/\/www.edigilit.eu\/educodeproject\/wp-json\/wp\/v2\/users\/1"}],"replies":[{"embeddable":true,"href":"https:\/\/www.edigilit.eu\/educodeproject\/wp-json\/wp\/v2\/comments?post=20"}],"version-history":[{"count":2,"href":"https:\/\/www.edigilit.eu\/educodeproject\/wp-json\/wp\/v2\/pages\/20\/revisions"}],"predecessor-version":[{"id":136,"href":"https:\/\/www.edigilit.eu\/educodeproject\/wp-json\/wp\/v2\/pages\/20\/revisions\/136"}],"wp:attachment":[{"href":"https:\/\/www.edigilit.eu\/educodeproject\/wp-json\/wp\/v2\/media?parent=20"}],"curies":[{"name":"wp","href":"https:\/\/api.w.org\/{rel}","templated":true}]}}