{"id":209,"date":"2025-01-22T22:54:15","date_gmt":"2025-01-22T22:54:15","guid":{"rendered":"https:\/\/www.edigilit.eu\/educodeproject\/?page_id=209"},"modified":"2025-01-22T22:54:16","modified_gmt":"2025-01-22T22:54:16","slug":"rezultati","status":"publish","type":"page","link":"https:\/\/www.edigilit.eu\/educodeproject\/sl\/rezultati\/","title":{"rendered":"Rezultati\u00a0"},"content":{"rendered":"\n<p>To poro\u010dilo je prvi rezultat, pripravljen v okviru projekta Erasmus + Key Action 2 \u2013 Strate\u0161kega partnerstva z naslovom \u201cPove\u010danje kompetentnosti u\u010diteljev ra\u010dunalni\u0161tva na podro\u010dju izobra\u017eevanja programiranja \u2013 EDUCODE\u201d, ki opisuje potrebe po usposabljanju ra\u010dunalni\u0161tva in pou\u010devanja med \u0161tudenti STEM predmetov, ki bodo u\u010dili programiranje v osnovnih in srednjih \u0161olah.<\/p>\n\n\n\n<p>To je kombinacija ankete in raziskovalnega dela, ki je bila izvedena za ugotavljanje potreb prihodnjih u\u010diteljev IKT in STEM predmetov, povezanih z izvajanjem izobra\u017eevanja programiranja v javnem \u0161olstvu.<\/p>\n\n\n\n<p><br>Poro\u010dilo vsebuje 7 poglavij, od katerih vsako prispeva svoj del k celotnemu rezultatu, ki bo<\/p>\n\n\n\n<ul class=\"wp-block-list\">\n<li>vsebine za u\u010dni na\u010drt in priro\u010dnik \u00a0\u201cPove\u010danje kompetentnosti u\u010diteljev ra\u010dunalni\u0161tva na podro\u010dju izobra\u017eevanja programiranja\u201d<\/li>\n\n\n\n<li>delo v zvezi s sodelovanjem z in\u0161truktorji (izvajalci usposabljanja), drugimi upravi\u010denci in tudi raziskovalci STEM predmetov.<\/li>\n\n\n\n<li>razlogi in na\u010dela vrednotenja dejavnosti usposabljanja<\/li>\n<\/ul>\n\n\n\n<p><strong>Poglavje 1<\/strong>&nbsp;je povzetek, ki vsebuje informacije o dokumentu TNA (Training needs analysis \u2013 analiza izobra\u017eevalnih potreb), skupaj s kratko razlago o tem, kako se obravnava analiza potreb po usposabljanju in povzetek vsebin za vsako poglavje.<\/p>\n\n\n\n<p><strong>Poglavje 2&nbsp;<\/strong>vsebuje uvod, vklju\u010dno s pregledom splo\u0161ne raziskovalne metodologije izvedene v \u0161tudiji, skupaj s kratkimi pojasnili o pou\u010devanju programiranja in njegovih pri\u010dakovanih u\u010dinkih na prihodnost izobra\u017eevanja.<\/p>\n\n\n\n<p><strong>Poglavje 3<\/strong>&nbsp;obravnava metodologijo raziskovanja skupaj s spremljajo\u010dimi interakcijami, procesi priprave in sestavljanjem vpra\u0161anj, prevodov in uporabe vpra\u0161alnikov na platformah za spletno anketiranje.<\/p>\n\n\n\n<p><strong>Poglavje 4<\/strong>&nbsp;vsebuje informacije o vzor\u010denju na \u0161tirih partnerskih univerzah, med katerimi so Univerza Dokuz Eyl\u00fcl, Univerza v Zagrebu, Tehnolo\u0161ki in\u0161titut Limerick in Univerza v Mariboru. V tem razdelku bomo razpravljali o statistiki osebnih podatkov udele\u017eencev, kot so starost, spol, letnik \u0161tudija in stopnji vklju\u010denosti v aktivnosti programiranja.<\/p>\n\n\n\n<p><strong>Poglavje 5<\/strong>&nbsp;opisuje proces globlje analize podatkov in transformacijo besedilnih odzivov v numeri\u010dno obliko, zdru\u017eevanje podatkov, preverjanje podatkov za popravke, izvajanje testov za primerjavo skupin in vizualizacijo podatkov.<\/p>\n\n\n\n<p><strong>Poglavje 6<\/strong>&nbsp;opredeljuje vhodne podatke iz vzor\u010denja in poglobljeno obravnava ugotovitve raziskav.<\/p>\n\n\n\n<p><strong>Poglavje 7<\/strong>&nbsp;vsebuje zaklju\u010dek, ki obravnava najpomembnej\u0161e potrebe po usposabljanju kot rezultat analize na splo\u0161no in na podlagi vzor\u010denja vsake partnerske univerze.<\/p>\n\n\n\n<p><strong>Analiza potreb po usposabljanju<\/strong><\/p>\n\n\n\n<p><br>Analiza potreb po usposabljanju naslednje naslednje argumente.<\/p>\n\n\n\n<ul class=\"wp-block-list\">\n<li>prepoznavanje vrzeli med sedanjimi in zahtevanimi ravnmi znanja, spretnosti in<\/li>\n\n\n\n<li>ugotoviti, kak\u0161na mora biti splo\u0161na vsebina usposabljanja<\/li>\n\n\n\n<li>Oblikovanje osnove na\u010drta usposabljanja<\/li>\n\n\n\n<li>Zagotoviti osnovo za vrednotenje na\u010drta usposabljanja<\/li>\n\n\n\n<li>Zagotoviti, da je pripravljeno ustrezno in relevantno usposabljanje.<\/li>\n<\/ul>\n\n\n\n<p>Ve\u010d si lahko preberete v\u00a0angle\u0161ki razli\u010dici.<\/p>\n\n\n\n<div data-wp-interactive=\"core\/file\" class=\"wp-block-file\"><object data-wp-bind--hidden=\"!state.hasPdfPreview\" hidden class=\"wp-block-file__embed\" data=\"https:\/\/www.edigilit.eu\/educodeproject\/wp-content\/uploads\/2025\/01\/slvn.pdf\" type=\"application\/pdf\" style=\"width:100%;height:600px\" aria-label=\"Embed of slvn.\"><\/object><a id=\"wp-block-file--media-fed2914d-6e18-4b6d-b774-fd696dba7d36\" href=\"https:\/\/www.edigilit.eu\/educodeproject\/wp-content\/uploads\/2025\/01\/slvn.pdf\">slvn<\/a><a href=\"https:\/\/www.edigilit.eu\/educodeproject\/wp-content\/uploads\/2025\/01\/slvn.pdf\" class=\"wp-block-file__button wp-element-button\" download aria-describedby=\"wp-block-file--media-fed2914d-6e18-4b6d-b774-fd696dba7d36\">Download<\/a><\/div>\n\n\n\n<p><strong>Kurikulum<\/strong><\/p>\n\n\n\n<div data-wp-interactive=\"core\/file\" class=\"wp-block-file\"><object data-wp-bind--hidden=\"!state.hasPdfPreview\" hidden class=\"wp-block-file__embed\" data=\"https:\/\/www.edigilit.eu\/educodeproject\/wp-content\/uploads\/2025\/01\/Ucni_nacrt.pdf\" type=\"application\/pdf\" style=\"width:100%;height:600px\" aria-label=\"Embed of Ucni_nacrt.\"><\/object><a id=\"wp-block-file--media-bd0a1e77-ce14-4434-9566-4cd65f693398\" href=\"https:\/\/www.edigilit.eu\/educodeproject\/wp-content\/uploads\/2025\/01\/Ucni_nacrt.pdf\">Ucni_nacrt<\/a><a href=\"https:\/\/www.edigilit.eu\/educodeproject\/wp-content\/uploads\/2025\/01\/Ucni_nacrt.pdf\" class=\"wp-block-file__button wp-element-button\" download aria-describedby=\"wp-block-file--media-bd0a1e77-ce14-4434-9566-4cd65f693398\">Download<\/a><\/div>\n\n\n\n<p><a href=\"http:\/\/educodeproject.org\/wp-content\/uploads\/2019\/08\/Handbook_slo.pdf\" target=\"_blank\" rel=\"noreferrer noopener\">Priro\u010dnik<\/a><\/p>\n\n\n\n<div data-wp-interactive=\"core\/file\" class=\"wp-block-file\"><object data-wp-bind--hidden=\"!state.hasPdfPreview\" hidden class=\"wp-block-file__embed\" data=\"https:\/\/www.edigilit.eu\/educodeproject\/wp-content\/uploads\/2025\/01\/Handbook_slo.pdf\" type=\"application\/pdf\" style=\"width:100%;height:600px\" aria-label=\"Embed of Handbook_slo.\"><\/object><a id=\"wp-block-file--media-bc7608be-044c-4d13-8e63-d626279d10a0\" href=\"https:\/\/www.edigilit.eu\/educodeproject\/wp-content\/uploads\/2025\/01\/Handbook_slo.pdf\">Handbook_slo<\/a><a href=\"https:\/\/www.edigilit.eu\/educodeproject\/wp-content\/uploads\/2025\/01\/Handbook_slo.pdf\" class=\"wp-block-file__button wp-element-button\" download aria-describedby=\"wp-block-file--media-bc7608be-044c-4d13-8e63-d626279d10a0\">Download<\/a><\/div>\n\n\n\n<p><\/p>\n\n\n\n<p><\/p>\n","protected":false},"excerpt":{"rendered":"<p>To poro\u010dilo je prvi rezultat, pripravljen v okviru projekta Erasmus + Key Action 2 \u2013 Strate\u0161kega partnerstva z naslovom \u201cPove\u010danje kompetentnosti u\u010diteljev ra\u010dunalni\u0161tva na podro\u010dju izobra\u017eevanja programiranja \u2013 EDUCODE\u201d, ki opisuje potrebe po usposabljanju ra\u010dunalni\u0161tva in pou\u010devanja med \u0161tudenti STEM predmetov, ki bodo u\u010dili programiranje v osnovnih in srednjih \u0161olah. To je kombinacija ankete in [&hellip;]<\/p>\n","protected":false},"author":1,"featured_media":0,"parent":0,"menu_order":0,"comment_status":"closed","ping_status":"closed","template":"","meta":{"footnotes":""},"class_list":["post-209","page","type-page","status-publish","hentry"],"_links":{"self":[{"href":"https:\/\/www.edigilit.eu\/educodeproject\/wp-json\/wp\/v2\/pages\/209","targetHints":{"allow":["GET"]}}],"collection":[{"href":"https:\/\/www.edigilit.eu\/educodeproject\/wp-json\/wp\/v2\/pages"}],"about":[{"href":"https:\/\/www.edigilit.eu\/educodeproject\/wp-json\/wp\/v2\/types\/page"}],"author":[{"embeddable":true,"href":"https:\/\/www.edigilit.eu\/educodeproject\/wp-json\/wp\/v2\/users\/1"}],"replies":[{"embeddable":true,"href":"https:\/\/www.edigilit.eu\/educodeproject\/wp-json\/wp\/v2\/comments?post=209"}],"version-history":[{"count":1,"href":"https:\/\/www.edigilit.eu\/educodeproject\/wp-json\/wp\/v2\/pages\/209\/revisions"}],"predecessor-version":[{"id":213,"href":"https:\/\/www.edigilit.eu\/educodeproject\/wp-json\/wp\/v2\/pages\/209\/revisions\/213"}],"wp:attachment":[{"href":"https:\/\/www.edigilit.eu\/educodeproject\/wp-json\/wp\/v2\/media?parent=209"}],"curies":[{"name":"wp","href":"https:\/\/api.w.org\/{rel}","templated":true}]}}