{"id":20,"date":"2018-04-27T07:32:25","date_gmt":"2018-04-27T07:32:25","guid":{"rendered":"http:\/\/educodeproject.org\/?page_id=20"},"modified":"2023-05-10T10:55:17","modified_gmt":"2023-05-10T10:55:17","slug":"partners","status":"publish","type":"page","link":"https:\/\/www.edigilit.eu\/p2dproject\/index.php\/partners\/","title":{"rendered":"Partners"},"content":{"rendered":"<p><section class=\"kc-elm kc-css-684499 kc_row\"><div class=\"kc-row-container  kc-container\"><div class=\"kc-wrap-columns\"><div class=\"kc-elm kc-css-460899 kc_col-sm-12 kc_column kc_col-sm-12\"><div class=\"kc-col-container\"><div class=\"kc-elm kc-css-970982 kc_shortcode kc_single_image\">\n\n        <img decoding=\"async\" src=\"https:\/\/www.edigilit.eu\/p2dproject\/wp-content\/uploads\/2020\/11\/usak-e1605648375287.png\" class=\"\" alt=\"\" \/>    <\/div>\n<div class=\"kc-elm kc-css-365809\" style=\"height: 15px; clear: both; width:100%;\"><\/div><div class=\"kc-elm kc-css-746687 kc-feature-boxes kc-fb-layout-2\">\n\n\t<div class=\"content-title\">U\u015eAK UNIVERSITY - TURKEY<\/div><div class=\"content-desc\">University of Usak, founded in 2006, is a dynamic and fast growing state university that has 12 faculties, 3 colleges, 11 vocational schools, 3 graduate schools and 25 research application centres. The University offers to a diverse and capable students a wide range of opportunities and challenges for learning and growth; and demands in return considerable contributions to the world of knowledge, vigorous and expanding additives in research, discovery, and application. The graduate schools, known as 'institutes', offer postgraduate courses and degrees including doctorals in three main areas: Natural Sciences, Social Sciences and Health Sciences. Each institute coordinates the curricula for its respective departments. The University of Usak is ambitious in training entrepreneurial students who form their job by creating their own business. Usak\r\nUniversity, with its academic units, teaching staff, number of students, physical capacity and scientific studies; with social, cultural and sports activities, is a university that stands out among the higher education institutions.\r\n<\/div>\n<\/div>\n<div class=\"kc-elm kc-css-343349\" style=\"height: 45px; clear: both; width:100%;\"><\/div><div class=\"kc-elm kc-css-24012 kc_row kc_row_inner\"><div class=\"kc-elm kc-css-488819 kc_col-sm-6 kc_column_inner kc_col-sm-6\"><div class=\"kc_wrapper kc-col-inner-container\">\n<div class=\"kc-elm kc-css-681898 kc-testimo kc-testi-layout-3\">\n\n\t<figure class=\"content-image\"><img decoding=\"async\" src=\"\" alt=\"\"><\/figure><div class=\"content-title\">\u0130BRAH\u0130M DELEN<\/div><div class=\"content-position\">Ph.D., Assoc. Prof.<\/div><div class=\"content-desc\">ibrahim.delen@usak.edu.tr\r\n<\/div>\n<\/div>\n<\/div><\/div><div class=\"kc-elm kc-css-668600 kc_col-sm-6 kc_column_inner kc_col-sm-6\"><div class=\"kc_wrapper kc-col-inner-container\">\n<div class=\"kc-elm kc-css-776384 kc-testimo kc-testi-layout-3\">\n\n\t<figure class=\"content-image\"><img decoding=\"async\" src=\"\" alt=\"\"><\/figure><div class=\"content-title\">Fatma \u00d6z\u00fcdo\u011fru<\/div><div class=\"content-position\">Ph.D., Assist. Prof.<\/div><div class=\"content-desc\">fatma.ozudogru@usak.edu.tr<\/div>\n<\/div>\n<\/div><\/div><\/div><div class=\"kc-elm kc-css-636936\" style=\"height: 45px; clear: both; width:100%;\"><\/div><\/div><\/div><\/div><\/div><\/section><section class=\"kc-elm kc-css-617902 kc_row\"><div class=\"kc-row-container  kc-container\"><div class=\"kc-wrap-columns\"><div class=\"kc-elm kc-css-586266 kc_col-sm-12 kc_column kc_col-sm-12\"><div class=\"kc-col-container\"><div class=\"kc-elm kc-css-697949 kc_shortcode kc_single_image\">\n\n        <img decoding=\"async\" src=\"https:\/\/www.edigilit.eu\/p2dproject\/wp-content\/uploads\/2020\/11\/deu-e1605649769505.png\" class=\"\" alt=\"\" \/>    <\/div>\n<div class=\"kc-elm kc-css-602832\" style=\"height: 16px; clear: both; width:100%;\"><\/div><div class=\"kc-elm kc-css-528293 kc-feature-boxes kc-fb-layout-2\">\n\n\t<div class=\"content-title\">DOKUZ EYLUL UNIVERSITY - TURKEY<\/div><div class=\"content-desc\">Dokuz Eyl\u00fcl University is a state university established in 1982 in Izmir, the third biggest city of Turkey. Regarding its experience of more than 30 years in higher education, the university has the advantage of acting at the center of regional network of universities in the Aegean region. It is the largest university in the Aegean Region regarding the number of students, academic and administrative staff. DEU is a dynamic university which keeps growing with 14 faculties, 10 institutes and graduate schools, 3 schools, state conservatory, 7 vocational schools, 54 research centers. It also embodies Dokuz Eylul Technology Development Zone (DEPARK).<\/div>\n<\/div>\n<div class=\"kc-elm kc-css-985886\" style=\"height: 45px; clear: both; width:100%;\"><\/div><div class=\"kc-elm kc-css-4064 kc_row kc_row_inner\"><div class=\"kc-elm kc-css-885320 kc_col-sm-6 kc_column_inner kc_col-sm-6\"><div class=\"kc_wrapper kc-col-inner-container\">\n<div class=\"kc-elm kc-css-2859 kc-testimo kc-testi-layout-3\">\n\n\t<figure class=\"content-image\"><img decoding=\"async\" src=\"\" alt=\"\"><\/figure><div class=\"content-title\">Ercan Akp\u0131nar<\/div><div class=\"content-position\">Prof. Dr.<\/div><div class=\"content-desc\">ercan.akpinar@deu.edu.tr<\/div>\n<\/div>\n<\/div><\/div><div class=\"kc-elm kc-css-158803 kc_col-sm-6 kc_column_inner kc_col-sm-6\"><div class=\"kc_wrapper kc-col-inner-container\">\n<div class=\"kc-elm kc-css-933616 kc-testimo kc-testi-layout-3\">\n\n\t<figure class=\"content-image\"><img decoding=\"async\" src=\"\" alt=\"\"><\/figure><div class=\"content-title\">G\u00fcl \u00dcnal \u00c7oban<\/div><div class=\"content-position\">Prof. Dr.<\/div><div class=\"content-desc\">gul.unal@deu.edu.tr\r\n<\/div>\n<\/div>\n<\/div><\/div><\/div><div class=\"kc-elm kc-css-156207 kc_row kc_row_inner\"><div class=\"kc-elm kc-css-365418 kc_col-sm-6 kc_column_inner kc_col-sm-6\"><div class=\"kc_wrapper kc-col-inner-container\">\n<div class=\"kc-elm kc-css-346677 kc-testimo kc-testi-layout-3\">\n\n\t<figure class=\"content-image\"><img decoding=\"async\" src=\"\" alt=\"\"><\/figure><div class=\"content-title\">Elif Bu\u011fra Kuzu Demir<\/div><div class=\"content-position\">Ph.D., Assist. Prof.<\/div><div class=\"content-desc\">elif.demir@deu.edu.tr<\/div>\n<\/div>\n<\/div><\/div><div class=\"kc-elm kc-css-782491 kc_col-sm-6 kc_column_inner kc_col-sm-6\"><div class=\"kc_wrapper kc-col-inner-container\">\n<div class=\"kc-elm kc-css-149524 kc-testimo kc-testi-layout-3\">\n\n\t<figure class=\"content-image\"><img decoding=\"async\" src=\"\" alt=\"\"><\/figure><div class=\"content-title\">Kadir Demir<\/div><div class=\"content-position\">Ph.D., Res. Assist.<\/div><div class=\"content-desc\">kadir.demir@deu.edu.tr<\/div>\n<\/div>\n<\/div><\/div><\/div><div class=\"kc-elm kc-css-138357\" style=\"height: 45px; clear: both; width:100%;\"><\/div><div class=\"kc-elm kc-css-691880 kc_row kc_row_inner\"><div class=\"kc-elm kc-css-797034 kc_col-sm-6 kc_column_inner kc_col-sm-6\"><div class=\"kc_wrapper kc-col-inner-container\">\n<div class=\"kc-elm kc-css-61156 kc-testimo kc-testi-layout-3\">\n\n\t<figure class=\"content-image\"><img decoding=\"async\" src=\"\" alt=\"\"><\/figure><div class=\"content-title\">Yasemin Kahyao\u011flu Erdo\u011fmu\u015f<\/div><div class=\"content-position\">Ph.D., Res. Assist.<\/div><div class=\"content-desc\">yasemin.kahyaoglu@deu.edu.tr<\/div>\n<\/div>\n<\/div><\/div><div class=\"kc-elm kc-css-140408 kc_col-sm-6 kc_column_inner kc_col-sm-6\"><div class=\"kc_wrapper kc-col-inner-container\">\n<div class=\"kc-elm kc-css-587206 kc-testimo kc-testi-layout-3\">\n\n\t<figure class=\"content-image\"><img decoding=\"async\" src=\"\" alt=\"\"><\/figure><div class=\"content-title\">Ay\u015fe B\u00fcber K\u0131l\u0131n\u00e7<\/div><div class=\"content-position\">MsC, Res. Assist.<\/div><div class=\"content-desc\">ayse.buber@deu.edu.tr<\/div>\n<\/div>\n<\/div><\/div><\/div><div class=\"kc-elm kc-css-675989\" style=\"height: 45px; clear: both; width:100%;\"><\/div><\/div><\/div><\/div><\/div><\/section><section class=\"kc-elm kc-css-265593 kc_row\"><div class=\"kc-row-container  kc-container\"><div class=\"kc-wrap-columns\"><div class=\"kc-elm kc-css-469429 kc_col-sm-12 kc_column kc_col-sm-12\"><div class=\"kc-col-container\"><div class=\"kc-elm kc-css-62780 kc_shortcode kc_single_image\">\n\n        <img decoding=\"async\" src=\"https:\/\/www.edigilit.eu\/p2dproject\/wp-content\/uploads\/2020\/11\/eindhoven-1-e1605650166338.png\" class=\"\" alt=\"\" \/>    <\/div>\n<div class=\"kc-elm kc-css-268889\" style=\"height: 14px; clear: both; width:100%;\"><\/div><div class=\"kc-elm kc-css-872397 kc-feature-boxes kc-fb-layout-2\">\n\n\t<div class=\"content-title\"> Eindhoven University of Technology - Netherlands<\/div><div class=\"content-desc\">The Eindhoven University of Technology (Dutch: Technische Universiteit Eindhoven), abbr. TU\/e, is a technical university in the Netherlands, located in the city of Eindhoven. The University has been placed in the top 200 universities in the world by five major ranking tables. The 2019 QS World University Rankings place Eindhoven 99th in the world, 34th in Europe, and 3rd in the Netherlands - TU\/e has moved up 59 places in this world ranking since 2012 (in two other main world rankings it is 167th and 51-75th). TU\/e is the Dutch member of the EuroTech Universities Alliance, a strategic partnership of universities of science & technology in Europe: Technical University of Denmark (DTU), \u00c9cole Polytechnique F\u00e9d\u00e9rale de Lausanne (EPFL), \u00c9cole Polytechnique (L\u2019X), The Technion, Eindhoven University of Technology (TU\/e), and Technical University of Munich (TUM).<\/div>\n<\/div>\n<div class=\"kc-elm kc-css-333864\" style=\"height: 45px; clear: both; width:100%;\"><\/div><div class=\"kc-elm kc-css-637131 kc_row kc_row_inner\"><div class=\"kc-elm kc-css-934549 kc_col-sm-6 kc_column_inner kc_col-sm-6\"><div class=\"kc_wrapper kc-col-inner-container\">\n<div class=\"kc-elm kc-css-230704 kc-testimo kc-testi-layout-3\">\n\n\t<figure class=\"content-image\"><img decoding=\"async\" src=\"\" alt=\"\"><\/figure><div class=\"content-title\">Durdane Bayram Jacobs<\/div><div class=\"content-position\">Ph.D., Assist. Prof.<\/div><div class=\"content-desc\">d.bayram.jacobs@tue.nl<\/div>\n<\/div>\n<\/div><\/div><div class=\"kc-elm kc-css-600257 kc_col-sm-6 kc_column_inner kc_col-sm-6\"><div class=\"kc_wrapper kc-col-inner-container\"><\/div><\/div><\/div><div class=\"kc-elm kc-css-378620\" style=\"height: 45px; clear: both; width:100%;\"><\/div><\/div><\/div><\/div><\/div><\/section><section class=\"kc-elm kc-css-143709 kc_row\"><div class=\"kc-row-container  kc-container\"><div class=\"kc-wrap-columns\"><div class=\"kc-elm kc-css-760998 kc_col-sm-12 kc_column kc_col-sm-12\"><div class=\"kc-col-container\"><div class=\"kc-elm kc-css-845135 kc_shortcode kc_single_image\">\n\n        <img decoding=\"async\" src=\"https:\/\/www.edigilit.eu\/p2dproject\/wp-content\/uploads\/2020\/11\/usc-1-e1605688066727.png\" class=\"\" alt=\"\" \/>    <\/div>\n<div class=\"kc-elm kc-css-213359\" style=\"height: 20px; clear: both; width:100%;\"><\/div><div class=\"kc-elm kc-css-343062 kc-feature-boxes kc-fb-layout-2\">\n\n\t<div class=\"content-title\">University of Santiago de Compostela - Spain<\/div><div class=\"content-desc\">The USC is one of the nine Spanish universities included in the 2014 edition of the Academic Ranking of World Universities compiled by the Shanghai Jiao Tong University. Academic\r\ndevelopment, highly acknowledged researchers, papers published in scientific journals is some of the criteria selected by the Chinese institution, which handles data from 2,000 universities. The USC is in the vanguard of promoting the funding of university enterprise and knowledge. It has managed to attract the interest of other universities and the backing of national investors, in order to create venture capital societies at the service of university research.<\/div>\n<\/div>\n<div class=\"kc-elm kc-css-350989\" style=\"height: 45px; clear: both; width:100%;\"><\/div><div class=\"kc-elm kc-css-464306 kc_row kc_row_inner\"><div class=\"kc-elm kc-css-344633 kc_col-sm-6 kc_column_inner kc_col-sm-6\"><div class=\"kc_wrapper kc-col-inner-container\">\n<div class=\"kc-elm kc-css-12607 kc-testimo kc-testi-layout-3\">\n\n\t<figure class=\"content-image\"><img decoding=\"async\" src=\"\" alt=\"\"><\/figure><div class=\"content-title\">Blanca Puig Mauriz<\/div><div class=\"content-position\">Prof. Dr.<\/div><div class=\"content-desc\">lanca.puig@usc.es\r\n<\/div>\n<\/div>\n<\/div><\/div><div class=\"kc-elm kc-css-320273 kc_col-sm-6 kc_column_inner kc_col-sm-6\"><div class=\"kc_wrapper kc-col-inner-container\">\n<div class=\"kc-elm kc-css-742592 kc-testimo kc-testi-layout-3\">\n\n\t<figure class=\"content-image\"><img decoding=\"async\" src=\"\" alt=\"\"><\/figure><div class=\"content-title\">Pablo Brocos Mosquera<\/div><div class=\"content-desc\">pablo.brocos@usc.es\r\n<\/div>\n<\/div>\n<\/div><\/div><\/div><div class=\"kc-elm kc-css-571249\" style=\"height: 45px; clear: both; width:100%;\"><\/div><div class=\"kc-elm kc-css-569601 kc_row kc_row_inner\"><div class=\"kc-elm kc-css-238645 kc_col-sm-6 kc_column_inner kc_col-sm-6\"><div class=\"kc_wrapper kc-col-inner-container\">\n<div class=\"kc-elm kc-css-790560 kc-testimo kc-testi-layout-3\">\n\n\t<figure class=\"content-image\"><img decoding=\"async\" src=\"\" alt=\"\"><\/figure><div class=\"content-title\">Mar\u00eda Pilar Jim\u00e9nez Aleixandre<\/div>\n<\/div>\n<\/div><\/div><div class=\"kc-elm kc-css-687113 kc_col-sm-6 kc_column_inner kc_col-sm-6\"><div class=\"kc_wrapper kc-col-inner-container\"><\/div><\/div><\/div><\/div><\/div><\/div><\/div><\/section><section class=\"kc-elm kc-css-900629 kc_row\"><div class=\"kc-row-container  kc-container\"><div class=\"kc-wrap-columns\"><div class=\"kc-elm kc-css-866766 kc_col-sm-12 kc_column kc_col-sm-12\"><div class=\"kc-col-container\"><div class=\"kc-elm kc-css-578778 kc_shortcode kc_single_image\">\n\n        <img decoding=\"async\" src=\"https:\/\/www.edigilit.eu\/p2dproject\/wp-content\/uploads\/2020\/11\/padua-e1605688912903.png\" class=\"\" alt=\"\" \/>    <\/div>\n<div class=\"kc-elm kc-css-872424\" style=\"height: 20px; clear: both; width:100%;\"><\/div><div class=\"kc-elm kc-css-785657 kc-feature-boxes kc-fb-layout-2\">\n\n\t<div class=\"content-title\">University of Padua - Italy<\/div><div class=\"content-desc\">Dating back to 1222, the University of Padova (UNIPD) is one of Europe\u2019s oldest and most prestigious seats of learning. UNIPD offers its students 32 departments, 37 doctoral degree\r\ncourses activated this year, 2 international doctoral degree courses and 44 research and service centres across the spectrum of sciences, medicine, social sciences and humanities.\r\nUNIPD is one of the first subscribers of the Statement of Commitment for the implementation of the European Charter of Researchers and the Code of Conduct for the Recruitment of Researchers (C&C). The University was rewarded with the \u2018HR Excellence in Research\u2019 logo by the European Commission on the 27th, February 2012. The logo has been displayed on the UNIPD homepage since the beginning of March 2012. \r\nThe International Research Office of UNIPD is a Euraxess Contact Point and a reference point for departments, research centres that intend to make use of EU and international funds for research projects. The report issued by the National Agency for the Evaluation of Universities and Research Institutes set the University of Padova as the highest ranking among leading Italian Universities for the quality of its research results for the period 2011 - 2014.<\/div>\n<\/div>\n<div class=\"kc-elm kc-css-594637\" style=\"height: 45px; clear: both; width:100%;\"><\/div><div class=\"kc-elm kc-css-800883 kc_row kc_row_inner\"><div class=\"kc-elm kc-css-78999 kc_col-sm-6 kc_column_inner kc_col-sm-6\"><div class=\"kc_wrapper kc-col-inner-container\">\n<div class=\"kc-elm kc-css-258747 kc-testimo kc-testi-layout-3\">\n\n\t<figure class=\"content-image\"><img decoding=\"async\" src=\"\" alt=\"\"><\/figure><div class=\"content-title\">Michele Biasutti<\/div><div class=\"content-position\">Assoc. Prof. Dr.<\/div><div class=\"content-desc\">michele.biasutti@unipd.it<\/div>\n<\/div>\n<\/div><\/div><div class=\"kc-elm kc-css-575023 kc_col-sm-6 kc_column_inner kc_col-sm-6\"><div class=\"kc_wrapper kc-col-inner-container\">\n<div class=\"kc-elm kc-css-934409 kc-testimo kc-testi-layout-3\">\n\n\t<figure class=\"content-image\"><img decoding=\"async\" src=\"\" alt=\"\"><\/figure><div class=\"content-title\">Sergio Canazza<\/div><div class=\"content-position\">Ph.D., Assoc. Prof.<\/div><div class=\"content-desc\">sergio.canazzaq@dei.unipd.it<\/div>\n<\/div>\n<\/div><\/div><\/div><div class=\"kc-elm kc-css-746117\" style=\"height: 45px; clear: both; width:100%;\"><\/div><div class=\"kc-elm kc-css-504625 kc_row kc_row_inner\"><div class=\"kc-elm kc-css-174391 kc_col-sm-6 kc_column_inner kc_col-sm-6\"><div class=\"kc_wrapper kc-col-inner-container\">\n<div class=\"kc-elm kc-css-497385 kc-testimo kc-testi-layout-3\">\n\n\t<figure class=\"content-image\"><img decoding=\"async\" src=\"\" alt=\"\"><\/figure><div class=\"content-title\">Concina Eleonora<\/div><div class=\"content-position\">Ph.D.<\/div>\n<\/div>\n<\/div><\/div><div class=\"kc-elm kc-css-469037 kc_col-sm-6 kc_column_inner kc_col-sm-6\"><div class=\"kc_wrapper kc-col-inner-container\">\n<div class=\"kc-elm kc-css-875023 kc-testimo kc-testi-layout-3\">\n\n\t<figure class=\"content-image\"><img decoding=\"async\" src=\"\" alt=\"\"><\/figure><div class=\"content-title\">Sara Frate<\/div>\n<\/div>\n<\/div><\/div><\/div><div class=\"kc-elm kc-css-998909\" style=\"height: 45px; clear: both; width:100%;\"><\/div><\/div><\/div><\/div><\/div><\/section><\/p>\n","protected":false},"excerpt":{"rendered":"","protected":false},"author":1,"featured_media":0,"parent":0,"menu_order":0,"comment_status":"closed","ping_status":"closed","template":"","meta":{"site-sidebar-layout":"default","site-content-layout":"default","ast-site-content-layout":"default","site-content-style":"default","site-sidebar-style":"default","ast-global-header-display":"","ast-banner-title-visibility":"","ast-main-header-display":"","ast-hfb-above-header-display":"","ast-hfb-below-header-display":"","ast-hfb-mobile-header-display":"","site-post-title":"","ast-breadcrumbs-content":"","ast-featured-img":"","footer-sml-layout":"","ast-disable-related-posts":"","theme-transparent-header-meta":"default","adv-header-id-meta":"","stick-header-meta":"","header-above-stick-meta":"","header-main-stick-meta":"","header-below-stick-meta":"","astra-migrate-meta-layouts":"default","ast-page-background-enabled":"default","ast-page-background-meta":{"desktop":{"background-color":"var(--ast-global-color-4)","background-image":"","background-repeat":"repeat","background-position":"center center","background-size":"auto","background-attachment":"scroll","background-type":"","background-media":"","overlay-type":"","overlay-color":"","overlay-opacity":"","overlay-gradient":""},"tablet":{"background-color":"","background-image":"","background-repeat":"repeat","background-position":"center center","background-size":"auto","background-attachment":"scroll","background-type":"","background-media":"","overlay-type":"","overlay-color":"","overlay-opacity":"","overlay-gradient":""},"mobile":{"background-color":"","background-image":"","background-repeat":"repeat","background-position":"center center","background-size":"auto","background-attachment":"scroll","background-type":"","background-media":"","overlay-type":"","overlay-color":"","overlay-opacity":"","overlay-gradient":""}},"ast-content-background-meta":{"desktop":{"background-color":"var(--ast-global-color-5)","background-image":"","background-repeat":"repeat","background-position":"center center","background-size":"auto","background-attachment":"scroll","background-type":"","background-media":"","overlay-type":"","overlay-color":"","overlay-opacity":"","overlay-gradient":""},"tablet":{"background-color":"var(--ast-global-color-5)","background-image":"","background-repeat":"repeat","background-position":"center center","background-size":"auto","background-attachment":"scroll","background-type":"","background-media":"","overlay-type":"","overlay-color":"","overlay-opacity":"","overlay-gradient":""},"mobile":{"background-color":"var(--ast-global-color-5)","background-image":"","background-repeat":"repeat","background-position":"center center","background-size":"auto","background-attachment":"scroll","background-type":"","background-media":"","overlay-type":"","overlay-color":"","overlay-opacity":"","overlay-gradient":""}},"footnotes":""},"class_list":["post-20","page","type-page","status-publish","hentry"],"_links":{"self":[{"href":"https:\/\/www.edigilit.eu\/p2dproject\/index.php\/wp-json\/wp\/v2\/pages\/20","targetHints":{"allow":["GET"]}}],"collection":[{"href":"https:\/\/www.edigilit.eu\/p2dproject\/index.php\/wp-json\/wp\/v2\/pages"}],"about":[{"href":"https:\/\/www.edigilit.eu\/p2dproject\/index.php\/wp-json\/wp\/v2\/types\/page"}],"author":[{"embeddable":true,"href":"https:\/\/www.edigilit.eu\/p2dproject\/index.php\/wp-json\/wp\/v2\/users\/1"}],"replies":[{"embeddable":true,"href":"https:\/\/www.edigilit.eu\/p2dproject\/index.php\/wp-json\/wp\/v2\/comments?post=20"}],"version-history":[{"count":69,"href":"https:\/\/www.edigilit.eu\/p2dproject\/index.php\/wp-json\/wp\/v2\/pages\/20\/revisions"}],"predecessor-version":[{"id":4425,"href":"https:\/\/www.edigilit.eu\/p2dproject\/index.php\/wp-json\/wp\/v2\/pages\/20\/revisions\/4425"}],"wp:attachment":[{"href":"https:\/\/www.edigilit.eu\/p2dproject\/index.php\/wp-json\/wp\/v2\/media?parent=20"}],"curies":[{"name":"wp","href":"https:\/\/api.w.org\/{rel}","templated":true}]}}