{"id":22,"date":"2018-04-27T07:32:34","date_gmt":"2018-04-27T07:32:34","guid":{"rendered":"http:\/\/educodeproject.org\/?page_id=22"},"modified":"2023-09-09T12:08:37","modified_gmt":"2023-09-09T12:08:37","slug":"publications","status":"publish","type":"page","link":"https:\/\/www.edigilit.eu\/p2dproject\/index.php\/publications\/","title":{"rendered":"Publications"},"content":{"rendered":"\n<ul class=\"wp-block-list\"><li>P2D group published a new article and it\u2019s available to view online. <a rel=\"noreferrer noopener\" href=\"https:\/\/l.facebook.com\/l.php?u=https%3A%2F%2Flink.springer.com%2Farticle%2F10.1007%2Fs00163-023-00425-3%3Ffbclid%3DIwAR1NT4C12osfo2iSn0Z7XB842VSqS5UmiLeJfAUAar5ApNxEaEvH_F8xdjw&amp;h=AT0JoiEngmLrOAGTqE7fj6SboxrADlQhtz2vyX__J8ZErMvwGKK_v32i93blL_9UgRGKlAVyTSLwssjsUsrchrAUJgcqdIcSJSdRonGnWP61XO9Vi9OzDy8h-FCyIKNVDDzD0nc54mgaBN50I6Gt&amp;__tn__=-UK-R&amp;c[0]=AT1hyxXp0qKAc5Bm-0b_0F_ftk92WUnwmcvfqV4wNv-jB-kSAKbM9SXRpiIpWxdx7WIG9qjh-c56OxH-lL9I0UlfMcS2M_y79UWABzCW-hfdyJ32sR6-qLwHBc8e4ACdIakAHWjZGbA-JX6wepQqSuQzJFB9pDO1IaVPzW_GY9uvyW2XHoJSDN_oqwy20gnfaRUS3jjjWxBprzcRrA_VPT3w\" target=\"_blank\">https:\/\/link.springer.com\/article\/10.1007\/s00163-023-00425-3<\/a> <\/li><li>P2D team organized a syposium in ESERA 2023 conference For more information: <a rel=\"noreferrer noopener\" href=\"https:\/\/virtual.oxfordabstracts.com\/\" target=\"_blank\">https:\/\/virtual.oxfordabstracts.com\/#\/event\/3790\/symposium\/33<\/a><\/li><li>Delen, I., &amp; Sen, S. (2022). Effect of design\u2010based learning on achievement in K\u201012 education: A meta\u2010analysis.\u00a0<em>Journal of Research in Science Teaching<\/em>.<\/li><li>Delen, I., &amp; Yuksel, T. (2022). Understanding trends in engineering design and design-based learning studies with a bibliometric approach.\u00a0<em>European Journal of Engineering Education<\/em>, 1-19.<\/li><li>Delen, \u0130., \u00d6z\u00fcdo\u011fru, F., &amp; Yava\u015f, B. (2021). Designing During the Pandemic: Understanding Teachers&#8217; Challenges in eTwinning Projects.\u00a0<em>Design &amp; Technology Education<\/em>,\u00a0<em>26<\/em>(4) : <a rel=\"noreferrer noopener\" href=\"https:\/\/www.researchgate.net\/profile\/Fatma-Oezuedogru\/publication\/357131010_Designing_During_the_Pandemic_Understanding_Teachers'_Challenges_in_eTwinning_Projects\/links\/61bcc84663bbd932429db403\/Designing-During-the-Pandemic-Understanding-Teachers-Challenges-in-eTwinning-Projects.pdf\" target=\"_blank\">https:\/\/www.researchgate.net\/profile\/Fatma-Oezuedogru\/publication\/357131010_Designing_During_the_Pandemic_Understanding_Teachers&#8217;_Challenges_in_eTwinning_Projects\/links\/61bcc84663bbd932429db403\/Designing-During-the-Pandemic-Understanding-Teachers-Challenges-in-eTwinning-Projects.pdf<\/a><\/li><li>New publications of the project will be added to this page<\/li><\/ul>\n","protected":false},"excerpt":{"rendered":"<p>P2D group published a new article and it\u2019s available to view online. https:\/\/link.springer.com\/article\/10.1007\/s00163-023-00425-3 P2D team organized a syposium in ESERA 2023 conference For more information: https:\/\/virtual.oxfordabstracts.com\/#\/event\/3790\/symposium\/33 Delen, I., &amp; Sen, S. (2022). Effect of design\u2010based learning on achievement in K\u201012 education: A meta\u2010analysis.\u00a0Journal of Research in Science Teaching. Delen, I., &amp; Yuksel, T. (2022). Understanding [&hellip;]<\/p>\n","protected":false},"author":1,"featured_media":0,"parent":0,"menu_order":0,"comment_status":"closed","ping_status":"closed","template":"","meta":{"site-sidebar-layout":"default","site-content-layout":"","ast-site-content-layout":"default","site-content-style":"default","site-sidebar-style":"default","ast-global-header-display":"","ast-banner-title-visibility":"","ast-main-header-display":"","ast-hfb-above-header-display":"","ast-hfb-below-header-display":"","ast-hfb-mobile-header-display":"","site-post-title":"","ast-breadcrumbs-content":"","ast-featured-img":"","footer-sml-layout":"","ast-disable-related-posts":"","theme-transparent-header-meta":"","adv-header-id-meta":"","stick-header-meta":"","header-above-stick-meta":"","header-main-stick-meta":"","header-below-stick-meta":"","astra-migrate-meta-layouts":"default","ast-page-background-enabled":"default","ast-page-background-meta":{"desktop":{"background-color":"var(--ast-global-color-4)","background-image":"","background-repeat":"repeat","background-position":"center center","background-size":"auto","background-attachment":"scroll","background-type":"","background-media":"","overlay-type":"","overlay-color":"","overlay-opacity":"","overlay-gradient":""},"tablet":{"background-color":"","background-image":"","background-repeat":"repeat","background-position":"center center","background-size":"auto","background-attachment":"scroll","background-type":"","background-media":"","overlay-type":"","overlay-color":"","overlay-opacity":"","overlay-gradient":""},"mobile":{"background-color":"","background-image":"","background-repeat":"repeat","background-position":"center center","background-size":"auto","background-attachment":"scroll","background-type":"","background-media":"","overlay-type":"","overlay-color":"","overlay-opacity":"","overlay-gradient":""}},"ast-content-background-meta":{"desktop":{"background-color":"var(--ast-global-color-5)","background-image":"","background-repeat":"repeat","background-position":"center center","background-size":"auto","background-attachment":"scroll","background-type":"","background-media":"","overlay-type":"","overlay-color":"","overlay-opacity":"","overlay-gradient":""},"tablet":{"background-color":"var(--ast-global-color-5)","background-image":"","background-repeat":"repeat","background-position":"center center","background-size":"auto","background-attachment":"scroll","background-type":"","background-media":"","overlay-type":"","overlay-color":"","overlay-opacity":"","overlay-gradient":""},"mobile":{"background-color":"var(--ast-global-color-5)","background-image":"","background-repeat":"repeat","background-position":"center center","background-size":"auto","background-attachment":"scroll","background-type":"","background-media":"","overlay-type":"","overlay-color":"","overlay-opacity":"","overlay-gradient":""}},"footnotes":""},"class_list":["post-22","page","type-page","status-publish","hentry"],"_links":{"self":[{"href":"https:\/\/www.edigilit.eu\/p2dproject\/index.php\/wp-json\/wp\/v2\/pages\/22","targetHints":{"allow":["GET"]}}],"collection":[{"href":"https:\/\/www.edigilit.eu\/p2dproject\/index.php\/wp-json\/wp\/v2\/pages"}],"about":[{"href":"https:\/\/www.edigilit.eu\/p2dproject\/index.php\/wp-json\/wp\/v2\/types\/page"}],"author":[{"embeddable":true,"href":"https:\/\/www.edigilit.eu\/p2dproject\/index.php\/wp-json\/wp\/v2\/users\/1"}],"replies":[{"embeddable":true,"href":"https:\/\/www.edigilit.eu\/p2dproject\/index.php\/wp-json\/wp\/v2\/comments?post=22"}],"version-history":[{"count":6,"href":"https:\/\/www.edigilit.eu\/p2dproject\/index.php\/wp-json\/wp\/v2\/pages\/22\/revisions"}],"predecessor-version":[{"id":4621,"href":"https:\/\/www.edigilit.eu\/p2dproject\/index.php\/wp-json\/wp\/v2\/pages\/22\/revisions\/4621"}],"wp:attachment":[{"href":"https:\/\/www.edigilit.eu\/p2dproject\/index.php\/wp-json\/wp\/v2\/media?parent=22"}],"curies":[{"name":"wp","href":"https:\/\/api.w.org\/{rel}","templated":true}]}}