{"id":4029,"date":"2020-12-23T09:16:45","date_gmt":"2020-12-23T09:16:45","guid":{"rendered":"https:\/\/www.edigilit.eu\/p2dproject\/?page_id=4029"},"modified":"2023-07-10T12:23:15","modified_gmt":"2023-07-10T12:23:15","slug":"4029-2","status":"publish","type":"page","link":"https:\/\/www.edigilit.eu\/p2dproject\/index.php\/tr\/","title":{"rendered":"Anasayfa"},"content":{"rendered":"<p><section class=\"kc-elm kc-css-774334 kc_row\"><div class=\"kc-row-container  kc-container\"><div class=\"kc-wrap-columns\"><div class=\"kc-elm kc-css-637480 kc_col-sm-12 kc_column kc_col-sm-12\"><div class=\"kc-col-container\"><div class=\"sabbi-site-head\"><div class=\"sabbi-site-header-meta kc-elm kc-css-322156\" >\n            <div class=\"site-hmsl-content text-center pt_60\">\n                <div class=\"seq seq--kawsa\" id=\"sequence\" data-slideautoPlay=\"true\" data-slideautoPlayInterval=\"5000\">\n                    <div class=\"seq-screen\">\n                        <ul class=\"seq-canvas\"><li class=\"seq-step1\" id=\"step1\" style=\"background-image:url(https:\/\/www.edigilit.eu\/p2dproject\/wp-content\/uploads\/2020\/11\/book-with-green-board-background-scaled.jpg)\">\n                                <div class=\"bg-blend\"><\/div>\n                                <div class=\"seq-content\" ><h2 class=\"seq-title tt_up\" data-seq=\"\">P2D<\/h2><div class=\"seq-meta\" data-seq=\"\">\n                                            <p class=\"seq-meta-text\">Tasar\u0131m\u0131n \u0130lerlemesi ve Pedagojisi:\r\n\u00d6\u011fretmen E\u011fitim Programlar\u0131nda Tasar\u0131m Tabanl\u0131 Pedagojinin Kavramsalla\u015ft\u0131r\u0131lmas\u0131 \r\n<\/p>\n                                        <\/div><a href=\"#\" title=\"btn title\" target=\"_self\" class=\"btn-link btn-more\"><\/a><\/div>\n                            <\/li><\/ul>\n                        <div class=\"sec-navigate-wrap pos-y_center\">\n                            <button type=\"button\" class=\"seq-next\"><\/button>\n                            <button type=\"button\" class=\"seq-prev\"><\/button>\n                        <\/div>\n                    <\/div>\n                <\/div>\n            <\/div>\n        <\/div>\n        <\/div>\n<div class=\"kc-elm kc-css-633853 kc-image-hover-effects kc-img-effects- default\">\n\n\t<a href=\"\" rel=\"prettyPhoto\" class=\"kc-pretty-photo\"><img decoding=\"async\" src=\"\" alt=\"\"\/><\/a><a href=\"\" rel=\"prettyPhoto\" class=\"kc-pretty-photo\"><div class=\"overlay-effects\"><div class=\"content-title\">KingComposer<\/div><\/div><\/a>\n<\/div><div class=\"kc-elm kc-css-724996\" style=\"height: 20px; clear: both; width:100%;\"><\/div><div class=\"kc-elm kc-css-463876\" style=\"height: 20px; clear: both; width:100%;\"><\/div><div class=\"kc-elm kc-css-602470 kc-feature-boxes kc-fb-layout-2\">\n\n\t<div class=\"content-title\">PROJE NO: 2020-1-TR01-KA203-094180<\/div>\n<\/div>\n<div class=\"kc-elm kc-css-870881\" style=\"height: 20px; clear: both; width:100%;\"><\/div><div class=\"kc-elm kc-css-776980 kc_text_block\"><\/p>\n<p>\u00a0 \u00a0 \u00a0 \u00a0 \u00a0 \u00a0 \u00a0P2D projesi iki a\u015famada yap\u0131land\u0131r\u0131lm\u0131\u015ft\u0131r. Projenin ilk a\u015famas\u0131nda, proje ekibi disiplinler aras\u0131 d\u00fc\u015f\u00fcnmeyi destekleyen etkinlikler sunarak \u00f6\u011fretmen e\u011fitimi ve \u00f6\u011fretmenler i\u00e7in k\u0131lavuz kitap ve tasar\u0131ma dayal\u0131 pedagojiyi \u00f6l\u00e7mek i\u00e7in \u00e7e\u015fitli \u00f6l\u00e7me ara\u00e7lar\u0131 haz\u0131rlayacakt\u0131r. Proje, Tasar\u0131m Temelli Pedagoji Kitap\u00e7\u0131\u011f\u0131n\u0131n olu\u015fturulmas\u0131yla ba\u015flayacakt\u0131r. Kitap\u00e7\u0131k \u0130ngilizce haz\u0131rlanacak ve ard\u0131ndan \u0130talyanca, \u0130spanyolca, T\u00fcrk\u00e7e ve Hollandaca&#8217;ya \u00e7evrilecektir.<\/p>\n<p>\u00a0\u00a0\u00a0\u00a0\u00a0\u00a0\u00a0\u00a0\u00a0\u00a0\u00a0 Tasar\u0131m Temelli Pedagoji Kitap\u00e7\u0131\u011f\u0131n\u0131 olu\u015fturduktan sonra, proje ekibi proje etkinliklerini d\u00f6rt farkl\u0131 \u00fclkede uygulamaya ba\u015flayacakt\u0131r. Ortaklar, \u00f6\u011fretmen adaylar\u0131 taraf\u0131ndan olu\u015fturulan tasar\u0131m \u00fcr\u00fcnlerinin kalitesini ve \u00f6\u011fretmen adaylar\u0131 taraf\u0131ndan olu\u015fturulan \u00f6\u011frenme ortamlar\u0131n\u0131n kalitesini analiz edeceklerdir.<\/p>\n<p>\u00a0\u00a0\u00a0\u00a0\u00a0\u00a0\u00a0\u00a0\u00a0\u00a0\u00a0 Tasar\u0131m pedagojisini uygularken, farkl\u0131 \u00fclkelerdeki \u00f6\u011fretmen e\u011fitimi programlar\u0131, \u00f6\u011fretmen adaylar\u0131n\u0131n \u00f6\u011frenme ortam\u0131 olu\u015ftururken tasar\u0131m s\u00fcrecinde izledikleri ad\u0131mlar\u0131 ve \u00fcr\u00fcnlerini nas\u0131l tamamlayabileceklerini test edecektir. Proje ekibi, kitap\u00e7\u0131kta tasarlanan etkinlikleri de\u011ferlendirme ve \u00f6\u011fretmen e\u011fitimi programlar\u0131nda sunulan mevcut derslerde (\u00f6rne\u011fin AKTS&#8217;de de\u011fi\u015fiklik yapma gibi) olas\u0131 de\u011fi\u015fiklikler \u00f6nerme f\u0131rsat\u0131 bulacakt\u0131r.<\/p>\n<p>\u00a0\u00a0\u00a0\u00a0\u00a0\u00a0\u00a0\u00a0\u00a0\u00a0\u00a0 Projenin ikinci a\u015famas\u0131nda proje ekibi, tasar\u0131ma dayal\u0131 pedagojiyi \u00f6\u011frenmekle ilgilenen t\u00fcm e\u011fitimciler i\u00e7in \u00e7evrimi\u00e7i \u00f6\u011frenme materyalleri haz\u0131rlayacakt\u0131r. Bu s\u00fcre\u00e7te, eTwinning projeleri olu\u015fturulacakt\u0131r. Tasar\u0131m tabanl\u0131 pedagojinin uluslararas\u0131 kavramsalla\u015ft\u0131r\u0131lmas\u0131n\u0131 sa\u011flamak i\u00e7in, di\u011fer ortaklar eTwinning projeleri olu\u015fturarak \u00f6\u011fretmenlere ula\u015fmaya ba\u015flayacakt\u0131r. Her ortak, aday \u00f6\u011fretmenlik s\u00fcrecindeki \u00f6\u011fretmenlere (ortaokul veya lise) ula\u015facakt\u0131r. Proje ayn\u0131 zamanda \u00f6\u011fretmenlerin tasar\u0131m tabanl\u0131 pedagojiyi nas\u0131l \u00f6\u011frenip uygulayabileceklerini de ara\u015ft\u0131racakt\u0131r. T\u00fcm proje materyalleri ve etkinlikleri \u00f6\u011fretmenler ve \u00f6\u011fretmen e\u011fitimcileri i\u00e7in haz\u0131rlanacakt\u0131r.<\/p>\n<p>\u00a0\u00a0\u00a0\u00a0\u00a0\u00a0\u00a0\u00a0\u00a0\u00a0\u00a0 eTwinning projeleri ba\u015flang\u0131\u00e7ta ortak \u00fclkelerde ba\u015flayacak, ancak eTwinning projelerine kat\u0131lmak isteyen di\u011fer Avrupa \u00fclkelerinden \u00f6\u011fretmenler i\u00e7in herhangi bir k\u0131s\u0131tlama olmayacakt\u0131r.<\/p>\n<p>\n<\/div><div class=\"kc-elm kc-css-696396\" style=\"height: 20px; clear: both; width:100%;\"><\/div><div class=\"kc-elm kc-css-528259 kc_shortcode kc_single_image\">\n\n        <img decoding=\"async\" src=\"https:\/\/www.edigilit.eu\/p2dproject\/wp-content\/uploads\/2020\/11\/funded.jpg\" class=\"\" alt=\"\" \/>    <\/div>\n<\/div><\/div><\/div><\/div><\/section><section class=\"kc-elm kc-css-922510 kc_row\"><div class=\"kc-row-container  kc-container\"><div class=\"kc-wrap-columns\"><div class=\"kc-elm kc-css-769747 kc_col-sm-12 kc_column kc_col-sm-12\"><div class=\"kc-col-container\"><\/div><\/div><\/div><\/div><\/section><\/p>\n","protected":false},"excerpt":{"rendered":"","protected":false},"author":1,"featured_media":0,"parent":0,"menu_order":0,"comment_status":"closed","ping_status":"closed","template":"","meta":{"site-sidebar-layout":"default","site-content-layout":"default","ast-site-content-layout":"default","site-content-style":"default","site-sidebar-style":"default","ast-global-header-display":"","ast-banner-title-visibility":"","ast-main-header-display":"","ast-hfb-above-header-display":"","ast-hfb-below-header-display":"","ast-hfb-mobile-header-display":"","site-post-title":"","ast-breadcrumbs-content":"","ast-featured-img":"","footer-sml-layout":"","ast-disable-related-posts":"","theme-transparent-header-meta":"default","adv-header-id-meta":"","stick-header-meta":"","header-above-stick-meta":"","header-main-stick-meta":"","header-below-stick-meta":"","astra-migrate-meta-layouts":"default","ast-page-background-enabled":"default","ast-page-background-meta":{"desktop":{"background-color":"var(--ast-global-color-4)","background-image":"","background-repeat":"repeat","background-position":"center center","background-size":"auto","background-attachment":"scroll","background-type":"","background-media":"","overlay-type":"","overlay-color":"","overlay-opacity":"","overlay-gradient":""},"tablet":{"background-color":"","background-image":"","background-repeat":"repeat","background-position":"center center","background-size":"auto","background-attachment":"scroll","background-type":"","background-media":"","overlay-type":"","overlay-color":"","overlay-opacity":"","overlay-gradient":""},"mobile":{"background-color":"","background-image":"","background-repeat":"repeat","background-position":"center center","background-size":"auto","background-attachment":"scroll","background-type":"","background-media":"","overlay-type":"","overlay-color":"","overlay-opacity":"","overlay-gradient":""}},"ast-content-background-meta":{"desktop":{"background-color":"var(--ast-global-color-5)","background-image":"","background-repeat":"repeat","background-position":"center center","background-size":"auto","background-attachment":"scroll","background-type":"","background-media":"","overlay-type":"","overlay-color":"","overlay-opacity":"","overlay-gradient":""},"tablet":{"background-color":"var(--ast-global-color-5)","background-image":"","background-repeat":"repeat","background-position":"center center","background-size":"auto","background-attachment":"scroll","background-type":"","background-media":"","overlay-type":"","overlay-color":"","overlay-opacity":"","overlay-gradient":""},"mobile":{"background-color":"var(--ast-global-color-5)","background-image":"","background-repeat":"repeat","background-position":"center center","background-size":"auto","background-attachment":"scroll","background-type":"","background-media":"","overlay-type":"","overlay-color":"","overlay-opacity":"","overlay-gradient":""}},"footnotes":""},"class_list":["post-4029","page","type-page","status-publish","hentry"],"_links":{"self":[{"href":"https:\/\/www.edigilit.eu\/p2dproject\/index.php\/wp-json\/wp\/v2\/pages\/4029","targetHints":{"allow":["GET"]}}],"collection":[{"href":"https:\/\/www.edigilit.eu\/p2dproject\/index.php\/wp-json\/wp\/v2\/pages"}],"about":[{"href":"https:\/\/www.edigilit.eu\/p2dproject\/index.php\/wp-json\/wp\/v2\/types\/page"}],"author":[{"embeddable":true,"href":"https:\/\/www.edigilit.eu\/p2dproject\/index.php\/wp-json\/wp\/v2\/users\/1"}],"replies":[{"embeddable":true,"href":"https:\/\/www.edigilit.eu\/p2dproject\/index.php\/wp-json\/wp\/v2\/comments?post=4029"}],"version-history":[{"count":26,"href":"https:\/\/www.edigilit.eu\/p2dproject\/index.php\/wp-json\/wp\/v2\/pages\/4029\/revisions"}],"predecessor-version":[{"id":4553,"href":"https:\/\/www.edigilit.eu\/p2dproject\/index.php\/wp-json\/wp\/v2\/pages\/4029\/revisions\/4553"}],"wp:attachment":[{"href":"https:\/\/www.edigilit.eu\/p2dproject\/index.php\/wp-json\/wp\/v2\/media?parent=4029"}],"curies":[{"name":"wp","href":"https:\/\/api.w.org\/{rel}","templated":true}]}}