{"id":4134,"date":"2022-11-18T12:55:53","date_gmt":"2022-11-18T12:55:53","guid":{"rendered":"https:\/\/www.edigilit.eu\/p2dproject\/?page_id=4134"},"modified":"2023-01-10T11:24:45","modified_gmt":"2023-01-10T11:24:45","slug":"partners-it","status":"publish","type":"page","link":"https:\/\/www.edigilit.eu\/p2dproject\/index.php\/partners-it\/","title":{"rendered":"Partners"},"content":{"rendered":"\n<div class=\"wp-block-image\"><figure class=\"aligncenter\"><img decoding=\"async\" src=\"https:\/\/www.edigilit.eu\/p2dproject\/wp-content\/uploads\/2020\/11\/usak-e1605648375287.png\" alt=\"This image has an empty alt attribute; its file name is usak-e1605648375287.png\"\/><\/figure><\/div>\n\n\n\n<p class=\"has-text-align-center\" id=\"block-522bb288-45cd-4db0-8531-5d6ba010ed69\"><strong><strong>UNIVERSITA\u2019 DI U\u015eAK \u2013 TURCHIA<\/strong><\/strong><\/p>\n\n\n\n<figure class=\"wp-block-table aligncenter\"><table><tbody><tr><td>\u0130BRAH\u0130M DELEN<br>Ph.D., Assoc. Prof.<br>ibrahim.delen@usak.edu.tr<\/td><td>FATMA \u00d6Z\u00dcDO\u011eRU<br>Ph.D., Assoc. Prof.<br>fatma.ozudogru@usak.edu.tr<\/td><\/tr><\/tbody><\/table><\/figure>\n\n\n\n<div class=\"wp-block-image\"><figure class=\"aligncenter\"><img decoding=\"async\" src=\"https:\/\/www.edigilit.eu\/p2dproject\/wp-content\/uploads\/2020\/11\/deu-e1605649769505.png\" alt=\"This image has an empty alt attribute; its file name is deu-e1605649769505.png\"\/><\/figure><\/div>\n\n\n\n<p class=\"has-text-align-center\" id=\"block-57d4b9a4-8890-4516-98c7-6c83a7c3abdd\"><strong><strong>UNIVERSITA\u2019 DI DOKUZ EYLUL\u00a0 \u2013 TURCHIA<\/strong><\/strong><\/p>\n\n\n\n<figure class=\"wp-block-table aligncenter\"><table><tbody><tr><td>G\u00dcL \u00dcNAL \u00c7OBAN<br>Prof. Dr.<br>gul.unal@deu.edu.tr<\/td><td>ERCAN AKPINAR<br>Prof. Dr.<br>ercan.akpinar@deu.edu.tr<\/td><\/tr><tr><td>ELIF BU\u011eRA KUZU DEMIR<br>Ph.D., Assoc. Prof.<br>elif.demir@deu.edu.tr<\/td><td>ERKAN \u00d6ZCAN<br>Ph.D., Res. Assist.<br>erkan.ozcan@deu.edu.tr<\/td><\/tr><tr><td>YASEMIN KAHYAO\u011eLU ERDO\u011eMU\u015e<br>Ph.D., Res. Assist.<br>yasemin.kahyaoglu@deu.edu.tr<\/td><td>\ufeff<\/td><\/tr><tr><td>KADIR DEMIR<br>Ph.D., Res. Assist.<br>kadir.demir@deu.edu.tr<\/td><td>AY\u015eE B\u00dcBER<br>MsC, Res. Assist.<br>ayse.buber@deu.edu.t<\/td><\/tr><\/tbody><\/table><\/figure>\n\n\n\n<div class=\"wp-block-image\"><figure class=\"aligncenter\"><img decoding=\"async\" src=\"https:\/\/www.edigilit.eu\/p2dproject\/wp-content\/uploads\/2020\/11\/eindhoven-1-e1605650166338.png\" alt=\"This image has an empty alt attribute; its file name is eindhoven-1-e1605650166338.png\"\/><\/figure><\/div>\n\n\n\n<p class=\"has-text-align-center\" id=\"block-42ed3c5f-a0ff-436e-bac2-1cb92c186923\"><strong><strong>EINDHOVEN UNIVERSITY OF TECHNOLOGY \u2013 PAESI BASSI<\/strong><\/strong><\/p>\n\n\n\n<figure class=\"wp-block-table aligncenter\"><table><tbody><tr><td>DURDANE BAYRAM JACOBS<br>Ph.D., Assist. Prof.<br>d.bayram.jacobs@tue.nl<\/td><td>ELISE QUANT<br>Lecturer<br><a href=\"mailto:E.Quant@tue.nl\">E.Quant@tue.nl<\/a><\/td><\/tr><tr><td>RUURD TACONIS<br>Ph.D., Assoc. Prof.<br><a href=\"mailto:r.taconis@tue.nl\">r.taconis@tue.nl<\/a><\/td><td>\ufeff<\/td><\/tr><\/tbody><\/table><\/figure>\n\n\n\n<div class=\"wp-block-image\"><figure class=\"aligncenter\"><img decoding=\"async\" src=\"https:\/\/www.edigilit.eu\/p2dproject\/wp-content\/uploads\/2020\/11\/usc-1-e1605688066727.png\" alt=\"This image has an empty alt attribute; its file name is usc-1-e1605688066727.png\"\/><\/figure><\/div>\n\n\n\n<p class=\"has-text-align-center\" id=\"block-d2ee97b8-c12b-4d49-870a-6bc04b6c05b1\"><strong><strong>UNIVERSITA\u2019 Di SANTIAGO DE COMPOSTELA \u2013 SPAGNA<\/strong><\/strong><\/p>\n\n\n\n<figure class=\"wp-block-table aligncenter\"><table><tbody><tr><td>BLANCA PUIG MAURIZ<br>Prof. Dr.<br>lanca.puig@usc.es<\/td><td>PABLO BROCOS MOSQUERA<br>pablo.brocos@usc.es<\/td><\/tr><tr><td>MAR\u00cdA PILAR JIM\u00c9NEZ ALEIXANDRE<\/td><td>\ufeff<\/td><\/tr><\/tbody><\/table><\/figure>\n\n\n\n<div class=\"wp-block-image\"><figure class=\"aligncenter\"><img decoding=\"async\" src=\"https:\/\/www.edigilit.eu\/p2dproject\/wp-content\/uploads\/2020\/11\/padua-e1605688912903.png\" alt=\"This image has an empty alt attribute; its file name is padua-e1605688912903.png\"\/><\/figure><\/div>\n\n\n\n<p class=\"has-text-align-center\" id=\"block-072238cf-6eac-4a68-b96c-7491c6722602\"><strong><strong>UNIVERSITA\u2019 DEGLI STUDI DI PADOVA \u2013 ITALIA<\/strong><\/strong><\/p>\n\n\n\n<figure class=\"wp-block-table aligncenter\"><table><tbody><tr><td class=\"has-text-align-center\" data-align=\"center\">MICHELE BIASUTTI<br>Assoc. Prof. Dr.<br>michele.biasutti@unipd.it<\/td><td>SERGIO CANAZZA<br>Ph.D., Assoc. Prof.<br>sergio.canazzaq@dei.unipd.it<\/td><\/tr><tr><td class=\"has-text-align-center\" data-align=\"center\">CONCINA ELEONORA<br>Ph.D.<\/td><td>SARA FRATE<\/td><\/tr><\/tbody><\/table><\/figure>\n","protected":false},"excerpt":{"rendered":"<p>UNIVERSITA\u2019 DI U\u015eAK \u2013 TURCHIA \u0130BRAH\u0130M DELENPh.D., Assoc. Prof.ibrahim.delen@usak.edu.tr FATMA \u00d6Z\u00dcDO\u011eRUPh.D., Assoc. Prof.fatma.ozudogru@usak.edu.tr UNIVERSITA\u2019 DI DOKUZ EYLUL\u00a0 \u2013 TURCHIA G\u00dcL \u00dcNAL \u00c7OBANProf. Dr.gul.unal@deu.edu.tr ERCAN AKPINARProf. Dr.ercan.akpinar@deu.edu.tr ELIF BU\u011eRA KUZU DEMIRPh.D., Assoc. Prof.elif.demir@deu.edu.tr ERKAN \u00d6ZCANPh.D., Res. Assist.erkan.ozcan@deu.edu.tr YASEMIN KAHYAO\u011eLU ERDO\u011eMU\u015ePh.D., Res. Assist.yasemin.kahyaoglu@deu.edu.tr \ufeff KADIR DEMIRPh.D., Res. Assist.kadir.demir@deu.edu.tr AY\u015eE B\u00dcBERMsC, Res. Assist.ayse.buber@deu.edu.t EINDHOVEN UNIVERSITY OF TECHNOLOGY \u2013 [&hellip;]<\/p>\n","protected":false},"author":2,"featured_media":0,"parent":0,"menu_order":0,"comment_status":"closed","ping_status":"closed","template":"","meta":{"site-sidebar-layout":"default","site-content-layout":"default","ast-site-content-layout":"default","site-content-style":"default","site-sidebar-style":"default","ast-global-header-display":"","ast-banner-title-visibility":"","ast-main-header-display":"","ast-hfb-above-header-display":"","ast-hfb-below-header-display":"","ast-hfb-mobile-header-display":"","site-post-title":"","ast-breadcrumbs-content":"","ast-featured-img":"","footer-sml-layout":"","ast-disable-related-posts":"","theme-transparent-header-meta":"default","adv-header-id-meta":"","stick-header-meta":"","header-above-stick-meta":"","header-main-stick-meta":"","header-below-stick-meta":"","astra-migrate-meta-layouts":"default","ast-page-background-enabled":"default","ast-page-background-meta":{"desktop":{"background-color":"var(--ast-global-color-4)","background-image":"","background-repeat":"repeat","background-position":"center center","background-size":"auto","background-attachment":"scroll","background-type":"","background-media":"","overlay-type":"","overlay-color":"","overlay-opacity":"","overlay-gradient":""},"tablet":{"background-color":"","background-image":"","background-repeat":"repeat","background-position":"center center","background-size":"auto","background-attachment":"scroll","background-type":"","background-media":"","overlay-type":"","overlay-color":"","overlay-opacity":"","overlay-gradient":""},"mobile":{"background-color":"","background-image":"","background-repeat":"repeat","background-position":"center center","background-size":"auto","background-attachment":"scroll","background-type":"","background-media":"","overlay-type":"","overlay-color":"","overlay-opacity":"","overlay-gradient":""}},"ast-content-background-meta":{"desktop":{"background-color":"var(--ast-global-color-5)","background-image":"","background-repeat":"repeat","background-position":"center center","background-size":"auto","background-attachment":"scroll","background-type":"","background-media":"","overlay-type":"","overlay-color":"","overlay-opacity":"","overlay-gradient":""},"tablet":{"background-color":"var(--ast-global-color-5)","background-image":"","background-repeat":"repeat","background-position":"center center","background-size":"auto","background-attachment":"scroll","background-type":"","background-media":"","overlay-type":"","overlay-color":"","overlay-opacity":"","overlay-gradient":""},"mobile":{"background-color":"var(--ast-global-color-5)","background-image":"","background-repeat":"repeat","background-position":"center center","background-size":"auto","background-attachment":"scroll","background-type":"","background-media":"","overlay-type":"","overlay-color":"","overlay-opacity":"","overlay-gradient":""}},"footnotes":""},"class_list":["post-4134","page","type-page","status-publish","hentry"],"_links":{"self":[{"href":"https:\/\/www.edigilit.eu\/p2dproject\/index.php\/wp-json\/wp\/v2\/pages\/4134","targetHints":{"allow":["GET"]}}],"collection":[{"href":"https:\/\/www.edigilit.eu\/p2dproject\/index.php\/wp-json\/wp\/v2\/pages"}],"about":[{"href":"https:\/\/www.edigilit.eu\/p2dproject\/index.php\/wp-json\/wp\/v2\/types\/page"}],"author":[{"embeddable":true,"href":"https:\/\/www.edigilit.eu\/p2dproject\/index.php\/wp-json\/wp\/v2\/users\/2"}],"replies":[{"embeddable":true,"href":"https:\/\/www.edigilit.eu\/p2dproject\/index.php\/wp-json\/wp\/v2\/comments?post=4134"}],"version-history":[{"count":4,"href":"https:\/\/www.edigilit.eu\/p2dproject\/index.php\/wp-json\/wp\/v2\/pages\/4134\/revisions"}],"predecessor-version":[{"id":4321,"href":"https:\/\/www.edigilit.eu\/p2dproject\/index.php\/wp-json\/wp\/v2\/pages\/4134\/revisions\/4321"}],"wp:attachment":[{"href":"https:\/\/www.edigilit.eu\/p2dproject\/index.php\/wp-json\/wp\/v2\/media?parent=4134"}],"curies":[{"name":"wp","href":"https:\/\/api.w.org\/{rel}","templated":true}]}}