{"id":4142,"date":"2022-11-18T12:57:41","date_gmt":"2022-11-18T12:57:41","guid":{"rendered":"https:\/\/www.edigilit.eu\/p2dproject\/?page_id=4142"},"modified":"2023-07-11T10:20:36","modified_gmt":"2023-07-11T10:20:36","slug":"transnational-meetings-nl","status":"publish","type":"page","link":"https:\/\/www.edigilit.eu\/p2dproject\/index.php\/transnational-meetings-nl\/","title":{"rendered":"Transnational Meetings"},"content":{"rendered":"\n<p><strong>Laatste <strong>transnationale bijeenkomst<\/strong><\/strong><\/p>\n\n\n\n<p>De laatste transnationale bijeenkomst van #p2dproject afgerond met de presentaties van partners, op Dokuz Eyl\u00fcl \u00dcniversity, Izmir, T\u00fcrkiye op 20-21 maart 2023.<\/p>\n\n\n\n<p><\/p>\n\n\n\n<div class=\"wp-block-image\"><figure class=\"aligncenter size-large is-resized\"><img loading=\"lazy\" decoding=\"async\" src=\"https:\/\/www.edigilit.eu\/p2dproject\/wp-content\/uploads\/2023\/07\/337016671_743712440479214_1135244520062657553_n-1024x576.jpg\" alt=\"\" class=\"wp-image-4597\" width=\"377\" height=\"211\" srcset=\"https:\/\/www.edigilit.eu\/p2dproject\/wp-content\/uploads\/2023\/07\/337016671_743712440479214_1135244520062657553_n-1024x576.jpg 1024w, https:\/\/www.edigilit.eu\/p2dproject\/wp-content\/uploads\/2023\/07\/337016671_743712440479214_1135244520062657553_n-300x169.jpg 300w, https:\/\/www.edigilit.eu\/p2dproject\/wp-content\/uploads\/2023\/07\/337016671_743712440479214_1135244520062657553_n-768x432.jpg 768w, https:\/\/www.edigilit.eu\/p2dproject\/wp-content\/uploads\/2023\/07\/337016671_743712440479214_1135244520062657553_n.jpg 1080w\" sizes=\"auto, (max-width: 377px) 100vw, 377px\" \/><\/figure><\/div>\n\n\n\n<div class=\"wp-block-image\"><figure class=\"aligncenter size-large is-resized\"><img loading=\"lazy\" decoding=\"async\" src=\"https:\/\/www.edigilit.eu\/p2dproject\/wp-content\/uploads\/2023\/07\/336876211_761302555299929_7128145712681852889_n-1024x910.jpg\" alt=\"\" class=\"wp-image-4598\" width=\"376\" height=\"333\" srcset=\"https:\/\/www.edigilit.eu\/p2dproject\/wp-content\/uploads\/2023\/07\/336876211_761302555299929_7128145712681852889_n-1024x910.jpg 1024w, https:\/\/www.edigilit.eu\/p2dproject\/wp-content\/uploads\/2023\/07\/336876211_761302555299929_7128145712681852889_n-300x267.jpg 300w, https:\/\/www.edigilit.eu\/p2dproject\/wp-content\/uploads\/2023\/07\/336876211_761302555299929_7128145712681852889_n-768x683.jpg 768w, https:\/\/www.edigilit.eu\/p2dproject\/wp-content\/uploads\/2023\/07\/336876211_761302555299929_7128145712681852889_n.jpg 1080w\" sizes=\"auto, (max-width: 376px) 100vw, 376px\" \/><\/figure><\/div>\n\n\n\n<div class=\"wp-block-image\"><figure class=\"aligncenter size-large is-resized\"><img loading=\"lazy\" decoding=\"async\" src=\"https:\/\/www.edigilit.eu\/p2dproject\/wp-content\/uploads\/2023\/07\/336992993_762028078519944_3214297404772798928_n-1024x576.jpg\" alt=\"\" class=\"wp-image-4599\" width=\"381\" height=\"213\" srcset=\"https:\/\/www.edigilit.eu\/p2dproject\/wp-content\/uploads\/2023\/07\/336992993_762028078519944_3214297404772798928_n-1024x576.jpg 1024w, https:\/\/www.edigilit.eu\/p2dproject\/wp-content\/uploads\/2023\/07\/336992993_762028078519944_3214297404772798928_n-300x169.jpg 300w, https:\/\/www.edigilit.eu\/p2dproject\/wp-content\/uploads\/2023\/07\/336992993_762028078519944_3214297404772798928_n-768x432.jpg 768w, https:\/\/www.edigilit.eu\/p2dproject\/wp-content\/uploads\/2023\/07\/336992993_762028078519944_3214297404772798928_n.jpg 1080w\" sizes=\"auto, (max-width: 381px) 100vw, 381px\" \/><\/figure><\/div>\n\n\n\n<p><\/p>\n\n\n\n<p><strong>4e transnationale bijeenkomst<\/strong><\/p>\n\n\n\n<p>De 4e transnationale bijeenkomst van het P2D-project begon met een welkomstwoord en presentatie aan de Universiteit van Padua op 10 november 2022.<\/p>\n\n\n\n<div class=\"wp-block-group\"><div class=\"wp-block-group__inner-container is-layout-flow wp-block-group-is-layout-flow\">\n<div class=\"wp-block-group\"><div class=\"wp-block-group__inner-container is-layout-flow wp-block-group-is-layout-flow\">\n<div class=\"wp-block-group\"><div class=\"wp-block-group__inner-container is-layout-flow wp-block-group-is-layout-flow\">\n<div class=\"wp-block-image\"><figure class=\"aligncenter size-large is-resized\"><img loading=\"lazy\" decoding=\"async\" src=\"https:\/\/www.edigilit.eu\/p2dproject\/wp-content\/uploads\/2022\/11\/315111520_544504307685776_4031907991624174933_n-1024x1024.jpg\" alt=\"\" class=\"wp-image-4258\" width=\"398\" height=\"398\" srcset=\"https:\/\/www.edigilit.eu\/p2dproject\/wp-content\/uploads\/2022\/11\/315111520_544504307685776_4031907991624174933_n-1024x1024.jpg 1024w, https:\/\/www.edigilit.eu\/p2dproject\/wp-content\/uploads\/2022\/11\/315111520_544504307685776_4031907991624174933_n-300x300.jpg 300w, https:\/\/www.edigilit.eu\/p2dproject\/wp-content\/uploads\/2022\/11\/315111520_544504307685776_4031907991624174933_n-150x150.jpg 150w, https:\/\/www.edigilit.eu\/p2dproject\/wp-content\/uploads\/2022\/11\/315111520_544504307685776_4031907991624174933_n-768x768.jpg 768w, https:\/\/www.edigilit.eu\/p2dproject\/wp-content\/uploads\/2022\/11\/315111520_544504307685776_4031907991624174933_n.jpg 1080w\" sizes=\"auto, (max-width: 398px) 100vw, 398px\" \/><\/figure><\/div>\n<\/div><\/div>\n\n\n\n<div class=\"wp-block-image\"><figure class=\"aligncenter size-large is-resized\"><img loading=\"lazy\" decoding=\"async\" src=\"https:\/\/www.edigilit.eu\/p2dproject\/wp-content\/uploads\/2022\/11\/314957682_545376270931913_2828929743934895628_n-1024x1024.jpg\" alt=\"\" class=\"wp-image-4259\" width=\"396\" height=\"396\" srcset=\"https:\/\/www.edigilit.eu\/p2dproject\/wp-content\/uploads\/2022\/11\/314957682_545376270931913_2828929743934895628_n-1024x1024.jpg 1024w, https:\/\/www.edigilit.eu\/p2dproject\/wp-content\/uploads\/2022\/11\/314957682_545376270931913_2828929743934895628_n-300x300.jpg 300w, https:\/\/www.edigilit.eu\/p2dproject\/wp-content\/uploads\/2022\/11\/314957682_545376270931913_2828929743934895628_n-150x150.jpg 150w, https:\/\/www.edigilit.eu\/p2dproject\/wp-content\/uploads\/2022\/11\/314957682_545376270931913_2828929743934895628_n-768x768.jpg 768w, https:\/\/www.edigilit.eu\/p2dproject\/wp-content\/uploads\/2022\/11\/314957682_545376270931913_2828929743934895628_n.jpg 1080w\" sizes=\"auto, (max-width: 396px) 100vw, 396px\" \/><\/figure><\/div>\n\n\n\n<p><\/p>\n<\/div><\/div>\n\n\n\n<div class=\"wp-block-image\"><figure class=\"aligncenter size-large is-resized\"><img loading=\"lazy\" decoding=\"async\" src=\"https:\/\/www.edigilit.eu\/p2dproject\/wp-content\/uploads\/2022\/11\/313437918_544722254330648_1121744109354524856_n.jpg\" alt=\"\" class=\"wp-image-4260\" width=\"400\" height=\"400\" srcset=\"https:\/\/www.edigilit.eu\/p2dproject\/wp-content\/uploads\/2022\/11\/313437918_544722254330648_1121744109354524856_n.jpg 960w, https:\/\/www.edigilit.eu\/p2dproject\/wp-content\/uploads\/2022\/11\/313437918_544722254330648_1121744109354524856_n-300x300.jpg 300w, https:\/\/www.edigilit.eu\/p2dproject\/wp-content\/uploads\/2022\/11\/313437918_544722254330648_1121744109354524856_n-150x150.jpg 150w, https:\/\/www.edigilit.eu\/p2dproject\/wp-content\/uploads\/2022\/11\/313437918_544722254330648_1121744109354524856_n-768x768.jpg 768w\" sizes=\"auto, (max-width: 400px) 100vw, 400px\" \/><\/figure><\/div>\n<\/div><\/div>\n\n\n\n<p><strong>13.06.2022<\/strong><\/p>\n\n\n\n<p>De eerste face-to-face bijeenkomst diende als de derde transnationale bijeenkomst van P2D Project en werd gehouden op 13-14 juni 2022 aan de Technische Universiteit Eindhoven (TU\/e) met de deelname van 14 onderzoekers uit Nederland, Spanje, Itali\u00eb en Turkije.<\/p>\n\n\n\n<p>The first face to face meeting of P2D Project was held on 13th-14th June 2022 at Eindhoven University of Technology (TU\/e) with the participation of 14 researchers from Netherlands, Spain, Italy and Turkey.<\/p>\n\n\n\n<div class=\"wp-block-image\"><figure class=\"aligncenter size-large is-resized\"><img loading=\"lazy\" decoding=\"async\" src=\"https:\/\/www.edigilit.eu\/p2dproject\/wp-content\/uploads\/2022\/11\/287555484_472156898048636_6380653526875798795_n.png\" alt=\"\" class=\"wp-image-4251\" width=\"472\" height=\"354\" srcset=\"https:\/\/www.edigilit.eu\/p2dproject\/wp-content\/uploads\/2022\/11\/287555484_472156898048636_6380653526875798795_n.png 719w, https:\/\/www.edigilit.eu\/p2dproject\/wp-content\/uploads\/2022\/11\/287555484_472156898048636_6380653526875798795_n-300x225.png 300w\" sizes=\"auto, (max-width: 472px) 100vw, 472px\" \/><\/figure><\/div>\n\n\n\n<div class=\"wp-block-image\"><figure class=\"aligncenter size-large is-resized\"><img loading=\"lazy\" decoding=\"async\" src=\"https:\/\/www.edigilit.eu\/p2dproject\/wp-content\/uploads\/2022\/11\/287293691_472156888048637_6908484966608788068_n.png\" alt=\"\" class=\"wp-image-4252\" width=\"470\" height=\"352\" srcset=\"https:\/\/www.edigilit.eu\/p2dproject\/wp-content\/uploads\/2022\/11\/287293691_472156888048637_6908484966608788068_n.png 720w, https:\/\/www.edigilit.eu\/p2dproject\/wp-content\/uploads\/2022\/11\/287293691_472156888048637_6908484966608788068_n-300x225.png 300w\" sizes=\"auto, (max-width: 470px) 100vw, 470px\" \/><\/figure><\/div>\n\n\n\n<p><strong>17.09.2021<\/strong><\/p>\n\n\n\n<p>De tweede transnationale bijeenkomst van het P2D-project begon en ging verder met het voorbereiden van hulpmiddelen voor gegevensverzameling die ontwerp, interdisciplinair denken en CT onderzoeken. De bijeenkomst werd afgesloten met de bespreking van het implementatieplan in vier verschillende landen. 14 onderzoekers uit Nederland, Itali\u00eb, Spanje en Turkije namen deel aan de tweede dag van de bijeenkomst<\/p>\n\n\n\n<div class=\"wp-block-image\"><figure class=\"aligncenter is-resized\"><img loading=\"lazy\" decoding=\"async\" src=\"https:\/\/www.edigilit.eu\/p2dproject\/wp-content\/uploads\/2022\/11\/242222073_301473608450300_1162838956919225325_n.jpg\" alt=\"This image has an empty alt attribute; its file name is 242222073_301473608450300_1162838956919225325_n.jpg\" width=\"500\" height=\"282\"\/><\/figure><\/div>\n\n\n\n<h5 class=\"wp-block-heading\">Kick-off Meeting<\/h5>\n\n\n\n<p>P2D Kick-off meeting begon met de openingsceremonie en presentaties van U\u015fak University, Dokuz Eylul University, Technische Universiteit Eindhoven, Universidad De Santiago De Compostela, Universita Degli Studi Da Padove op 13 november 2020.<\/p>\n\n\n\n<div class=\"wp-block-group is-layout-flow wp-block-group-is-layout-flow\"><div class=\"wp-block-group__inner-container\"><\/div><\/div>\n\n\n\n<div class=\"wp-block-image\"><figure class=\"aligncenter is-resized\"><img loading=\"lazy\" decoding=\"async\" src=\"https:\/\/www.edigilit.eu\/p2dproject\/wp-content\/uploads\/2020\/11\/Ekran-Alintisi3.png\" alt=\"\" width=\"492\" height=\"229\"\/><\/figure><\/div>\n","protected":false},"excerpt":{"rendered":"<p>Laatste transnationale bijeenkomst De laatste transnationale bijeenkomst van #p2dproject afgerond met de presentaties van partners, op Dokuz Eyl\u00fcl \u00dcniversity, Izmir, T\u00fcrkiye op 20-21 maart 2023. 4e transnationale bijeenkomst De 4e transnationale bijeenkomst van het P2D-project begon met een welkomstwoord en presentatie aan de Universiteit van Padua op 10 november 2022. 13.06.2022 De eerste face-to-face bijeenkomst [&hellip;]<\/p>\n","protected":false},"author":2,"featured_media":0,"parent":0,"menu_order":0,"comment_status":"closed","ping_status":"closed","template":"","meta":{"site-sidebar-layout":"default","site-content-layout":"","ast-site-content-layout":"default","site-content-style":"default","site-sidebar-style":"default","ast-global-header-display":"","ast-banner-title-visibility":"","ast-main-header-display":"","ast-hfb-above-header-display":"","ast-hfb-below-header-display":"","ast-hfb-mobile-header-display":"","site-post-title":"","ast-breadcrumbs-content":"","ast-featured-img":"","footer-sml-layout":"","ast-disable-related-posts":"","theme-transparent-header-meta":"","adv-header-id-meta":"","stick-header-meta":"","header-above-stick-meta":"","header-main-stick-meta":"","header-below-stick-meta":"","astra-migrate-meta-layouts":"default","ast-page-background-enabled":"default","ast-page-background-meta":{"desktop":{"background-color":"var(--ast-global-color-4)","background-image":"","background-repeat":"repeat","background-position":"center center","background-size":"auto","background-attachment":"scroll","background-type":"","background-media":"","overlay-type":"","overlay-color":"","overlay-opacity":"","overlay-gradient":""},"tablet":{"background-color":"","background-image":"","background-repeat":"repeat","background-position":"center center","background-size":"auto","background-attachment":"scroll","background-type":"","background-media":"","overlay-type":"","overlay-color":"","overlay-opacity":"","overlay-gradient":""},"mobile":{"background-color":"","background-image":"","background-repeat":"repeat","background-position":"center center","background-size":"auto","background-attachment":"scroll","background-type":"","background-media":"","overlay-type":"","overlay-color":"","overlay-opacity":"","overlay-gradient":""}},"ast-content-background-meta":{"desktop":{"background-color":"var(--ast-global-color-5)","background-image":"","background-repeat":"repeat","background-position":"center center","background-size":"auto","background-attachment":"scroll","background-type":"","background-media":"","overlay-type":"","overlay-color":"","overlay-opacity":"","overlay-gradient":""},"tablet":{"background-color":"var(--ast-global-color-5)","background-image":"","background-repeat":"repeat","background-position":"center center","background-size":"auto","background-attachment":"scroll","background-type":"","background-media":"","overlay-type":"","overlay-color":"","overlay-opacity":"","overlay-gradient":""},"mobile":{"background-color":"var(--ast-global-color-5)","background-image":"","background-repeat":"repeat","background-position":"center center","background-size":"auto","background-attachment":"scroll","background-type":"","background-media":"","overlay-type":"","overlay-color":"","overlay-opacity":"","overlay-gradient":""}},"footnotes":""},"class_list":["post-4142","page","type-page","status-publish","hentry"],"_links":{"self":[{"href":"https:\/\/www.edigilit.eu\/p2dproject\/index.php\/wp-json\/wp\/v2\/pages\/4142","targetHints":{"allow":["GET"]}}],"collection":[{"href":"https:\/\/www.edigilit.eu\/p2dproject\/index.php\/wp-json\/wp\/v2\/pages"}],"about":[{"href":"https:\/\/www.edigilit.eu\/p2dproject\/index.php\/wp-json\/wp\/v2\/types\/page"}],"author":[{"embeddable":true,"href":"https:\/\/www.edigilit.eu\/p2dproject\/index.php\/wp-json\/wp\/v2\/users\/2"}],"replies":[{"embeddable":true,"href":"https:\/\/www.edigilit.eu\/p2dproject\/index.php\/wp-json\/wp\/v2\/comments?post=4142"}],"version-history":[{"count":14,"href":"https:\/\/www.edigilit.eu\/p2dproject\/index.php\/wp-json\/wp\/v2\/pages\/4142\/revisions"}],"predecessor-version":[{"id":4604,"href":"https:\/\/www.edigilit.eu\/p2dproject\/index.php\/wp-json\/wp\/v2\/pages\/4142\/revisions\/4604"}],"wp:attachment":[{"href":"https:\/\/www.edigilit.eu\/p2dproject\/index.php\/wp-json\/wp\/v2\/media?parent=4142"}],"curies":[{"name":"wp","href":"https:\/\/api.w.org\/{rel}","templated":true}]}}