{"id":4144,"date":"2022-11-18T12:57:54","date_gmt":"2022-11-18T12:57:54","guid":{"rendered":"https:\/\/www.edigilit.eu\/p2dproject\/?page_id=4144"},"modified":"2023-07-11T10:21:15","modified_gmt":"2023-07-11T10:21:15","slug":"transnational-meetings-es","status":"publish","type":"page","link":"https:\/\/www.edigilit.eu\/p2dproject\/index.php\/transnational-meetings-es\/","title":{"rendered":"Reuniones transnacionales"},"content":{"rendered":"\n<p><strong>Reuni\u00f3n final<\/strong><\/p>\n\n\n\n<p>Reuni\u00f3n transnacional final de #p2dproject completada con las presentaciones de los socios, en Dokuz Eyl\u00fcl \u00dcniversity, Izmir, T\u00fcrkiye, del 20 al 21 de marzo de 2023.<\/p>\n\n\n\n<p><\/p>\n\n\n\n<div class=\"wp-block-image\"><figure class=\"aligncenter size-large is-resized\"><img loading=\"lazy\" decoding=\"async\" src=\"https:\/\/www.edigilit.eu\/p2dproject\/wp-content\/uploads\/2023\/07\/337016671_743712440479214_1135244520062657553_n-1024x576.jpg\" alt=\"\" class=\"wp-image-4597\" width=\"377\" height=\"211\" srcset=\"https:\/\/www.edigilit.eu\/p2dproject\/wp-content\/uploads\/2023\/07\/337016671_743712440479214_1135244520062657553_n-1024x576.jpg 1024w, https:\/\/www.edigilit.eu\/p2dproject\/wp-content\/uploads\/2023\/07\/337016671_743712440479214_1135244520062657553_n-300x169.jpg 300w, https:\/\/www.edigilit.eu\/p2dproject\/wp-content\/uploads\/2023\/07\/337016671_743712440479214_1135244520062657553_n-768x432.jpg 768w, https:\/\/www.edigilit.eu\/p2dproject\/wp-content\/uploads\/2023\/07\/337016671_743712440479214_1135244520062657553_n.jpg 1080w\" sizes=\"auto, (max-width: 377px) 100vw, 377px\" \/><\/figure><\/div>\n\n\n\n<div class=\"wp-block-image\"><figure class=\"aligncenter size-large is-resized\"><img loading=\"lazy\" decoding=\"async\" src=\"https:\/\/www.edigilit.eu\/p2dproject\/wp-content\/uploads\/2023\/07\/336876211_761302555299929_7128145712681852889_n-1024x910.jpg\" alt=\"\" class=\"wp-image-4598\" width=\"376\" height=\"333\" srcset=\"https:\/\/www.edigilit.eu\/p2dproject\/wp-content\/uploads\/2023\/07\/336876211_761302555299929_7128145712681852889_n-1024x910.jpg 1024w, https:\/\/www.edigilit.eu\/p2dproject\/wp-content\/uploads\/2023\/07\/336876211_761302555299929_7128145712681852889_n-300x267.jpg 300w, https:\/\/www.edigilit.eu\/p2dproject\/wp-content\/uploads\/2023\/07\/336876211_761302555299929_7128145712681852889_n-768x683.jpg 768w, https:\/\/www.edigilit.eu\/p2dproject\/wp-content\/uploads\/2023\/07\/336876211_761302555299929_7128145712681852889_n.jpg 1080w\" sizes=\"auto, (max-width: 376px) 100vw, 376px\" \/><\/figure><\/div>\n\n\n\n<div class=\"wp-block-image\"><figure class=\"aligncenter size-large is-resized\"><img loading=\"lazy\" decoding=\"async\" src=\"https:\/\/www.edigilit.eu\/p2dproject\/wp-content\/uploads\/2023\/07\/336992993_762028078519944_3214297404772798928_n-1024x576.jpg\" alt=\"\" class=\"wp-image-4599\" width=\"381\" height=\"213\" srcset=\"https:\/\/www.edigilit.eu\/p2dproject\/wp-content\/uploads\/2023\/07\/336992993_762028078519944_3214297404772798928_n-1024x576.jpg 1024w, https:\/\/www.edigilit.eu\/p2dproject\/wp-content\/uploads\/2023\/07\/336992993_762028078519944_3214297404772798928_n-300x169.jpg 300w, https:\/\/www.edigilit.eu\/p2dproject\/wp-content\/uploads\/2023\/07\/336992993_762028078519944_3214297404772798928_n-768x432.jpg 768w, https:\/\/www.edigilit.eu\/p2dproject\/wp-content\/uploads\/2023\/07\/336992993_762028078519944_3214297404772798928_n.jpg 1080w\" sizes=\"auto, (max-width: 381px) 100vw, 381px\" \/><\/figure><\/div>\n\n\n\n<p><\/p>\n\n\n\n<p><strong>IV Encuentro Transnacional<\/strong><\/p>\n\n\n\n<p>La 4\u00aa Reuni\u00f3n Transnacional del Proyecto P2D comenz\u00f3 con un discurso de bienvenida y una presentaci\u00f3n en la Universidad de Padua el 10 de noviembre de 2022.<\/p>\n\n\n\n<div class=\"wp-block-group\"><div class=\"wp-block-group__inner-container is-layout-flow wp-block-group-is-layout-flow\">\n<div class=\"wp-block-group\"><div class=\"wp-block-group__inner-container is-layout-flow wp-block-group-is-layout-flow\">\n<div class=\"wp-block-group\"><div class=\"wp-block-group__inner-container is-layout-flow wp-block-group-is-layout-flow\">\n<div class=\"wp-block-image\"><figure class=\"aligncenter size-large is-resized\"><img loading=\"lazy\" decoding=\"async\" src=\"https:\/\/www.edigilit.eu\/p2dproject\/wp-content\/uploads\/2022\/11\/315111520_544504307685776_4031907991624174933_n-1024x1024.jpg\" alt=\"\" class=\"wp-image-4258\" width=\"398\" height=\"398\" srcset=\"https:\/\/www.edigilit.eu\/p2dproject\/wp-content\/uploads\/2022\/11\/315111520_544504307685776_4031907991624174933_n-1024x1024.jpg 1024w, https:\/\/www.edigilit.eu\/p2dproject\/wp-content\/uploads\/2022\/11\/315111520_544504307685776_4031907991624174933_n-300x300.jpg 300w, https:\/\/www.edigilit.eu\/p2dproject\/wp-content\/uploads\/2022\/11\/315111520_544504307685776_4031907991624174933_n-150x150.jpg 150w, https:\/\/www.edigilit.eu\/p2dproject\/wp-content\/uploads\/2022\/11\/315111520_544504307685776_4031907991624174933_n-768x768.jpg 768w, https:\/\/www.edigilit.eu\/p2dproject\/wp-content\/uploads\/2022\/11\/315111520_544504307685776_4031907991624174933_n.jpg 1080w\" sizes=\"auto, (max-width: 398px) 100vw, 398px\" \/><\/figure><\/div>\n<\/div><\/div>\n\n\n\n<div class=\"wp-block-image\"><figure class=\"aligncenter size-large is-resized\"><img loading=\"lazy\" decoding=\"async\" src=\"https:\/\/www.edigilit.eu\/p2dproject\/wp-content\/uploads\/2022\/11\/314957682_545376270931913_2828929743934895628_n-1024x1024.jpg\" alt=\"\" class=\"wp-image-4259\" width=\"396\" height=\"396\" srcset=\"https:\/\/www.edigilit.eu\/p2dproject\/wp-content\/uploads\/2022\/11\/314957682_545376270931913_2828929743934895628_n-1024x1024.jpg 1024w, https:\/\/www.edigilit.eu\/p2dproject\/wp-content\/uploads\/2022\/11\/314957682_545376270931913_2828929743934895628_n-300x300.jpg 300w, https:\/\/www.edigilit.eu\/p2dproject\/wp-content\/uploads\/2022\/11\/314957682_545376270931913_2828929743934895628_n-150x150.jpg 150w, https:\/\/www.edigilit.eu\/p2dproject\/wp-content\/uploads\/2022\/11\/314957682_545376270931913_2828929743934895628_n-768x768.jpg 768w, https:\/\/www.edigilit.eu\/p2dproject\/wp-content\/uploads\/2022\/11\/314957682_545376270931913_2828929743934895628_n.jpg 1080w\" sizes=\"auto, (max-width: 396px) 100vw, 396px\" \/><\/figure><\/div>\n\n\n\n<p><\/p>\n<\/div><\/div>\n\n\n\n<div class=\"wp-block-image\"><figure class=\"aligncenter size-large is-resized\"><img loading=\"lazy\" decoding=\"async\" src=\"https:\/\/www.edigilit.eu\/p2dproject\/wp-content\/uploads\/2022\/11\/313437918_544722254330648_1121744109354524856_n.jpg\" alt=\"\" class=\"wp-image-4260\" width=\"400\" height=\"400\" srcset=\"https:\/\/www.edigilit.eu\/p2dproject\/wp-content\/uploads\/2022\/11\/313437918_544722254330648_1121744109354524856_n.jpg 960w, https:\/\/www.edigilit.eu\/p2dproject\/wp-content\/uploads\/2022\/11\/313437918_544722254330648_1121744109354524856_n-300x300.jpg 300w, https:\/\/www.edigilit.eu\/p2dproject\/wp-content\/uploads\/2022\/11\/313437918_544722254330648_1121744109354524856_n-150x150.jpg 150w, https:\/\/www.edigilit.eu\/p2dproject\/wp-content\/uploads\/2022\/11\/313437918_544722254330648_1121744109354524856_n-768x768.jpg 768w\" sizes=\"auto, (max-width: 400px) 100vw, 400px\" \/><\/figure><\/div>\n<\/div><\/div>\n\n\n\n<p><strong>13.06.2022<\/strong><\/p>\n\n\n\n<p>La primera reuni\u00f3n presencial sirvi\u00f3 como la tercera reuni\u00f3n transnacional del Proyecto P2D y se llev\u00f3 a cabo del 13 al 14 de junio de 2022 en la Universidad Tecnol\u00f3gica de Eindhoven (TU\/e) con la participaci\u00f3n de 14 investigadores de los Pa\u00edses Bajos, Espa\u00f1a, Italia y Turqu\u00eda.<\/p>\n\n\n\n<div class=\"wp-block-image\"><figure class=\"aligncenter size-large is-resized\"><img loading=\"lazy\" decoding=\"async\" src=\"https:\/\/www.edigilit.eu\/p2dproject\/wp-content\/uploads\/2022\/11\/287555484_472156898048636_6380653526875798795_n.png\" alt=\"\" class=\"wp-image-4251\" width=\"472\" height=\"354\" srcset=\"https:\/\/www.edigilit.eu\/p2dproject\/wp-content\/uploads\/2022\/11\/287555484_472156898048636_6380653526875798795_n.png 719w, https:\/\/www.edigilit.eu\/p2dproject\/wp-content\/uploads\/2022\/11\/287555484_472156898048636_6380653526875798795_n-300x225.png 300w\" sizes=\"auto, (max-width: 472px) 100vw, 472px\" \/><\/figure><\/div>\n\n\n\n<div class=\"wp-block-image\"><figure class=\"aligncenter size-large is-resized\"><img loading=\"lazy\" decoding=\"async\" src=\"https:\/\/www.edigilit.eu\/p2dproject\/wp-content\/uploads\/2022\/11\/287293691_472156888048637_6908484966608788068_n.png\" alt=\"\" class=\"wp-image-4252\" width=\"470\" height=\"352\" srcset=\"https:\/\/www.edigilit.eu\/p2dproject\/wp-content\/uploads\/2022\/11\/287293691_472156888048637_6908484966608788068_n.png 720w, https:\/\/www.edigilit.eu\/p2dproject\/wp-content\/uploads\/2022\/11\/287293691_472156888048637_6908484966608788068_n-300x225.png 300w\" sizes=\"auto, (max-width: 470px) 100vw, 470px\" \/><\/figure><\/div>\n\n\n\n<p><strong>17.09.2021<\/strong><\/p>\n\n\n\n<p>La segunda reuni\u00f3n transnacional del proyecto P2D comenz\u00f3 y continu\u00f3 con la preparaci\u00f3n de herramientas de recopilaci\u00f3n de datos que investigan el dise\u00f1o, el pensamiento interdisciplinario y CT. La reuni\u00f3n concluy\u00f3 discutiendo el plan de implementaci\u00f3n en cuatro pa\u00edses diferentes. 14 investigadores de Holanda, Italia, Espa\u00f1a y Turqu\u00eda participaron en el segundo d\u00eda del encuentro<\/p>\n\n\n\n<div class=\"wp-block-image\"><figure class=\"aligncenter size-large is-resized\"><img loading=\"lazy\" decoding=\"async\" src=\"https:\/\/www.edigilit.eu\/p2dproject\/wp-content\/uploads\/2022\/11\/242222073_301473608450300_1162838956919225325_n.jpg\" alt=\"\" class=\"wp-image-4244\" width=\"491\" height=\"277\" srcset=\"https:\/\/www.edigilit.eu\/p2dproject\/wp-content\/uploads\/2022\/11\/242222073_301473608450300_1162838956919225325_n.jpg 960w, https:\/\/www.edigilit.eu\/p2dproject\/wp-content\/uploads\/2022\/11\/242222073_301473608450300_1162838956919225325_n-300x169.jpg 300w, https:\/\/www.edigilit.eu\/p2dproject\/wp-content\/uploads\/2022\/11\/242222073_301473608450300_1162838956919225325_n-768x434.jpg 768w\" sizes=\"auto, (max-width: 491px) 100vw, 491px\" \/><\/figure><\/div>\n\n\n\n<p><strong>Reuni\u00f3n de inicio del proyecto<\/strong><\/p>\n\n\n\n<p>La reuni\u00f3n de inicio del proyecto P2D comenz\u00f3 con la ceremonia de apertura y las presentaciones de U\u015fak University, Dokuz Eylul University, Technische Universiteit Eindhoven, Universidad De Santiago De Compostela, Universita Degli Studi Da Padove el 13 de noviembre de 2020.<\/p>\n\n\n\n<figure class=\"wp-block-gallery aligncenter columns-3 is-cropped wp-block-gallery-1 is-layout-flex wp-block-gallery-is-layout-flex\"><ul class=\"blocks-gallery-grid\"><li class=\"blocks-gallery-item\"><figure><img decoding=\"async\" src=\"https:\/\/www.edigilit.eu\/p2dproject\/wp-content\/uploads\/2020\/11\/paylasim-3.png\" alt=\"\" data-id=\"\"\/><\/figure><\/li><li class=\"blocks-gallery-item\"><figure><img decoding=\"async\" src=\"https:\/\/www.edigilit.eu\/p2dproject\/wp-content\/uploads\/2020\/11\/paylasim-1.png\" alt=\"\" data-id=\"\"\/><\/figure><\/li><li class=\"blocks-gallery-item\"><figure><img decoding=\"async\" src=\"https:\/\/www.edigilit.eu\/p2dproject\/wp-content\/uploads\/2020\/11\/paylasim-2.png\" alt=\"\" data-id=\"\"\/><\/figure><\/li><li class=\"blocks-gallery-item\"><figure><img decoding=\"async\" src=\"https:\/\/www.edigilit.eu\/p2dproject\/wp-content\/uploads\/2020\/11\/Ekran-Alintisi3.png\" alt=\"\" data-id=\"\"\/><\/figure><\/li><\/ul><\/figure>\n\n\n\n<p><\/p>\n","protected":false},"excerpt":{"rendered":"<p>Reuni\u00f3n final Reuni\u00f3n transnacional final de #p2dproject completada con las presentaciones de los socios, en Dokuz Eyl\u00fcl \u00dcniversity, Izmir, T\u00fcrkiye, del 20 al 21 de marzo de 2023. IV Encuentro Transnacional La 4\u00aa Reuni\u00f3n Transnacional del Proyecto P2D comenz\u00f3 con un discurso de bienvenida y una presentaci\u00f3n en la Universidad de Padua el 10 de [&hellip;]<\/p>\n","protected":false},"author":2,"featured_media":0,"parent":0,"menu_order":0,"comment_status":"closed","ping_status":"closed","template":"","meta":{"site-sidebar-layout":"default","site-content-layout":"","ast-site-content-layout":"default","site-content-style":"default","site-sidebar-style":"default","ast-global-header-display":"","ast-banner-title-visibility":"","ast-main-header-display":"","ast-hfb-above-header-display":"","ast-hfb-below-header-display":"","ast-hfb-mobile-header-display":"","site-post-title":"","ast-breadcrumbs-content":"","ast-featured-img":"","footer-sml-layout":"","ast-disable-related-posts":"","theme-transparent-header-meta":"","adv-header-id-meta":"","stick-header-meta":"","header-above-stick-meta":"","header-main-stick-meta":"","header-below-stick-meta":"","astra-migrate-meta-layouts":"default","ast-page-background-enabled":"default","ast-page-background-meta":{"desktop":{"background-color":"var(--ast-global-color-4)","background-image":"","background-repeat":"repeat","background-position":"center center","background-size":"auto","background-attachment":"scroll","background-type":"","background-media":"","overlay-type":"","overlay-color":"","overlay-opacity":"","overlay-gradient":""},"tablet":{"background-color":"","background-image":"","background-repeat":"repeat","background-position":"center center","background-size":"auto","background-attachment":"scroll","background-type":"","background-media":"","overlay-type":"","overlay-color":"","overlay-opacity":"","overlay-gradient":""},"mobile":{"background-color":"","background-image":"","background-repeat":"repeat","background-position":"center center","background-size":"auto","background-attachment":"scroll","background-type":"","background-media":"","overlay-type":"","overlay-color":"","overlay-opacity":"","overlay-gradient":""}},"ast-content-background-meta":{"desktop":{"background-color":"var(--ast-global-color-5)","background-image":"","background-repeat":"repeat","background-position":"center center","background-size":"auto","background-attachment":"scroll","background-type":"","background-media":"","overlay-type":"","overlay-color":"","overlay-opacity":"","overlay-gradient":""},"tablet":{"background-color":"var(--ast-global-color-5)","background-image":"","background-repeat":"repeat","background-position":"center center","background-size":"auto","background-attachment":"scroll","background-type":"","background-media":"","overlay-type":"","overlay-color":"","overlay-opacity":"","overlay-gradient":""},"mobile":{"background-color":"var(--ast-global-color-5)","background-image":"","background-repeat":"repeat","background-position":"center center","background-size":"auto","background-attachment":"scroll","background-type":"","background-media":"","overlay-type":"","overlay-color":"","overlay-opacity":"","overlay-gradient":""}},"footnotes":""},"class_list":["post-4144","page","type-page","status-publish","hentry"],"_links":{"self":[{"href":"https:\/\/www.edigilit.eu\/p2dproject\/index.php\/wp-json\/wp\/v2\/pages\/4144","targetHints":{"allow":["GET"]}}],"collection":[{"href":"https:\/\/www.edigilit.eu\/p2dproject\/index.php\/wp-json\/wp\/v2\/pages"}],"about":[{"href":"https:\/\/www.edigilit.eu\/p2dproject\/index.php\/wp-json\/wp\/v2\/types\/page"}],"author":[{"embeddable":true,"href":"https:\/\/www.edigilit.eu\/p2dproject\/index.php\/wp-json\/wp\/v2\/users\/2"}],"replies":[{"embeddable":true,"href":"https:\/\/www.edigilit.eu\/p2dproject\/index.php\/wp-json\/wp\/v2\/comments?post=4144"}],"version-history":[{"count":3,"href":"https:\/\/www.edigilit.eu\/p2dproject\/index.php\/wp-json\/wp\/v2\/pages\/4144\/revisions"}],"predecessor-version":[{"id":4607,"href":"https:\/\/www.edigilit.eu\/p2dproject\/index.php\/wp-json\/wp\/v2\/pages\/4144\/revisions\/4607"}],"wp:attachment":[{"href":"https:\/\/www.edigilit.eu\/p2dproject\/index.php\/wp-json\/wp\/v2\/media?parent=4144"}],"curies":[{"name":"wp","href":"https:\/\/api.w.org\/{rel}","templated":true}]}}